{"id":46506,"date":"2023-12-06T06:23:31","date_gmt":"2023-12-06T12:23:31","guid":{"rendered":"https:\/\/cardenna.com\/?post_type=product&#038;p=46506"},"modified":"2025-09-25T13:31:17","modified_gmt":"2025-09-25T19:31:17","slug":"arbol-de-la-vida","status":"publish","type":"product","link":"https:\/\/cardenna.com\/?product=arbol-de-la-vida","title":{"rendered":"\u00c1rbol de la vida"},"content":{"rendered":"<p>Elaborado con barro natural quemado y esmaltado en negro contiene los 4 elementos t\u00edpicos de la tradici\u00f3n mexicana; Ad\u00e1n, Eva, la Serpiente y la Manzana.<\/p>\n<p>Todos los productos elaborados por nuestros artesanos son libres de plomo hechos a mano raz\u00f3n por la cual se pueden encontrar peque\u00f1as variaciones con las im\u00e1genes que se muestran en cuanto a dise\u00f1o<\/p>\n<p>Para m\u00e1s informaci\u00f3n cons\u00faltanos a trav\u00e9s de nuestro email: <a href=\"mailto:contacto@cardenna.com\">contacto@cardenna.com<\/a><\/p>\n","protected":false},"excerpt":{"rendered":"<p>Elaborado con barro natural quemado y esmaltado en negro contiene [&hellip;]<\/p>\n","protected":false},"featured_media":46551,"comment_status":"closed","ping_status":"closed","template":"","meta":[],"product_brand":[],"product_cat":[160],"product_tag":[171],"class_list":{"0":"post-46506","1":"product","2":"type-product","3":"status-publish","4":"has-post-thumbnail","6":"product_cat-barro","7":"product_tag-michoacan","9":"first","10":"outofstock","11":"sold-individually","12":"shipping-taxable","13":"purchasable","14":"product-type-simple"},"yoast_head":"<!-- This site is optimized with the Yoast SEO plugin v26.0 - https:\/\/yoast.com\/wordpress\/plugins\/seo\/ -->\n<title>\u00c1rbol de la vida - Cardenna<\/title>\n<meta name=\"robots\" content=\"index, follow, max-snippet:-1, max-image-preview:large, max-video-preview:-1\" \/>\n<link rel=\"canonical\" href=\"https:\/\/cardenna.com\/?product=arbol-de-la-vida\" \/>\n<meta property=\"og:locale\" content=\"es_MX\" \/>\n<meta property=\"og:type\" content=\"article\" \/>\n<meta property=\"og:title\" content=\"\u00c1rbol de la vida - Cardenna\" \/>\n<meta property=\"og:description\" content=\"Elaborado con barro natural quemado y esmaltado en negro contiene [&hellip;]\" \/>\n<meta property=\"og:url\" content=\"https:\/\/cardenna.com\/?product=arbol-de-la-vida\" \/>\n<meta property=\"og:site_name\" content=\"Cardenna\" \/>\n<meta property=\"article:modified_time\" content=\"2025-09-25T19:31:17+00:00\" \/>\n<meta property=\"og:image\" content=\"https:\/\/cardenna.com\/wp-content\/uploads\/2023\/12\/candela_1.jpeg\" \/>\n\t<meta property=\"og:image:width\" content=\"1000\" \/>\n\t<meta property=\"og:image:height\" content=\"1240\" \/>\n\t<meta property=\"og:image:type\" content=\"image\/jpeg\" \/>\n<meta name=\"twitter:card\" content=\"summary_large_image\" \/>\n<meta name=\"twitter:label1\" content=\"Tiempo de lectura\" \/>\n\t<meta name=\"twitter:data1\" content=\"1 minuto\" \/>\n<script type=\"application\/ld+json\" class=\"yoast-schema-graph\">{\"@context\":\"https:\/\/schema.org\",\"@graph\":[{\"@type\":\"WebPage\",\"@id\":\"https:\/\/cardenna.com\/?product=arbol-de-la-vida\",\"url\":\"https:\/\/cardenna.com\/?product=arbol-de-la-vida\",\"name\":\"\u00c1rbol de la vida - Cardenna\",\"isPartOf\":{\"@id\":\"https:\/\/cardenna.com\/#website\"},\"primaryImageOfPage\":{\"@id\":\"https:\/\/cardenna.com\/?product=arbol-de-la-vida#primaryimage\"},\"image\":{\"@id\":\"https:\/\/cardenna.com\/?product=arbol-de-la-vida#primaryimage\"},\"thumbnailUrl\":\"https:\/\/cardenna.com\/wp-content\/uploads\/2023\/12\/candela_1.jpeg\",\"datePublished\":\"2023-12-06T12:23:31+00:00\",\"dateModified\":\"2025-09-25T19:31:17+00:00\",\"breadcrumb\":{\"@id\":\"https:\/\/cardenna.com\/?product=arbol-de-la-vida#breadcrumb\"},\"inLanguage\":\"es\",\"potentialAction\":[{\"@type\":\"ReadAction\",\"target\":[\"https:\/\/cardenna.com\/?product=arbol-de-la-vida\"]}]},{\"@type\":\"ImageObject\",\"inLanguage\":\"es\",\"@id\":\"https:\/\/cardenna.com\/?product=arbol-de-la-vida#primaryimage\",\"url\":\"https:\/\/cardenna.com\/wp-content\/uploads\/2023\/12\/candela_1.jpeg\",\"contentUrl\":\"https:\/\/cardenna.com\/wp-content\/uploads\/2023\/12\/candela_1.jpeg\",\"width\":1000,\"height\":1240},{\"@type\":\"BreadcrumbList\",\"@id\":\"https:\/\/cardenna.com\/?product=arbol-de-la-vida#breadcrumb\",\"itemListElement\":[{\"@type\":\"ListItem\",\"position\":1,\"name\":\"Inicio\",\"item\":\"https:\/\/cardenna.com\/\"},{\"@type\":\"ListItem\",\"position\":2,\"name\":\"Tienda\",\"item\":\"https:\/\/cardenna.com\/?page_id=2110\"},{\"@type\":\"ListItem\",\"position\":3,\"name\":\"\u00c1rbol de la vida\"}]},{\"@type\":\"WebSite\",\"@id\":\"https:\/\/cardenna.com\/#website\",\"url\":\"https:\/\/cardenna.com\/\",\"name\":\"Cardenna\",\"description\":\"Arte Mexicano\",\"potentialAction\":[{\"@type\":\"SearchAction\",\"target\":{\"@type\":\"EntryPoint\",\"urlTemplate\":\"https:\/\/cardenna.com\/?s={search_term_string}\"},\"query-input\":{\"@type\":\"PropertyValueSpecification\",\"valueRequired\":true,\"valueName\":\"search_term_string\"}}],\"inLanguage\":\"es\"}]}<\/script>\n<!-- \/ Yoast SEO plugin. -->","yoast_head_json":{"title":"\u00c1rbol de la vida - Cardenna","robots":{"index":"index","follow":"follow","max-snippet":"max-snippet:-1","max-image-preview":"max-image-preview:large","max-video-preview":"max-video-preview:-1"},"canonical":"https:\/\/cardenna.com\/?product=arbol-de-la-vida","og_locale":"es_MX","og_type":"article","og_title":"\u00c1rbol de la vida - Cardenna","og_description":"Elaborado con barro natural quemado y esmaltado en negro contiene [&hellip;]","og_url":"https:\/\/cardenna.com\/?product=arbol-de-la-vida","og_site_name":"Cardenna","article_modified_time":"2025-09-25T19:31:17+00:00","og_image":[{"width":1000,"height":1240,"url":"https:\/\/cardenna.com\/wp-content\/uploads\/2023\/12\/candela_1.jpeg","type":"image\/jpeg"}],"twitter_card":"summary_large_image","twitter_misc":{"Tiempo de lectura":"1 minuto"},"schema":{"@context":"https:\/\/schema.org","@graph":[{"@type":"WebPage","@id":"https:\/\/cardenna.com\/?product=arbol-de-la-vida","url":"https:\/\/cardenna.com\/?product=arbol-de-la-vida","name":"\u00c1rbol de la vida - Cardenna","isPartOf":{"@id":"https:\/\/cardenna.com\/#website"},"primaryImageOfPage":{"@id":"https:\/\/cardenna.com\/?product=arbol-de-la-vida#primaryimage"},"image":{"@id":"https:\/\/cardenna.com\/?product=arbol-de-la-vida#primaryimage"},"thumbnailUrl":"https:\/\/cardenna.com\/wp-content\/uploads\/2023\/12\/candela_1.jpeg","datePublished":"2023-12-06T12:23:31+00:00","dateModified":"2025-09-25T19:31:17+00:00","breadcrumb":{"@id":"https:\/\/cardenna.com\/?product=arbol-de-la-vida#breadcrumb"},"inLanguage":"es","potentialAction":[{"@type":"ReadAction","target":["https:\/\/cardenna.com\/?product=arbol-de-la-vida"]}]},{"@type":"ImageObject","inLanguage":"es","@id":"https:\/\/cardenna.com\/?product=arbol-de-la-vida#primaryimage","url":"https:\/\/cardenna.com\/wp-content\/uploads\/2023\/12\/candela_1.jpeg","contentUrl":"https:\/\/cardenna.com\/wp-content\/uploads\/2023\/12\/candela_1.jpeg","width":1000,"height":1240},{"@type":"BreadcrumbList","@id":"https:\/\/cardenna.com\/?product=arbol-de-la-vida#breadcrumb","itemListElement":[{"@type":"ListItem","position":1,"name":"Inicio","item":"https:\/\/cardenna.com\/"},{"@type":"ListItem","position":2,"name":"Tienda","item":"https:\/\/cardenna.com\/?page_id=2110"},{"@type":"ListItem","position":3,"name":"\u00c1rbol de la vida"}]},{"@type":"WebSite","@id":"https:\/\/cardenna.com\/#website","url":"https:\/\/cardenna.com\/","name":"Cardenna","description":"Arte Mexicano","potentialAction":[{"@type":"SearchAction","target":{"@type":"EntryPoint","urlTemplate":"https:\/\/cardenna.com\/?s={search_term_string}"},"query-input":{"@type":"PropertyValueSpecification","valueRequired":true,"valueName":"search_term_string"}}],"inLanguage":"es"}]}},"lang":"es","translations":{"es":46506,"en":46508},"pll_sync_post":[],"_links":{"self":[{"href":"https:\/\/cardenna.com\/index.php?rest_route=\/wp\/v2\/product\/46506","targetHints":{"allow":["GET"]}}],"collection":[{"href":"https:\/\/cardenna.com\/index.php?rest_route=\/wp\/v2\/product"}],"about":[{"href":"https:\/\/cardenna.com\/index.php?rest_route=\/wp\/v2\/types\/product"}],"replies":[{"embeddable":true,"href":"https:\/\/cardenna.com\/index.php?rest_route=%2Fwp%2Fv2%2Fcomments&post=46506"}],"wp:featuredmedia":[{"embeddable":true,"href":"https:\/\/cardenna.com\/index.php?rest_route=\/wp\/v2\/media\/46551"}],"wp:attachment":[{"href":"https:\/\/cardenna.com\/index.php?rest_route=%2Fwp%2Fv2%2Fmedia&parent=46506"}],"wp:term":[{"taxonomy":"product_brand","embeddable":true,"href":"https:\/\/cardenna.com\/index.php?rest_route=%2Fwp%2Fv2%2Fproduct_brand&post=46506"},{"taxonomy":"product_cat","embeddable":true,"href":"https:\/\/cardenna.com\/index.php?rest_route=%2Fwp%2Fv2%2Fproduct_cat&post=46506"},{"taxonomy":"product_tag","embeddable":true,"href":"https:\/\/cardenna.com\/index.php?rest_route=%2Fwp%2Fv2%2Fproduct_tag&post=46506"}],"curies":[{"name":"wp","href":"https:\/\/api.w.org\/{rel}","templated":true}]}}