{"id":45340,"date":"2023-09-06T01:30:13","date_gmt":"2023-09-06T07:30:13","guid":{"rendered":"https:\/\/cardenna.com\/?post_type=product&#038;p=45340"},"modified":"2025-11-06T19:39:27","modified_gmt":"2025-11-07T01:39:27","slug":"cofre-alfa-marranito-color-vino","status":"publish","type":"product","link":"https:\/\/cardenna.com\/?product=cofre-alfa-marranito-color-vino","title":{"rendered":"Cofre Alfa (Marranito color vino)"},"content":{"rendered":"<p>Este hermoso cofre laqueado sobre madera del \u00e1rbol de linaloe con t\u00e9cnica de rayado y punteado cuyos grabados representan la flora y fauna de la regi\u00f3n obtuvo sus colores tan especiales de la mezcla de minerales y vegetales de la zona<\/p>\n<p>Todos los productos elaborados por nuestros artesanos son libres de plomo y hechos a mano raz\u00f3n por la cual se pueden encontrar peque\u00f1as variaciones con las im\u00e1genes que se muestran en cuanto a dise\u00f1o y\/o color<\/p>\n<p>Para m\u00e1s informaci\u00f3n cons\u00faltanos a trav\u00e9s de nuestro email: <a href=\"mailto:contacto@cardenna.com\">contacto@cardenna.com<\/a><\/p>\n","protected":false},"excerpt":{"rendered":"<p>Este hermoso cofre laqueado sobre madera del \u00e1rbol de linaloe [&hellip;]<\/p>\n","protected":false},"featured_media":45788,"comment_status":"closed","ping_status":"closed","template":"","meta":[],"product_brand":[],"product_cat":[162],"product_tag":[172],"class_list":{"0":"post-45340","1":"product","2":"type-product","3":"status-publish","4":"has-post-thumbnail","6":"product_cat-madera","7":"product_tag-guerrero","9":"first","10":"instock","11":"sold-individually","12":"shipping-taxable","13":"purchasable","14":"product-type-simple"},"yoast_head":"<!-- This site is optimized with the Yoast SEO plugin v26.0 - https:\/\/yoast.com\/wordpress\/plugins\/seo\/ -->\n<title>Cofre Alfa (Marranito color vino) - Cardenna<\/title>\n<meta name=\"robots\" content=\"index, follow, max-snippet:-1, max-image-preview:large, max-video-preview:-1\" \/>\n<link rel=\"canonical\" href=\"https:\/\/cardenna.com\/?product=cofre-alfa-marranito-color-vino\" \/>\n<meta property=\"og:locale\" content=\"es_MX\" \/>\n<meta property=\"og:type\" content=\"article\" \/>\n<meta property=\"og:title\" content=\"Cofre Alfa (Marranito color vino) - Cardenna\" \/>\n<meta property=\"og:description\" content=\"Este hermoso cofre laqueado sobre madera del \u00e1rbol de linaloe [&hellip;]\" \/>\n<meta property=\"og:url\" content=\"https:\/\/cardenna.com\/?product=cofre-alfa-marranito-color-vino\" \/>\n<meta property=\"og:site_name\" content=\"Cardenna\" \/>\n<meta property=\"article:modified_time\" content=\"2025-11-07T01:39:27+00:00\" \/>\n<meta property=\"og:image\" content=\"https:\/\/cardenna.com\/wp-content\/uploads\/2023\/09\/GROCVMA-1-1_gradiente.jpeg\" \/>\n\t<meta property=\"og:image:width\" content=\"1000\" \/>\n\t<meta property=\"og:image:height\" content=\"1240\" \/>\n\t<meta property=\"og:image:type\" content=\"image\/jpeg\" \/>\n<meta name=\"twitter:card\" content=\"summary_large_image\" \/>\n<meta name=\"twitter:label1\" content=\"Tiempo de lectura\" \/>\n\t<meta name=\"twitter:data1\" content=\"1 minuto\" \/>\n<script type=\"application\/ld+json\" class=\"yoast-schema-graph\">{\"@context\":\"https:\/\/schema.org\",\"@graph\":[{\"@type\":\"WebPage\",\"@id\":\"https:\/\/cardenna.com\/?product=cofre-alfa-marranito-color-vino\",\"url\":\"https:\/\/cardenna.com\/?product=cofre-alfa-marranito-color-vino\",\"name\":\"Cofre Alfa (Marranito color vino) - Cardenna\",\"isPartOf\":{\"@id\":\"https:\/\/cardenna.com\/#website\"},\"primaryImageOfPage\":{\"@id\":\"https:\/\/cardenna.com\/?product=cofre-alfa-marranito-color-vino#primaryimage\"},\"image\":{\"@id\":\"https:\/\/cardenna.com\/?product=cofre-alfa-marranito-color-vino#primaryimage\"},\"thumbnailUrl\":\"https:\/\/cardenna.com\/wp-content\/uploads\/2023\/09\/GROCVMA-1-1_gradiente.jpeg\",\"datePublished\":\"2023-09-06T07:30:13+00:00\",\"dateModified\":\"2025-11-07T01:39:27+00:00\",\"breadcrumb\":{\"@id\":\"https:\/\/cardenna.com\/?product=cofre-alfa-marranito-color-vino#breadcrumb\"},\"inLanguage\":\"es\",\"potentialAction\":[{\"@type\":\"ReadAction\",\"target\":[\"https:\/\/cardenna.com\/?product=cofre-alfa-marranito-color-vino\"]}]},{\"@type\":\"ImageObject\",\"inLanguage\":\"es\",\"@id\":\"https:\/\/cardenna.com\/?product=cofre-alfa-marranito-color-vino#primaryimage\",\"url\":\"https:\/\/cardenna.com\/wp-content\/uploads\/2023\/09\/GROCVMA-1-1_gradiente.jpeg\",\"contentUrl\":\"https:\/\/cardenna.com\/wp-content\/uploads\/2023\/09\/GROCVMA-1-1_gradiente.jpeg\",\"width\":1000,\"height\":1240},{\"@type\":\"BreadcrumbList\",\"@id\":\"https:\/\/cardenna.com\/?product=cofre-alfa-marranito-color-vino#breadcrumb\",\"itemListElement\":[{\"@type\":\"ListItem\",\"position\":1,\"name\":\"Inicio\",\"item\":\"https:\/\/cardenna.com\/\"},{\"@type\":\"ListItem\",\"position\":2,\"name\":\"Tienda\",\"item\":\"https:\/\/cardenna.com\/?page_id=2110\"},{\"@type\":\"ListItem\",\"position\":3,\"name\":\"Cofre Alfa (Marranito color vino)\"}]},{\"@type\":\"WebSite\",\"@id\":\"https:\/\/cardenna.com\/#website\",\"url\":\"https:\/\/cardenna.com\/\",\"name\":\"Cardenna\",\"description\":\"Arte Mexicano\",\"potentialAction\":[{\"@type\":\"SearchAction\",\"target\":{\"@type\":\"EntryPoint\",\"urlTemplate\":\"https:\/\/cardenna.com\/?s={search_term_string}\"},\"query-input\":{\"@type\":\"PropertyValueSpecification\",\"valueRequired\":true,\"valueName\":\"search_term_string\"}}],\"inLanguage\":\"es\"}]}<\/script>\n<!-- \/ Yoast SEO plugin. -->","yoast_head_json":{"title":"Cofre Alfa (Marranito color vino) - Cardenna","robots":{"index":"index","follow":"follow","max-snippet":"max-snippet:-1","max-image-preview":"max-image-preview:large","max-video-preview":"max-video-preview:-1"},"canonical":"https:\/\/cardenna.com\/?product=cofre-alfa-marranito-color-vino","og_locale":"es_MX","og_type":"article","og_title":"Cofre Alfa (Marranito color vino) - Cardenna","og_description":"Este hermoso cofre laqueado sobre madera del \u00e1rbol de linaloe [&hellip;]","og_url":"https:\/\/cardenna.com\/?product=cofre-alfa-marranito-color-vino","og_site_name":"Cardenna","article_modified_time":"2025-11-07T01:39:27+00:00","og_image":[{"width":1000,"height":1240,"url":"https:\/\/cardenna.com\/wp-content\/uploads\/2023\/09\/GROCVMA-1-1_gradiente.jpeg","type":"image\/jpeg"}],"twitter_card":"summary_large_image","twitter_misc":{"Tiempo de lectura":"1 minuto"},"schema":{"@context":"https:\/\/schema.org","@graph":[{"@type":"WebPage","@id":"https:\/\/cardenna.com\/?product=cofre-alfa-marranito-color-vino","url":"https:\/\/cardenna.com\/?product=cofre-alfa-marranito-color-vino","name":"Cofre Alfa (Marranito color vino) - Cardenna","isPartOf":{"@id":"https:\/\/cardenna.com\/#website"},"primaryImageOfPage":{"@id":"https:\/\/cardenna.com\/?product=cofre-alfa-marranito-color-vino#primaryimage"},"image":{"@id":"https:\/\/cardenna.com\/?product=cofre-alfa-marranito-color-vino#primaryimage"},"thumbnailUrl":"https:\/\/cardenna.com\/wp-content\/uploads\/2023\/09\/GROCVMA-1-1_gradiente.jpeg","datePublished":"2023-09-06T07:30:13+00:00","dateModified":"2025-11-07T01:39:27+00:00","breadcrumb":{"@id":"https:\/\/cardenna.com\/?product=cofre-alfa-marranito-color-vino#breadcrumb"},"inLanguage":"es","potentialAction":[{"@type":"ReadAction","target":["https:\/\/cardenna.com\/?product=cofre-alfa-marranito-color-vino"]}]},{"@type":"ImageObject","inLanguage":"es","@id":"https:\/\/cardenna.com\/?product=cofre-alfa-marranito-color-vino#primaryimage","url":"https:\/\/cardenna.com\/wp-content\/uploads\/2023\/09\/GROCVMA-1-1_gradiente.jpeg","contentUrl":"https:\/\/cardenna.com\/wp-content\/uploads\/2023\/09\/GROCVMA-1-1_gradiente.jpeg","width":1000,"height":1240},{"@type":"BreadcrumbList","@id":"https:\/\/cardenna.com\/?product=cofre-alfa-marranito-color-vino#breadcrumb","itemListElement":[{"@type":"ListItem","position":1,"name":"Inicio","item":"https:\/\/cardenna.com\/"},{"@type":"ListItem","position":2,"name":"Tienda","item":"https:\/\/cardenna.com\/?page_id=2110"},{"@type":"ListItem","position":3,"name":"Cofre Alfa (Marranito color vino)"}]},{"@type":"WebSite","@id":"https:\/\/cardenna.com\/#website","url":"https:\/\/cardenna.com\/","name":"Cardenna","description":"Arte Mexicano","potentialAction":[{"@type":"SearchAction","target":{"@type":"EntryPoint","urlTemplate":"https:\/\/cardenna.com\/?s={search_term_string}"},"query-input":{"@type":"PropertyValueSpecification","valueRequired":true,"valueName":"search_term_string"}}],"inLanguage":"es"}]}},"lang":"es","translations":{"es":45340,"en":46166},"pll_sync_post":[],"_links":{"self":[{"href":"https:\/\/cardenna.com\/index.php?rest_route=\/wp\/v2\/product\/45340","targetHints":{"allow":["GET"]}}],"collection":[{"href":"https:\/\/cardenna.com\/index.php?rest_route=\/wp\/v2\/product"}],"about":[{"href":"https:\/\/cardenna.com\/index.php?rest_route=\/wp\/v2\/types\/product"}],"replies":[{"embeddable":true,"href":"https:\/\/cardenna.com\/index.php?rest_route=%2Fwp%2Fv2%2Fcomments&post=45340"}],"wp:featuredmedia":[{"embeddable":true,"href":"https:\/\/cardenna.com\/index.php?rest_route=\/wp\/v2\/media\/45788"}],"wp:attachment":[{"href":"https:\/\/cardenna.com\/index.php?rest_route=%2Fwp%2Fv2%2Fmedia&parent=45340"}],"wp:term":[{"taxonomy":"product_brand","embeddable":true,"href":"https:\/\/cardenna.com\/index.php?rest_route=%2Fwp%2Fv2%2Fproduct_brand&post=45340"},{"taxonomy":"product_cat","embeddable":true,"href":"https:\/\/cardenna.com\/index.php?rest_route=%2Fwp%2Fv2%2Fproduct_cat&post=45340"},{"taxonomy":"product_tag","embeddable":true,"href":"https:\/\/cardenna.com\/index.php?rest_route=%2Fwp%2Fv2%2Fproduct_tag&post=45340"}],"curies":[{"name":"wp","href":"https:\/\/api.w.org\/{rel}","templated":true}]}}