{"id":45334,"date":"2023-09-06T01:30:12","date_gmt":"2023-09-06T07:30:12","guid":{"rendered":"https:\/\/cardenna.com\/?post_type=product&#038;p=45334"},"modified":"2025-11-06T19:37:27","modified_gmt":"2025-11-07T01:37:27","slug":"plato-de-cobre-con-hoja-de-plata","status":"publish","type":"product","link":"https:\/\/cardenna.com\/?product=plato-de-cobre-con-hoja-de-plata","title":{"rendered":"Plato de cobre con hoja de plata"},"content":{"rendered":"<p>Fueron manos Pur\u00e9pechas las que a golpe de marro trabajaron juntas para dar forma al rojizo metal que combinado con otro metal precioso como es la plata pura de ley obtuvieron este maravilloso plato ideal para conocedores.<\/p>\n<p>Todos los productos elaborados por los artesanos son libres de plomo y hechos a mano raz\u00f3n por la cual se pueden encontrar peque\u00f1as variaciones con las im\u00e1genes en cuanto a dise\u00f1o y\/o color.<\/p>\n<p>Para m\u00e1s informaci\u00f3n cons\u00faltanos a trav\u00e9s de nuestro email: <a href=\"mailto:contacto@cardenna.com\">contacto@cardenna.com<\/a><\/p>\n","protected":false},"excerpt":{"rendered":"<p>Fueron manos Pur\u00e9pechas las que a golpe de marro trabajaron [&hellip;]<\/p>\n","protected":false},"featured_media":45848,"comment_status":"closed","ping_status":"closed","template":"","meta":[],"product_brand":[],"product_cat":[163],"product_tag":[171],"class_list":{"0":"post-45334","1":"product","2":"type-product","3":"status-publish","4":"has-post-thumbnail","6":"product_cat-metal","7":"product_tag-michoacan","9":"first","10":"instock","11":"sold-individually","12":"shipping-taxable","13":"purchasable","14":"product-type-simple"},"yoast_head":"<!-- This site is optimized with the Yoast SEO plugin v26.0 - https:\/\/yoast.com\/wordpress\/plugins\/seo\/ -->\n<title>Plato de cobre con hoja de plata - Cardenna<\/title>\n<meta name=\"robots\" content=\"index, follow, max-snippet:-1, max-image-preview:large, max-video-preview:-1\" \/>\n<link rel=\"canonical\" href=\"https:\/\/cardenna.com\/?product=plato-de-cobre-con-hoja-de-plata\" \/>\n<meta property=\"og:locale\" content=\"es_MX\" \/>\n<meta property=\"og:type\" content=\"article\" \/>\n<meta property=\"og:title\" content=\"Plato de cobre con hoja de plata - Cardenna\" \/>\n<meta property=\"og:description\" content=\"Fueron manos Pur\u00e9pechas las que a golpe de marro trabajaron [&hellip;]\" \/>\n<meta property=\"og:url\" content=\"https:\/\/cardenna.com\/?product=plato-de-cobre-con-hoja-de-plata\" \/>\n<meta property=\"og:site_name\" content=\"Cardenna\" \/>\n<meta property=\"article:modified_time\" content=\"2025-11-07T01:37:27+00:00\" \/>\n<meta property=\"og:image\" content=\"https:\/\/cardenna.com\/wp-content\/uploads\/2023\/09\/MIPCHP-1-1_gradiente.jpeg\" \/>\n\t<meta property=\"og:image:width\" content=\"1000\" \/>\n\t<meta property=\"og:image:height\" content=\"1240\" \/>\n\t<meta property=\"og:image:type\" content=\"image\/jpeg\" \/>\n<meta name=\"twitter:card\" content=\"summary_large_image\" \/>\n<meta name=\"twitter:label1\" content=\"Tiempo de lectura\" \/>\n\t<meta name=\"twitter:data1\" content=\"1 minuto\" \/>\n<script type=\"application\/ld+json\" class=\"yoast-schema-graph\">{\"@context\":\"https:\/\/schema.org\",\"@graph\":[{\"@type\":\"WebPage\",\"@id\":\"https:\/\/cardenna.com\/?product=plato-de-cobre-con-hoja-de-plata\",\"url\":\"https:\/\/cardenna.com\/?product=plato-de-cobre-con-hoja-de-plata\",\"name\":\"Plato de cobre con hoja de plata - Cardenna\",\"isPartOf\":{\"@id\":\"https:\/\/cardenna.com\/#website\"},\"primaryImageOfPage\":{\"@id\":\"https:\/\/cardenna.com\/?product=plato-de-cobre-con-hoja-de-plata#primaryimage\"},\"image\":{\"@id\":\"https:\/\/cardenna.com\/?product=plato-de-cobre-con-hoja-de-plata#primaryimage\"},\"thumbnailUrl\":\"https:\/\/cardenna.com\/wp-content\/uploads\/2023\/09\/MIPCHP-1-1_gradiente.jpeg\",\"datePublished\":\"2023-09-06T07:30:12+00:00\",\"dateModified\":\"2025-11-07T01:37:27+00:00\",\"breadcrumb\":{\"@id\":\"https:\/\/cardenna.com\/?product=plato-de-cobre-con-hoja-de-plata#breadcrumb\"},\"inLanguage\":\"es\",\"potentialAction\":[{\"@type\":\"ReadAction\",\"target\":[\"https:\/\/cardenna.com\/?product=plato-de-cobre-con-hoja-de-plata\"]}]},{\"@type\":\"ImageObject\",\"inLanguage\":\"es\",\"@id\":\"https:\/\/cardenna.com\/?product=plato-de-cobre-con-hoja-de-plata#primaryimage\",\"url\":\"https:\/\/cardenna.com\/wp-content\/uploads\/2023\/09\/MIPCHP-1-1_gradiente.jpeg\",\"contentUrl\":\"https:\/\/cardenna.com\/wp-content\/uploads\/2023\/09\/MIPCHP-1-1_gradiente.jpeg\",\"width\":1000,\"height\":1240},{\"@type\":\"BreadcrumbList\",\"@id\":\"https:\/\/cardenna.com\/?product=plato-de-cobre-con-hoja-de-plata#breadcrumb\",\"itemListElement\":[{\"@type\":\"ListItem\",\"position\":1,\"name\":\"Inicio\",\"item\":\"https:\/\/cardenna.com\/\"},{\"@type\":\"ListItem\",\"position\":2,\"name\":\"Tienda\",\"item\":\"https:\/\/cardenna.com\/?page_id=2110\"},{\"@type\":\"ListItem\",\"position\":3,\"name\":\"Plato de cobre con hoja de plata\"}]},{\"@type\":\"WebSite\",\"@id\":\"https:\/\/cardenna.com\/#website\",\"url\":\"https:\/\/cardenna.com\/\",\"name\":\"Cardenna\",\"description\":\"Arte Mexicano\",\"potentialAction\":[{\"@type\":\"SearchAction\",\"target\":{\"@type\":\"EntryPoint\",\"urlTemplate\":\"https:\/\/cardenna.com\/?s={search_term_string}\"},\"query-input\":{\"@type\":\"PropertyValueSpecification\",\"valueRequired\":true,\"valueName\":\"search_term_string\"}}],\"inLanguage\":\"es\"}]}<\/script>\n<!-- \/ Yoast SEO plugin. -->","yoast_head_json":{"title":"Plato de cobre con hoja de plata - Cardenna","robots":{"index":"index","follow":"follow","max-snippet":"max-snippet:-1","max-image-preview":"max-image-preview:large","max-video-preview":"max-video-preview:-1"},"canonical":"https:\/\/cardenna.com\/?product=plato-de-cobre-con-hoja-de-plata","og_locale":"es_MX","og_type":"article","og_title":"Plato de cobre con hoja de plata - Cardenna","og_description":"Fueron manos Pur\u00e9pechas las que a golpe de marro trabajaron [&hellip;]","og_url":"https:\/\/cardenna.com\/?product=plato-de-cobre-con-hoja-de-plata","og_site_name":"Cardenna","article_modified_time":"2025-11-07T01:37:27+00:00","og_image":[{"width":1000,"height":1240,"url":"https:\/\/cardenna.com\/wp-content\/uploads\/2023\/09\/MIPCHP-1-1_gradiente.jpeg","type":"image\/jpeg"}],"twitter_card":"summary_large_image","twitter_misc":{"Tiempo de lectura":"1 minuto"},"schema":{"@context":"https:\/\/schema.org","@graph":[{"@type":"WebPage","@id":"https:\/\/cardenna.com\/?product=plato-de-cobre-con-hoja-de-plata","url":"https:\/\/cardenna.com\/?product=plato-de-cobre-con-hoja-de-plata","name":"Plato de cobre con hoja de plata - Cardenna","isPartOf":{"@id":"https:\/\/cardenna.com\/#website"},"primaryImageOfPage":{"@id":"https:\/\/cardenna.com\/?product=plato-de-cobre-con-hoja-de-plata#primaryimage"},"image":{"@id":"https:\/\/cardenna.com\/?product=plato-de-cobre-con-hoja-de-plata#primaryimage"},"thumbnailUrl":"https:\/\/cardenna.com\/wp-content\/uploads\/2023\/09\/MIPCHP-1-1_gradiente.jpeg","datePublished":"2023-09-06T07:30:12+00:00","dateModified":"2025-11-07T01:37:27+00:00","breadcrumb":{"@id":"https:\/\/cardenna.com\/?product=plato-de-cobre-con-hoja-de-plata#breadcrumb"},"inLanguage":"es","potentialAction":[{"@type":"ReadAction","target":["https:\/\/cardenna.com\/?product=plato-de-cobre-con-hoja-de-plata"]}]},{"@type":"ImageObject","inLanguage":"es","@id":"https:\/\/cardenna.com\/?product=plato-de-cobre-con-hoja-de-plata#primaryimage","url":"https:\/\/cardenna.com\/wp-content\/uploads\/2023\/09\/MIPCHP-1-1_gradiente.jpeg","contentUrl":"https:\/\/cardenna.com\/wp-content\/uploads\/2023\/09\/MIPCHP-1-1_gradiente.jpeg","width":1000,"height":1240},{"@type":"BreadcrumbList","@id":"https:\/\/cardenna.com\/?product=plato-de-cobre-con-hoja-de-plata#breadcrumb","itemListElement":[{"@type":"ListItem","position":1,"name":"Inicio","item":"https:\/\/cardenna.com\/"},{"@type":"ListItem","position":2,"name":"Tienda","item":"https:\/\/cardenna.com\/?page_id=2110"},{"@type":"ListItem","position":3,"name":"Plato de cobre con hoja de plata"}]},{"@type":"WebSite","@id":"https:\/\/cardenna.com\/#website","url":"https:\/\/cardenna.com\/","name":"Cardenna","description":"Arte Mexicano","potentialAction":[{"@type":"SearchAction","target":{"@type":"EntryPoint","urlTemplate":"https:\/\/cardenna.com\/?s={search_term_string}"},"query-input":{"@type":"PropertyValueSpecification","valueRequired":true,"valueName":"search_term_string"}}],"inLanguage":"es"}]}},"lang":"es","translations":{"es":45334,"en":46181},"pll_sync_post":[],"_links":{"self":[{"href":"https:\/\/cardenna.com\/index.php?rest_route=\/wp\/v2\/product\/45334","targetHints":{"allow":["GET"]}}],"collection":[{"href":"https:\/\/cardenna.com\/index.php?rest_route=\/wp\/v2\/product"}],"about":[{"href":"https:\/\/cardenna.com\/index.php?rest_route=\/wp\/v2\/types\/product"}],"replies":[{"embeddable":true,"href":"https:\/\/cardenna.com\/index.php?rest_route=%2Fwp%2Fv2%2Fcomments&post=45334"}],"wp:featuredmedia":[{"embeddable":true,"href":"https:\/\/cardenna.com\/index.php?rest_route=\/wp\/v2\/media\/45848"}],"wp:attachment":[{"href":"https:\/\/cardenna.com\/index.php?rest_route=%2Fwp%2Fv2%2Fmedia&parent=45334"}],"wp:term":[{"taxonomy":"product_brand","embeddable":true,"href":"https:\/\/cardenna.com\/index.php?rest_route=%2Fwp%2Fv2%2Fproduct_brand&post=45334"},{"taxonomy":"product_cat","embeddable":true,"href":"https:\/\/cardenna.com\/index.php?rest_route=%2Fwp%2Fv2%2Fproduct_cat&post=45334"},{"taxonomy":"product_tag","embeddable":true,"href":"https:\/\/cardenna.com\/index.php?rest_route=%2Fwp%2Fv2%2Fproduct_tag&post=45334"}],"curies":[{"name":"wp","href":"https:\/\/api.w.org\/{rel}","templated":true}]}}