{"id":45331,"date":"2023-09-06T01:30:12","date_gmt":"2023-09-06T07:30:12","guid":{"rendered":"https:\/\/cardenna.com\/?post_type=product&#038;p=45331"},"modified":"2025-11-06T19:24:08","modified_gmt":"2025-11-07T01:24:08","slug":"pina-de-flores-rosas-grande","status":"publish","type":"product","link":"https:\/\/cardenna.com\/?product=pina-de-flores-rosas-grande","title":{"rendered":"Pi\u00f1a flores rosas"},"content":{"rendered":"<p><span style=\"font-weight: 300;\">Barro, \u00f3xidos, calor e inspiraci\u00f3n mexicana hacen estas delicadas y complejas piezas vidriadas. Propias de San Jos\u00e9 de Gracia, Tanganc\u00edcuaro, Michoac\u00e1n.<\/span><\/p>\n<p><span style=\"font-weight: 300;\">Los alfareros obtienen el barro de color caf\u00e9 y blanco en su localidad los cu\u00e1les mezclan y ponen a secar para molerlos, humedecerlos y amasarlos para poder moldear y modelar la pieza la cual pone a secar a la sombra cubierta con lienzos h\u00famedos, luego se expone directamente al sol, posteriormente se quema la pieza una primera vez en un horno a cielo abierto durante cinco horas y se deja enfriar en el mismo horno para proceder a la segunda quema a 900 grados a\u00f1adiendo \u00f3xidos o greta (libre de plomo) de acuerdo al color que desee obtener. Las flores que la adornan se hacen en moldes por separado utilizando la t\u00e9cnica de pastillaje y agregando la greta la cual se unta con unos pinceles teniendo especial cuidado que no se peguen entre s\u00ed.<\/span><\/p>\n<p><span style=\"font-weight: 300;\">Todos nuestros productos son libres de plomo y est\u00e1n hechos a mano, por lo que se pueden encontrar algunas variaciones de dise\u00f1o y\/o color distintas a las im\u00e1genes. Cons\u00faltanos para m\u00e1s informaci\u00f3n en nuestro mail <\/span><a href=\"mailto:contacto@cardenna.com\"><span style=\"font-weight: 300;\">contacto@cardenna.com<\/span><\/a><\/p>\n","protected":false},"excerpt":{"rendered":"<p>Barro, \u00f3xidos, calor e inspiraci\u00f3n mexicana hacen estas delicadas y [&hellip;]<\/p>\n","protected":false},"featured_media":45831,"comment_status":"closed","ping_status":"closed","template":"","meta":[],"product_brand":[],"product_cat":[160],"product_tag":[171],"class_list":{"0":"post-45331","1":"product","2":"type-product","3":"status-publish","4":"has-post-thumbnail","6":"product_cat-barro","7":"product_tag-michoacan","9":"first","10":"instock","11":"sold-individually","12":"shipping-taxable","13":"purchasable","14":"product-type-simple"},"yoast_head":"<!-- This site is optimized with the Yoast SEO plugin v26.0 - https:\/\/yoast.com\/wordpress\/plugins\/seo\/ -->\n<title>Pi\u00f1a flores rosas - Cardenna<\/title>\n<meta name=\"robots\" content=\"index, follow, max-snippet:-1, max-image-preview:large, max-video-preview:-1\" \/>\n<link rel=\"canonical\" href=\"https:\/\/cardenna.com\/?product=pina-de-flores-rosas-grande\" \/>\n<meta property=\"og:locale\" content=\"es_MX\" \/>\n<meta property=\"og:type\" content=\"article\" \/>\n<meta property=\"og:title\" content=\"Pi\u00f1a flores rosas - Cardenna\" \/>\n<meta property=\"og:description\" content=\"Barro, \u00f3xidos, calor e inspiraci\u00f3n mexicana hacen estas delicadas y [&hellip;]\" \/>\n<meta property=\"og:url\" content=\"https:\/\/cardenna.com\/?product=pina-de-flores-rosas-grande\" \/>\n<meta property=\"og:site_name\" content=\"Cardenna\" \/>\n<meta property=\"article:modified_time\" content=\"2025-11-07T01:24:08+00:00\" \/>\n<meta property=\"og:image\" content=\"https:\/\/cardenna.com\/wp-content\/uploads\/2023\/09\/MIPFRG-1-1_gradiente-e1753910235321.jpeg\" \/>\n\t<meta property=\"og:image:width\" content=\"927\" \/>\n\t<meta property=\"og:image:height\" content=\"1150\" \/>\n\t<meta property=\"og:image:type\" content=\"image\/jpeg\" \/>\n<meta name=\"twitter:card\" content=\"summary_large_image\" \/>\n<meta name=\"twitter:label1\" content=\"Tiempo de lectura\" \/>\n\t<meta name=\"twitter:data1\" content=\"2 minutos\" \/>\n<script type=\"application\/ld+json\" class=\"yoast-schema-graph\">{\"@context\":\"https:\/\/schema.org\",\"@graph\":[{\"@type\":\"WebPage\",\"@id\":\"https:\/\/cardenna.com\/?product=pina-de-flores-rosas-grande\",\"url\":\"https:\/\/cardenna.com\/?product=pina-de-flores-rosas-grande\",\"name\":\"Pi\u00f1a flores rosas - Cardenna\",\"isPartOf\":{\"@id\":\"https:\/\/cardenna.com\/#website\"},\"primaryImageOfPage\":{\"@id\":\"https:\/\/cardenna.com\/?product=pina-de-flores-rosas-grande#primaryimage\"},\"image\":{\"@id\":\"https:\/\/cardenna.com\/?product=pina-de-flores-rosas-grande#primaryimage\"},\"thumbnailUrl\":\"https:\/\/cardenna.com\/wp-content\/uploads\/2023\/09\/MIPFRG-1-1_gradiente-e1753910235321.jpeg\",\"datePublished\":\"2023-09-06T07:30:12+00:00\",\"dateModified\":\"2025-11-07T01:24:08+00:00\",\"breadcrumb\":{\"@id\":\"https:\/\/cardenna.com\/?product=pina-de-flores-rosas-grande#breadcrumb\"},\"inLanguage\":\"es\",\"potentialAction\":[{\"@type\":\"ReadAction\",\"target\":[\"https:\/\/cardenna.com\/?product=pina-de-flores-rosas-grande\"]}]},{\"@type\":\"ImageObject\",\"inLanguage\":\"es\",\"@id\":\"https:\/\/cardenna.com\/?product=pina-de-flores-rosas-grande#primaryimage\",\"url\":\"https:\/\/cardenna.com\/wp-content\/uploads\/2023\/09\/MIPFRG-1-1_gradiente-e1753910235321.jpeg\",\"contentUrl\":\"https:\/\/cardenna.com\/wp-content\/uploads\/2023\/09\/MIPFRG-1-1_gradiente-e1753910235321.jpeg\",\"width\":927,\"height\":1150},{\"@type\":\"BreadcrumbList\",\"@id\":\"https:\/\/cardenna.com\/?product=pina-de-flores-rosas-grande#breadcrumb\",\"itemListElement\":[{\"@type\":\"ListItem\",\"position\":1,\"name\":\"Inicio\",\"item\":\"https:\/\/cardenna.com\/\"},{\"@type\":\"ListItem\",\"position\":2,\"name\":\"Tienda\",\"item\":\"https:\/\/cardenna.com\/?page_id=2110\"},{\"@type\":\"ListItem\",\"position\":3,\"name\":\"Pi\u00f1a flores rosas\"}]},{\"@type\":\"WebSite\",\"@id\":\"https:\/\/cardenna.com\/#website\",\"url\":\"https:\/\/cardenna.com\/\",\"name\":\"Cardenna\",\"description\":\"Arte Mexicano\",\"potentialAction\":[{\"@type\":\"SearchAction\",\"target\":{\"@type\":\"EntryPoint\",\"urlTemplate\":\"https:\/\/cardenna.com\/?s={search_term_string}\"},\"query-input\":{\"@type\":\"PropertyValueSpecification\",\"valueRequired\":true,\"valueName\":\"search_term_string\"}}],\"inLanguage\":\"es\"}]}<\/script>\n<!-- \/ Yoast SEO plugin. -->","yoast_head_json":{"title":"Pi\u00f1a flores rosas - Cardenna","robots":{"index":"index","follow":"follow","max-snippet":"max-snippet:-1","max-image-preview":"max-image-preview:large","max-video-preview":"max-video-preview:-1"},"canonical":"https:\/\/cardenna.com\/?product=pina-de-flores-rosas-grande","og_locale":"es_MX","og_type":"article","og_title":"Pi\u00f1a flores rosas - Cardenna","og_description":"Barro, \u00f3xidos, calor e inspiraci\u00f3n mexicana hacen estas delicadas y [&hellip;]","og_url":"https:\/\/cardenna.com\/?product=pina-de-flores-rosas-grande","og_site_name":"Cardenna","article_modified_time":"2025-11-07T01:24:08+00:00","og_image":[{"width":927,"height":1150,"url":"https:\/\/cardenna.com\/wp-content\/uploads\/2023\/09\/MIPFRG-1-1_gradiente-e1753910235321.jpeg","type":"image\/jpeg"}],"twitter_card":"summary_large_image","twitter_misc":{"Tiempo de lectura":"2 minutos"},"schema":{"@context":"https:\/\/schema.org","@graph":[{"@type":"WebPage","@id":"https:\/\/cardenna.com\/?product=pina-de-flores-rosas-grande","url":"https:\/\/cardenna.com\/?product=pina-de-flores-rosas-grande","name":"Pi\u00f1a flores rosas - Cardenna","isPartOf":{"@id":"https:\/\/cardenna.com\/#website"},"primaryImageOfPage":{"@id":"https:\/\/cardenna.com\/?product=pina-de-flores-rosas-grande#primaryimage"},"image":{"@id":"https:\/\/cardenna.com\/?product=pina-de-flores-rosas-grande#primaryimage"},"thumbnailUrl":"https:\/\/cardenna.com\/wp-content\/uploads\/2023\/09\/MIPFRG-1-1_gradiente-e1753910235321.jpeg","datePublished":"2023-09-06T07:30:12+00:00","dateModified":"2025-11-07T01:24:08+00:00","breadcrumb":{"@id":"https:\/\/cardenna.com\/?product=pina-de-flores-rosas-grande#breadcrumb"},"inLanguage":"es","potentialAction":[{"@type":"ReadAction","target":["https:\/\/cardenna.com\/?product=pina-de-flores-rosas-grande"]}]},{"@type":"ImageObject","inLanguage":"es","@id":"https:\/\/cardenna.com\/?product=pina-de-flores-rosas-grande#primaryimage","url":"https:\/\/cardenna.com\/wp-content\/uploads\/2023\/09\/MIPFRG-1-1_gradiente-e1753910235321.jpeg","contentUrl":"https:\/\/cardenna.com\/wp-content\/uploads\/2023\/09\/MIPFRG-1-1_gradiente-e1753910235321.jpeg","width":927,"height":1150},{"@type":"BreadcrumbList","@id":"https:\/\/cardenna.com\/?product=pina-de-flores-rosas-grande#breadcrumb","itemListElement":[{"@type":"ListItem","position":1,"name":"Inicio","item":"https:\/\/cardenna.com\/"},{"@type":"ListItem","position":2,"name":"Tienda","item":"https:\/\/cardenna.com\/?page_id=2110"},{"@type":"ListItem","position":3,"name":"Pi\u00f1a flores rosas"}]},{"@type":"WebSite","@id":"https:\/\/cardenna.com\/#website","url":"https:\/\/cardenna.com\/","name":"Cardenna","description":"Arte Mexicano","potentialAction":[{"@type":"SearchAction","target":{"@type":"EntryPoint","urlTemplate":"https:\/\/cardenna.com\/?s={search_term_string}"},"query-input":{"@type":"PropertyValueSpecification","valueRequired":true,"valueName":"search_term_string"}}],"inLanguage":"es"}]}},"lang":"es","translations":{"es":45331,"en":46175},"pll_sync_post":[],"_links":{"self":[{"href":"https:\/\/cardenna.com\/index.php?rest_route=\/wp\/v2\/product\/45331","targetHints":{"allow":["GET"]}}],"collection":[{"href":"https:\/\/cardenna.com\/index.php?rest_route=\/wp\/v2\/product"}],"about":[{"href":"https:\/\/cardenna.com\/index.php?rest_route=\/wp\/v2\/types\/product"}],"replies":[{"embeddable":true,"href":"https:\/\/cardenna.com\/index.php?rest_route=%2Fwp%2Fv2%2Fcomments&post=45331"}],"wp:featuredmedia":[{"embeddable":true,"href":"https:\/\/cardenna.com\/index.php?rest_route=\/wp\/v2\/media\/45831"}],"wp:attachment":[{"href":"https:\/\/cardenna.com\/index.php?rest_route=%2Fwp%2Fv2%2Fmedia&parent=45331"}],"wp:term":[{"taxonomy":"product_brand","embeddable":true,"href":"https:\/\/cardenna.com\/index.php?rest_route=%2Fwp%2Fv2%2Fproduct_brand&post=45331"},{"taxonomy":"product_cat","embeddable":true,"href":"https:\/\/cardenna.com\/index.php?rest_route=%2Fwp%2Fv2%2Fproduct_cat&post=45331"},{"taxonomy":"product_tag","embeddable":true,"href":"https:\/\/cardenna.com\/index.php?rest_route=%2Fwp%2Fv2%2Fproduct_tag&post=45331"}],"curies":[{"name":"wp","href":"https:\/\/api.w.org\/{rel}","templated":true}]}}