{"id":45329,"date":"2023-09-06T01:30:12","date_gmt":"2023-09-06T07:30:12","guid":{"rendered":"https:\/\/cardenna.com\/?post_type=product&#038;p=45329"},"modified":"2025-07-11T23:11:48","modified_gmt":"2025-07-12T05:11:48","slug":"molcajete-con-tapa-grabado","status":"publish","type":"product","link":"https:\/\/cardenna.com\/?product=molcajete-con-tapa-grabado","title":{"rendered":"Molcajete con tapa grabado"},"content":{"rendered":"<p><span style=\"font-weight: 300;\">Piedra y cincel, combinaci\u00f3n que el artesano productor maneja con maestr\u00eda, elige la piedra dura y rocosa de tipo basalto y la comienza a trabajar. Pieza prehisp\u00e1nica indispensable en la cocina mexicana. Su nombre proviene de su origen n\u00e1huatl molli (salsa) y caxitl (cajete), mollicaxtli. La selecci\u00f3n de Carde\u00f1a es proveniente de San Nicol\u00e1s Obispo, Michoac\u00e1n.<\/span><\/p>\n<p><span style=\"font-weight: 300;\">Su singular dise\u00f1o con detalles en cruz se logra a trav\u00e9s de distintas t\u00e9cnicas: percusi\u00f3n, presi\u00f3n o desgaste. La particularidad es que no solo viene con su <\/span><span style=\"font-weight: 300;\">Tejolote<\/span><span style=\"font-weight: 300;\"> (mazo) sino tambi\u00e9n con tapa.<\/span><\/p>\n<p><span style=\"font-weight: 300;\">Todos nuestros productos son libres de plomo y est\u00e1n hechos a mano, por lo que se pueden encontrar algunas variaciones de dise\u00f1o y\/o color distintas a las im\u00e1genes. Cons\u00faltanos para m\u00e1s informaci\u00f3n en nuestro mail\u00a0 <\/span><a href=\"mailto:contacto@cardenna.com\"><span style=\"font-weight: 400;\">contacto@cardenna.com<\/span><\/a><\/p>\n","protected":false},"excerpt":{"rendered":"<p>Piedra y cincel, combinaci\u00f3n que el artesano productor maneja con [&hellip;]<\/p>\n","protected":false},"featured_media":45755,"comment_status":"closed","ping_status":"closed","template":"","meta":[],"product_brand":[],"product_cat":[167],"product_tag":[171],"class_list":{"0":"post-45329","1":"product","2":"type-product","3":"status-publish","4":"has-post-thumbnail","6":"product_cat-piedra","7":"product_tag-michoacan","9":"first","10":"instock","11":"sold-individually","12":"shipping-taxable","13":"purchasable","14":"product-type-simple"},"yoast_head":"<!-- This site is optimized with the Yoast SEO plugin v26.0 - https:\/\/yoast.com\/wordpress\/plugins\/seo\/ -->\n<title>Molcajete con tapa grabado - Cardenna<\/title>\n<meta name=\"robots\" content=\"index, follow, max-snippet:-1, max-image-preview:large, max-video-preview:-1\" \/>\n<link rel=\"canonical\" href=\"https:\/\/cardenna.com\/?product=molcajete-con-tapa-grabado\" \/>\n<meta property=\"og:locale\" content=\"es_MX\" \/>\n<meta property=\"og:type\" content=\"article\" \/>\n<meta property=\"og:title\" content=\"Molcajete con tapa grabado - Cardenna\" \/>\n<meta property=\"og:description\" content=\"Piedra y cincel, combinaci\u00f3n que el artesano productor maneja con [&hellip;]\" \/>\n<meta property=\"og:url\" content=\"https:\/\/cardenna.com\/?product=molcajete-con-tapa-grabado\" \/>\n<meta property=\"og:site_name\" content=\"Cardenna\" \/>\n<meta property=\"article:modified_time\" content=\"2025-07-12T05:11:48+00:00\" \/>\n<meta property=\"og:image\" content=\"https:\/\/cardenna.com\/wp-content\/uploads\/2023\/09\/MIMTG-1_gradiente.jpeg\" \/>\n\t<meta property=\"og:image:width\" content=\"1000\" \/>\n\t<meta property=\"og:image:height\" content=\"1240\" \/>\n\t<meta property=\"og:image:type\" content=\"image\/jpeg\" \/>\n<meta name=\"twitter:card\" content=\"summary_large_image\" \/>\n<meta name=\"twitter:label1\" content=\"Tiempo de lectura\" \/>\n\t<meta name=\"twitter:data1\" content=\"1 minuto\" \/>\n<script type=\"application\/ld+json\" class=\"yoast-schema-graph\">{\"@context\":\"https:\/\/schema.org\",\"@graph\":[{\"@type\":\"WebPage\",\"@id\":\"https:\/\/cardenna.com\/?product=molcajete-con-tapa-grabado\",\"url\":\"https:\/\/cardenna.com\/?product=molcajete-con-tapa-grabado\",\"name\":\"Molcajete con tapa grabado - Cardenna\",\"isPartOf\":{\"@id\":\"https:\/\/cardenna.com\/#website\"},\"primaryImageOfPage\":{\"@id\":\"https:\/\/cardenna.com\/?product=molcajete-con-tapa-grabado#primaryimage\"},\"image\":{\"@id\":\"https:\/\/cardenna.com\/?product=molcajete-con-tapa-grabado#primaryimage\"},\"thumbnailUrl\":\"https:\/\/cardenna.com\/wp-content\/uploads\/2023\/09\/MIMTG-1_gradiente.jpeg\",\"datePublished\":\"2023-09-06T07:30:12+00:00\",\"dateModified\":\"2025-07-12T05:11:48+00:00\",\"breadcrumb\":{\"@id\":\"https:\/\/cardenna.com\/?product=molcajete-con-tapa-grabado#breadcrumb\"},\"inLanguage\":\"es\",\"potentialAction\":[{\"@type\":\"ReadAction\",\"target\":[\"https:\/\/cardenna.com\/?product=molcajete-con-tapa-grabado\"]}]},{\"@type\":\"ImageObject\",\"inLanguage\":\"es\",\"@id\":\"https:\/\/cardenna.com\/?product=molcajete-con-tapa-grabado#primaryimage\",\"url\":\"https:\/\/cardenna.com\/wp-content\/uploads\/2023\/09\/MIMTG-1_gradiente.jpeg\",\"contentUrl\":\"https:\/\/cardenna.com\/wp-content\/uploads\/2023\/09\/MIMTG-1_gradiente.jpeg\",\"width\":1000,\"height\":1240},{\"@type\":\"BreadcrumbList\",\"@id\":\"https:\/\/cardenna.com\/?product=molcajete-con-tapa-grabado#breadcrumb\",\"itemListElement\":[{\"@type\":\"ListItem\",\"position\":1,\"name\":\"Inicio\",\"item\":\"https:\/\/cardenna.com\/\"},{\"@type\":\"ListItem\",\"position\":2,\"name\":\"Tienda\",\"item\":\"https:\/\/cardenna.com\/?page_id=2110\"},{\"@type\":\"ListItem\",\"position\":3,\"name\":\"Molcajete con tapa grabado\"}]},{\"@type\":\"WebSite\",\"@id\":\"https:\/\/cardenna.com\/#website\",\"url\":\"https:\/\/cardenna.com\/\",\"name\":\"Cardenna\",\"description\":\"Arte Mexicano\",\"potentialAction\":[{\"@type\":\"SearchAction\",\"target\":{\"@type\":\"EntryPoint\",\"urlTemplate\":\"https:\/\/cardenna.com\/?s={search_term_string}\"},\"query-input\":{\"@type\":\"PropertyValueSpecification\",\"valueRequired\":true,\"valueName\":\"search_term_string\"}}],\"inLanguage\":\"es\"}]}<\/script>\n<!-- \/ Yoast SEO plugin. -->","yoast_head_json":{"title":"Molcajete con tapa grabado - Cardenna","robots":{"index":"index","follow":"follow","max-snippet":"max-snippet:-1","max-image-preview":"max-image-preview:large","max-video-preview":"max-video-preview:-1"},"canonical":"https:\/\/cardenna.com\/?product=molcajete-con-tapa-grabado","og_locale":"es_MX","og_type":"article","og_title":"Molcajete con tapa grabado - Cardenna","og_description":"Piedra y cincel, combinaci\u00f3n que el artesano productor maneja con [&hellip;]","og_url":"https:\/\/cardenna.com\/?product=molcajete-con-tapa-grabado","og_site_name":"Cardenna","article_modified_time":"2025-07-12T05:11:48+00:00","og_image":[{"width":1000,"height":1240,"url":"https:\/\/cardenna.com\/wp-content\/uploads\/2023\/09\/MIMTG-1_gradiente.jpeg","type":"image\/jpeg"}],"twitter_card":"summary_large_image","twitter_misc":{"Tiempo de lectura":"1 minuto"},"schema":{"@context":"https:\/\/schema.org","@graph":[{"@type":"WebPage","@id":"https:\/\/cardenna.com\/?product=molcajete-con-tapa-grabado","url":"https:\/\/cardenna.com\/?product=molcajete-con-tapa-grabado","name":"Molcajete con tapa grabado - Cardenna","isPartOf":{"@id":"https:\/\/cardenna.com\/#website"},"primaryImageOfPage":{"@id":"https:\/\/cardenna.com\/?product=molcajete-con-tapa-grabado#primaryimage"},"image":{"@id":"https:\/\/cardenna.com\/?product=molcajete-con-tapa-grabado#primaryimage"},"thumbnailUrl":"https:\/\/cardenna.com\/wp-content\/uploads\/2023\/09\/MIMTG-1_gradiente.jpeg","datePublished":"2023-09-06T07:30:12+00:00","dateModified":"2025-07-12T05:11:48+00:00","breadcrumb":{"@id":"https:\/\/cardenna.com\/?product=molcajete-con-tapa-grabado#breadcrumb"},"inLanguage":"es","potentialAction":[{"@type":"ReadAction","target":["https:\/\/cardenna.com\/?product=molcajete-con-tapa-grabado"]}]},{"@type":"ImageObject","inLanguage":"es","@id":"https:\/\/cardenna.com\/?product=molcajete-con-tapa-grabado#primaryimage","url":"https:\/\/cardenna.com\/wp-content\/uploads\/2023\/09\/MIMTG-1_gradiente.jpeg","contentUrl":"https:\/\/cardenna.com\/wp-content\/uploads\/2023\/09\/MIMTG-1_gradiente.jpeg","width":1000,"height":1240},{"@type":"BreadcrumbList","@id":"https:\/\/cardenna.com\/?product=molcajete-con-tapa-grabado#breadcrumb","itemListElement":[{"@type":"ListItem","position":1,"name":"Inicio","item":"https:\/\/cardenna.com\/"},{"@type":"ListItem","position":2,"name":"Tienda","item":"https:\/\/cardenna.com\/?page_id=2110"},{"@type":"ListItem","position":3,"name":"Molcajete con tapa grabado"}]},{"@type":"WebSite","@id":"https:\/\/cardenna.com\/#website","url":"https:\/\/cardenna.com\/","name":"Cardenna","description":"Arte Mexicano","potentialAction":[{"@type":"SearchAction","target":{"@type":"EntryPoint","urlTemplate":"https:\/\/cardenna.com\/?s={search_term_string}"},"query-input":{"@type":"PropertyValueSpecification","valueRequired":true,"valueName":"search_term_string"}}],"inLanguage":"es"}]}},"lang":"es","translations":{"es":45329,"en":46177},"pll_sync_post":[],"_links":{"self":[{"href":"https:\/\/cardenna.com\/index.php?rest_route=\/wp\/v2\/product\/45329","targetHints":{"allow":["GET"]}}],"collection":[{"href":"https:\/\/cardenna.com\/index.php?rest_route=\/wp\/v2\/product"}],"about":[{"href":"https:\/\/cardenna.com\/index.php?rest_route=\/wp\/v2\/types\/product"}],"replies":[{"embeddable":true,"href":"https:\/\/cardenna.com\/index.php?rest_route=%2Fwp%2Fv2%2Fcomments&post=45329"}],"wp:featuredmedia":[{"embeddable":true,"href":"https:\/\/cardenna.com\/index.php?rest_route=\/wp\/v2\/media\/45755"}],"wp:attachment":[{"href":"https:\/\/cardenna.com\/index.php?rest_route=%2Fwp%2Fv2%2Fmedia&parent=45329"}],"wp:term":[{"taxonomy":"product_brand","embeddable":true,"href":"https:\/\/cardenna.com\/index.php?rest_route=%2Fwp%2Fv2%2Fproduct_brand&post=45329"},{"taxonomy":"product_cat","embeddable":true,"href":"https:\/\/cardenna.com\/index.php?rest_route=%2Fwp%2Fv2%2Fproduct_cat&post=45329"},{"taxonomy":"product_tag","embeddable":true,"href":"https:\/\/cardenna.com\/index.php?rest_route=%2Fwp%2Fv2%2Fproduct_tag&post=45329"}],"curies":[{"name":"wp","href":"https:\/\/api.w.org\/{rel}","templated":true}]}}