{"id":46723,"date":"2021-02-26T16:11:52","date_gmt":"2021-02-26T16:11:52","guid":{"rendered":"https:\/\/avadawebsites.wpengine.com\/retail\/?page_id=1070"},"modified":"2023-12-26T13:59:40","modified_gmt":"2023-12-26T19:59:40","slug":"my-account-3","status":"publish","type":"page","link":"https:\/\/cardenna.com\/?page_id=46723&lang=en","title":{"rendered":"My account"},"content":{"rendered":"<div class=\"fusion-fullwidth fullwidth-box fusion-builder-row-1 fusion-flex-container nonhundred-percent-fullwidth non-hundred-percent-height-scrolling\" style=\"--awb-border-radius-top-left:0px;--awb-border-radius-top-right:0px;--awb-border-radius-bottom-right:0px;--awb-border-radius-bottom-left:0px;--awb-flex-wrap:wrap;\" ><div class=\"fusion-builder-row fusion-row fusion-flex-align-items-flex-start fusion-flex-content-wrap\" style=\"max-width:1248px;margin-left: calc(-4% \/ 2 );margin-right: calc(-4% \/ 2 );\"><div class=\"fusion-layout-column fusion_builder_column fusion-builder-column-0 fusion_builder_column_1_1 1_1 fusion-flex-column\" style=\"--awb-bg-size:cover;--awb-width-large:100%;--awb-margin-top-large:0px;--awb-spacing-right-large:1.92%;--awb-margin-bottom-large:20px;--awb-spacing-left-large:1.92%;--awb-width-medium:100%;--awb-order-medium:0;--awb-spacing-right-medium:1.92%;--awb-spacing-left-medium:1.92%;--awb-width-small:100%;--awb-order-small:0;--awb-spacing-right-small:1.92%;--awb-spacing-left-small:1.92%;\"><div class=\"fusion-column-wrapper fusion-column-has-shadow fusion-flex-justify-content-flex-start fusion-content-layout-column\"><div class=\"fusion-text fusion-text-1\"><div class=\"woocommerce\"><div class=\"woocommerce-notices-wrapper\"><\/div><div id=\"customer_login\" class=\"woocommerce-content-box full-width\">\n\n<div class=\"xoo-el-form-container xoo-el-form-inline\" data-active=\"login\">\n\n\t\n\t\n\t\n<div class=\"xoo-el-header\">\n\t<ul class=\"xoo-el-tabs\">\n\t\t\n        \t\t  <li data-tab=\"login\" class=\"xoo-el-login-tgr\" style=\"order: 0 \">Ingresar<\/li>\n        \n\t\t \n\t\t\t<li data-tab=\"register\" class=\"xoo-el-reg-tgr\" style=\"order: 1\">Registrarse<\/li>\n\t\t\n\t<\/ul>\n<\/div>\n\t\n\t\n\t\t\n\t\t\t\n\t\t<div data-section=\"login\" class=\"xoo-el-section\">\n\n\t\t\t<div class=\"xoo-el-fields\">\n\n\t\t\t\t<div class=\"xoo-el-notice\"><\/div>\n\t\t\t\t<form class=\"xoo-el-action-form xoo-el-form-login\">\n\n\t\t\t\t\t\n\t\t\t\t\t<div class=\"xoo-el-fields-cont\"><div class=\"xoo-aff-group xoo-aff-cont-text one xoo-aff-cont-required xoo-el-username_cont\"><div class=\"xoo-aff-input-group\"><span class=\"xoo-aff-input-icon fas fa-user-plus\"><\/span><input type=\"text\" class=\"xoo-aff-required xoo-aff-text\" name=\"xoo-el-username\" placeholder=\"Email\"  value=\"\" required=\"\t\" autocomplete=\"username\"\/><\/div><\/div><div class=\"xoo-aff-group xoo-aff-cont-password one xoo-aff-cont-required xoo-el-password_cont\"><div class=\"xoo-aff-input-group\"><span class=\"xoo-aff-input-icon fas fa-key\"><\/span><input type=\"password\" class=\"xoo-aff-required xoo-aff-password\" name=\"xoo-el-password\" placeholder=\"Contrase\u00f1a\"  value=\"\" required=\"\t\" autocomplete=\"current-password\"\/><div class=\"xoo-aff-pw-toggle\">\n\t\t\t\t\t<span class=\"xoo-aff-pwtog-show\"><i class=\"far fa-eye\"><\/i><\/span>\n\t\t\t\t\t<span class=\"xoo-aff-pwtog-hide\"><i class=\"far fa-eye-slash\"><\/i><\/span>\n\t\t\t\t\t<\/div><\/div><\/div><\/div>\n<div class=\"xoo-aff-group xoo-el-login-btm-fields\">\n\t<label class=\"xoo-el-form-label\">\n\t\t<input type=\"checkbox\" name=\"xoo-el-rememberme\" value=\"forever\" \/>\n\t\t<span>Recordarme<\/span>\n\t<\/label>\n\t<a class=\"xoo-el-lostpw-tgr\" rel=\"nofollow\" href=\"#\">\u00bfOlvidaste la contrase\u00f1a?<\/a>\n<\/div>\n\n\n<input type=\"hidden\" name=\"_xoo_el_form\" value=\"login\">\n\n<button type=\"submit\" class=\"button btn xoo-el-action-btn xoo-el-login-btn\" >Iniciar sesi\u00f3n<\/button>\n\n<input type=\"hidden\" name=\"xoo_el_redirect\" value=\"\/index.php?rest_route=%2Fwp%2Fv2%2Fpages%2F46723\">\n\t\t\t\t\t\n\t\t\t\t<\/form>\n\n\t\t\t\t\r\n\t\r\n\t\r\n\r\n\t\r\n\t\n\t\t\t<\/div>\n\n\t\t<\/div>\n\n\t\n\t\t\t\n\t\t<div data-section=\"register\" class=\"xoo-el-section\">\n\n\t\t\t<div class=\"xoo-el-fields\">\n\n\t\t\t\t<div class=\"xoo-el-notice\"><\/div>\n\t\t\t\t<form class=\"xoo-el-action-form xoo-el-form-register\">\n\n\t\t\t\t\t\n\t\t\t\t\t<div class=\"xoo-el-fields-cont\"><div class=\"xoo-aff-group xoo-aff-cont-email one xoo-aff-cont-required xoo_el_reg_email_cont\"><div class=\"xoo-aff-input-group\"><span class=\"xoo-aff-input-icon fas fa-at\"><\/span><input type=\"email\" class=\"xoo-aff-required xoo-aff-email\" name=\"xoo_el_reg_email\" placeholder=\"Email\"  value=\"\" required=\"\t\" autocomplete=\"email\"\/><\/div><\/div><div class=\"xoo-aff-group xoo-aff-cont-text onehalf xoo-aff-cont-required xoo_el_reg_fname_cont\"><div class=\"xoo-aff-input-group\"><span class=\"xoo-aff-input-icon far fa-user\"><\/span><input type=\"text\" class=\"xoo-aff-required xoo-aff-text\" name=\"xoo_el_reg_fname\" placeholder=\"Nombre\"  value=\"\" required=\"\t\"\/><\/div><\/div><div class=\"xoo-aff-group xoo-aff-cont-text onehalf xoo-aff-cont-required xoo_el_reg_lname_cont\"><div class=\"xoo-aff-input-group\"><span class=\"xoo-aff-input-icon far fa-user\"><\/span><input type=\"text\" class=\"xoo-aff-required xoo-aff-text\" name=\"xoo_el_reg_lname\" placeholder=\"Apellidos\"  value=\"\" required=\"\t\"\/><\/div><\/div><div class=\"xoo-aff-group xoo-aff-cont-password one xoo-aff-cont-required xoo_el_reg_pass_cont\"><div class=\"xoo-aff-input-group\"><span class=\"xoo-aff-input-icon fas fa-key\"><\/span><input type=\"password\" class=\"xoo-aff-required xoo-aff-password\" name=\"xoo_el_reg_pass\" placeholder=\"Password\"  value=\"\" maxlength=\"20\" minlength=\"6\" required=\"\t\" autocomplete=\"new-password\"\/><div class=\"xoo-aff-pw-toggle\">\n\t\t\t\t\t<span class=\"xoo-aff-pwtog-show\"><i class=\"far fa-eye\"><\/i><\/span>\n\t\t\t\t\t<span class=\"xoo-aff-pwtog-hide\"><i class=\"far fa-eye-slash\"><\/i><\/span>\n\t\t\t\t\t<\/div><\/div><\/div><div class=\"xoo-aff-group xoo-aff-cont-password one xoo-aff-cont-required xoo_el_reg_pass_again_cont\"><div class=\"xoo-aff-input-group\"><span class=\"xoo-aff-input-icon fas fa-key\"><\/span><input type=\"password\" class=\"xoo-aff-required xoo-aff-password\" name=\"xoo_el_reg_pass_again\" placeholder=\"Confirm Password\"  value=\"\" required=\"\t\" autocomplete=\"new-password\"\/><div class=\"xoo-aff-pw-toggle\">\n\t\t\t\t\t<span class=\"xoo-aff-pwtog-show\"><i class=\"far fa-eye\"><\/i><\/span>\n\t\t\t\t\t<span class=\"xoo-aff-pwtog-hide\"><i class=\"far fa-eye-slash\"><\/i><\/span>\n\t\t\t\t\t<\/div><\/div><\/div><div class=\"xoo-aff-group xoo-aff-cont-checkbox_single one xoo-aff-cont-required xoo_el_reg_terms_cont\"><div class=\"xoo-aff-required xoo-aff-checkbox_single\"><label><input type=\"checkbox\" name=\"xoo_el_reg_terms\" class=\"xoo-aff-required xoo-aff-checkbox_single\" value=\"yes\" >Acepto los <a href=\"https:\/\/cardenna.com\/?page_id=45956\" target=\"_blank\"> Terminos y condiciones<\/a><\/label><\/div><\/div><\/div>\n<input type=\"hidden\" name=\"_xoo_el_form\" value=\"register\">\n\n\n<button type=\"submit\" class=\"button btn xoo-el-action-btn xoo-el-register-btn\">Registrarse<\/button>\n\n<input type=\"hidden\" name=\"xoo_el_redirect\" value=\"\/index.php?rest_route=%2Fwp%2Fv2%2Fpages%2F46723\">\n\t\t\t\t\t\n\t\t\t\t<\/form>\n\n\t\t\t\t\r\n\t\r\n\t\r\n\r\n\t\r\n\t\n\t\t\t<\/div>\n\n\t\t<\/div>\n\n\t\n\t\t\t\n\t\t<div data-section=\"lostpw\" class=\"xoo-el-section\">\n\n\t\t\t<div class=\"xoo-el-fields\">\n\n\t\t\t\t<div class=\"xoo-el-notice\"><\/div>\n\t\t\t\t<form class=\"xoo-el-action-form xoo-el-form-lostpw\">\n\n\t\t\t\t\t\n\t\t\t\t\t\n\n<span class=\"xoo-el-form-txt\">\u00bfOlvidaste tu contrase\u00f1a? Por favor ingresa tu nombre de usuario o correo electr\u00f3nico. Recibir\u00e1s en tu correo un enlace para crear nueva contrase\u00f1a.<\/span>\n\n<div class=\"xoo-el-fields-cont\"><div class=\"xoo-aff-group xoo-aff-cont-text one xoo-aff-cont-required user_login_cont\"><div class=\"xoo-aff-input-group\"><span class=\"xoo-aff-input-icon fas fa-user-plus\"><\/span><input type=\"text\" class=\"xoo-aff-required xoo-aff-text\" name=\"user_login\" placeholder=\"Email\"  value=\"\" required=\"\t\"\/><\/div><\/div><\/div>\n\n<input type=\"hidden\" name=\"_xoo_el_form\" value=\"lostPassword\">\n\n<input type=\"hidden\" name=\"_wp_http_referer\" value=\"\/index.php?rest_route=%2Fwp%2Fv2%2Fpages%2F46723\" \/>\n<button type=\"submit\" class=\"button btn xoo-el-action-btn xoo-el-lostpw-btn\">Enlace para restablecer el correo electr\u00f3nico<\/button>\n\t\t\t\t\t\n\t\t\t\t<\/form>\n\n\t\t\t\t\r\n\t\r\n\t\r\n\r\n\t\r\n\t\n\t\t\t<\/div>\n\n\t\t<\/div>\n\n\t\n\t\n<\/div>\t\t\n<\/div><\/div>\n<\/div><\/div><\/div><\/div><\/div>","protected":false},"excerpt":{"rendered":"","protected":false},"author":1,"featured_media":0,"parent":0,"menu_order":0,"comment_status":"closed","ping_status":"closed","template":"","meta":{"footnotes":""},"class_list":["post-46723","page","type-page","status-publish","hentry"],"yoast_head":"<!-- This site is optimized with the Yoast SEO plugin v26.0 - https:\/\/yoast.com\/wordpress\/plugins\/seo\/ -->\n<title>My account - Cardenna<\/title>\n<meta name=\"robots\" content=\"index, follow, max-snippet:-1, max-image-preview:large, max-video-preview:-1\" \/>\n<link rel=\"canonical\" href=\"https:\/\/cardenna.com\/?page_id=46723&lang=en\" \/>\n<meta property=\"og:locale\" content=\"es_MX\" \/>\n<meta property=\"og:type\" content=\"article\" \/>\n<meta property=\"og:title\" content=\"My account - Cardenna\" \/>\n<meta property=\"og:url\" content=\"https:\/\/cardenna.com\/?page_id=46723&amp;lang=en\" \/>\n<meta property=\"og:site_name\" content=\"Cardenna\" \/>\n<meta property=\"article:modified_time\" content=\"2023-12-26T19:59:40+00:00\" \/>\n<meta name=\"twitter:card\" content=\"summary_large_image\" \/>\n<meta name=\"twitter:label1\" content=\"Tiempo de lectura\" \/>\n\t<meta name=\"twitter:data1\" content=\"2 minutos\" \/>\n<script type=\"application\/ld+json\" class=\"yoast-schema-graph\">{\"@context\":\"https:\/\/schema.org\",\"@graph\":[{\"@type\":\"WebPage\",\"@id\":\"https:\/\/cardenna.com\/?page_id=46723&lang=en\",\"url\":\"https:\/\/cardenna.com\/?page_id=46723&lang=en\",\"name\":\"My account - Cardenna\",\"isPartOf\":{\"@id\":\"https:\/\/cardenna.com\/#website\"},\"datePublished\":\"2021-02-26T16:11:52+00:00\",\"dateModified\":\"2023-12-26T19:59:40+00:00\",\"breadcrumb\":{\"@id\":\"https:\/\/cardenna.com\/?page_id=46723&lang=en#breadcrumb\"},\"inLanguage\":\"es\",\"potentialAction\":[{\"@type\":\"ReadAction\",\"target\":[\"https:\/\/cardenna.com\/?page_id=46723&lang=en\"]}]},{\"@type\":\"BreadcrumbList\",\"@id\":\"https:\/\/cardenna.com\/?page_id=46723&lang=en#breadcrumb\",\"itemListElement\":[{\"@type\":\"ListItem\",\"position\":1,\"name\":\"Inicio\",\"item\":\"https:\/\/cardenna.com\/\"},{\"@type\":\"ListItem\",\"position\":2,\"name\":\"My account\"}]},{\"@type\":\"WebSite\",\"@id\":\"https:\/\/cardenna.com\/#website\",\"url\":\"https:\/\/cardenna.com\/\",\"name\":\"Cardenna\",\"description\":\"Arte Mexicano\",\"potentialAction\":[{\"@type\":\"SearchAction\",\"target\":{\"@type\":\"EntryPoint\",\"urlTemplate\":\"https:\/\/cardenna.com\/?s={search_term_string}\"},\"query-input\":{\"@type\":\"PropertyValueSpecification\",\"valueRequired\":true,\"valueName\":\"search_term_string\"}}],\"inLanguage\":\"es\"}]}<\/script>\n<!-- \/ Yoast SEO plugin. -->","yoast_head_json":{"title":"My account - Cardenna","robots":{"index":"index","follow":"follow","max-snippet":"max-snippet:-1","max-image-preview":"max-image-preview:large","max-video-preview":"max-video-preview:-1"},"canonical":"https:\/\/cardenna.com\/?page_id=46723&lang=en","og_locale":"es_MX","og_type":"article","og_title":"My account - Cardenna","og_url":"https:\/\/cardenna.com\/?page_id=46723&lang=en","og_site_name":"Cardenna","article_modified_time":"2023-12-26T19:59:40+00:00","twitter_card":"summary_large_image","twitter_misc":{"Tiempo de lectura":"2 minutos"},"schema":{"@context":"https:\/\/schema.org","@graph":[{"@type":"WebPage","@id":"https:\/\/cardenna.com\/?page_id=46723&lang=en","url":"https:\/\/cardenna.com\/?page_id=46723&lang=en","name":"My account - Cardenna","isPartOf":{"@id":"https:\/\/cardenna.com\/#website"},"datePublished":"2021-02-26T16:11:52+00:00","dateModified":"2023-12-26T19:59:40+00:00","breadcrumb":{"@id":"https:\/\/cardenna.com\/?page_id=46723&lang=en#breadcrumb"},"inLanguage":"es","potentialAction":[{"@type":"ReadAction","target":["https:\/\/cardenna.com\/?page_id=46723&lang=en"]}]},{"@type":"BreadcrumbList","@id":"https:\/\/cardenna.com\/?page_id=46723&lang=en#breadcrumb","itemListElement":[{"@type":"ListItem","position":1,"name":"Inicio","item":"https:\/\/cardenna.com\/"},{"@type":"ListItem","position":2,"name":"My account"}]},{"@type":"WebSite","@id":"https:\/\/cardenna.com\/#website","url":"https:\/\/cardenna.com\/","name":"Cardenna","description":"Arte Mexicano","potentialAction":[{"@type":"SearchAction","target":{"@type":"EntryPoint","urlTemplate":"https:\/\/cardenna.com\/?s={search_term_string}"},"query-input":{"@type":"PropertyValueSpecification","valueRequired":true,"valueName":"search_term_string"}}],"inLanguage":"es"}]}},"lang":"en","translations":{"en":46723,"es":1070},"pll_sync_post":[],"_links":{"self":[{"href":"https:\/\/cardenna.com\/index.php?rest_route=\/wp\/v2\/pages\/46723","targetHints":{"allow":["GET"]}}],"collection":[{"href":"https:\/\/cardenna.com\/index.php?rest_route=\/wp\/v2\/pages"}],"about":[{"href":"https:\/\/cardenna.com\/index.php?rest_route=\/wp\/v2\/types\/page"}],"author":[{"embeddable":true,"href":"https:\/\/cardenna.com\/index.php?rest_route=\/wp\/v2\/users\/1"}],"replies":[{"embeddable":true,"href":"https:\/\/cardenna.com\/index.php?rest_route=%2Fwp%2Fv2%2Fcomments&post=46723"}],"version-history":[{"count":0,"href":"https:\/\/cardenna.com\/index.php?rest_route=\/wp\/v2\/pages\/46723\/revisions"}],"wp:attachment":[{"href":"https:\/\/cardenna.com\/index.php?rest_route=%2Fwp%2Fv2%2Fmedia&parent=46723"}],"curies":[{"name":"wp","href":"https:\/\/api.w.org\/{rel}","templated":true}]}}