{"id":46155,"date":"2023-10-22T09:32:28","date_gmt":"2023-10-22T15:32:28","guid":{"rendered":"https:\/\/cardenna.com\/?page_id=46155"},"modified":"2024-01-07T17:58:26","modified_gmt":"2024-01-07T23:58:26","slug":"terms-and-conditions","status":"publish","type":"page","link":"https:\/\/cardenna.com\/?page_id=46155&lang=en","title":{"rendered":"Terms and conditions"},"content":{"rendered":"<p><div class=\"fusion-fullwidth fullwidth-box fusion-builder-row-1 fusion-flex-container has-pattern-background has-mask-background fusion-parallax-none nonhundred-percent-fullwidth non-hundred-percent-height-scrolling lazyload\" style=\"--awb-background-repeat:repeat;--awb-border-color:var(--awb-color1);--awb-border-radius-top-left:0px;--awb-border-radius-top-right:0px;--awb-border-radius-bottom-right:0px;--awb-border-radius-bottom-left:0px;--awb-padding-top:75px;--awb-padding-right:18vw;--awb-padding-bottom:75px;--awb-padding-left:18vw;--awb-padding-top-small:10vw;--awb-padding-right-small:8vw;--awb-padding-bottom-small:10vw;--awb-padding-left-small:8vw;--awb-margin-bottom:60px;--awb-margin-bottom-small:30px;--awb-background-color:var(--awb-color8);--awb-background-image:linear-gradient(180deg, hsla(var(--awb-color3-h),var(--awb-color3-s),calc( var(--awb-color3-l) - 73% ),calc( var(--awb-color3-a) - 85% )) 0%,hsla(var(--awb-color3-h),var(--awb-color3-s),calc( var(--awb-color3-l) - 73% ),calc( var(--awb-color3-a) - 85% )) 100%);;--awb-background-size:;--awb-flex-wrap:wrap;\" data-bg=\"http:\/\/localhost:8888\/cardenna\/wp-content\/uploads\/2021\/02\/pattern-5.png\" data-bg-gradient=\"linear-gradient(180deg, hsla(var(--awb-color3-h),var(--awb-color3-s),calc( var(--awb-color3-l) - 73% ),calc( var(--awb-color3-a) - 85% )) 0%,hsla(var(--awb-color3-h),var(--awb-color3-s),calc( var(--awb-color3-l) - 73% ),calc( var(--awb-color3-a) - 85% )) 100%)\" ><div class=\"fusion-builder-row fusion-row fusion-flex-align-items-flex-start fusion-flex-content-wrap\" style=\"max-width:1248px;margin-left: calc(-4% \/ 2 );margin-right: calc(-4% \/ 2 );\"><div class=\"fusion-layout-column fusion_builder_column fusion-builder-column-0 fusion_builder_column_1_1 1_1 fusion-flex-column fusion-animated\" style=\"--awb-bg-position:center center;--awb-bg-size:cover;--awb-width-large:100%;--awb-margin-top-large:0px;--awb-spacing-right-large:1.92%;--awb-margin-bottom-large:0px;--awb-spacing-left-large:1.92%;--awb-width-medium:100%;--awb-order-medium:0;--awb-spacing-right-medium:1.92%;--awb-spacing-left-medium:1.92%;--awb-width-small:100%;--awb-order-small:0;--awb-spacing-right-small:1.92%;--awb-spacing-left-small:1.92%;\" data-animationType=\"fadeInUp\" data-animationDuration=\"1.0\" data-animationOffset=\"top-into-view\"><div class=\"fusion-column-wrapper fusion-column-has-shadow fusion-flex-justify-content-flex-start fusion-content-layout-column\"><div class=\"fusion-title title fusion-title-1 fusion-sep-none fusion-title-center fusion-title-text fusion-title-size-one\" style=\"--awb-text-color:var(--awb-color1);--awb-margin-top:0px;--awb-margin-bottom:0px;\"><h1 class=\"fusion-title-heading title-heading-center\" style=\"margin:0;\">Terms and conditions<\/h1><\/div><\/div><\/div><\/div><\/div><div class=\"fusion-fullwidth fullwidth-box fusion-builder-row-2 fusion-flex-container has-pattern-background has-mask-background nonhundred-percent-fullwidth non-hundred-percent-height-scrolling\" style=\"--awb-border-radius-top-left:0px;--awb-border-radius-top-right:0px;--awb-border-radius-bottom-right:0px;--awb-border-radius-bottom-left:0px;--awb-flex-wrap:wrap;\" ><div class=\"fusion-builder-row fusion-row fusion-flex-align-items-flex-start fusion-flex-content-wrap\" style=\"max-width:1248px;margin-left: calc(-4% \/ 2 );margin-right: calc(-4% \/ 2 );\"><div class=\"fusion-layout-column fusion_builder_column fusion-builder-column-1 fusion_builder_column_1_1 1_1 fusion-flex-column\" style=\"--awb-bg-size:cover;--awb-width-large:100%;--awb-margin-top-large:0px;--awb-spacing-right-large:1.92%;--awb-margin-bottom-large:20px;--awb-spacing-left-large:1.92%;--awb-width-medium:100%;--awb-order-medium:0;--awb-spacing-right-medium:1.92%;--awb-spacing-left-medium:1.92%;--awb-width-small:100%;--awb-order-small:0;--awb-spacing-right-small:1.92%;--awb-spacing-left-small:1.92%;\"><div class=\"fusion-column-wrapper fusion-column-has-shadow fusion-flex-justify-content-flex-start fusion-content-layout-column\"><div class=\"fusion-text fusion-text-1\"><p>These terms and conditions are applicable to all people who use this online store, located at www.cardenna.com. These Terms and Conditions constitute the general contracting conditions and, together with the Purchase Orders, the corresponding Purchase Confirmations and the other Contractual Documents of the store, govern the relationship that exists between Comercializadora Carde\u00f1a y Compa\u00f1\u00eda, S.A. of C.V. (\u201cCarde\u00f1a M\u00e9xico\u201d or \u201cWe\u201d and all people who use the Online Store and purchase products through electronic means and\/or people who visit the online store and consult or use its content (the \u201ccustomers\u201d) Please read these Terms and Conditions carefully. By using this www.cardenna.com you represent that you have read and understood the Contractual Documents of www.cardenna.com and that you agree to be bound in accordance with the statements and clauses contained therein. establish.<\/p>\n<h4>1. Background<\/h4>\n<p>Carde\u00f1a M\u00e9xico has developed the Online Store so that any person located in Mexico or abroad can purchase any of the products included in our Online Product Catalog and request that said items be delivered to any address located in Mexico or abroad. . The use of this www.cardenna.com is governed by the legislation of the United Mexican States. If you use www.cardenna.com from another country, you are using our www.cardenna.com at your own risk and are responsible for compliance with Mexican laws and those in force in the jurisdiction in which you are located. locate.<\/p>\n<h4>2. Statements from Carde\u00f1a Mexico<\/h4>\n<p>Carde\u00f1a M\u00e9xico declares that it is a commercial company established in accordance with the Laws of the United Mexican States; whose primary business activity is to sell the products it has in stock and that has developed its Online Store with the purpose that its customers can purchase through electronic means the products shown in the Online Product Catalogs in our www.cardenna.com, under the terms that the parties agree to in the Purchase Order or order and the corresponding Purchase Confirmation.<\/p>\n<h4>3. Client Declarations<\/h4>\n<p>The client declares in his own right: a) to be a natural person of legal age and to have full legal capacity to be bound by the terms of this contract, b) to have his domicile located, for the purposes of this contract, at the address he has provided to Carde\u00f1a M\u00e9xico in your online account registration; c) that you wish to register on www.cardenna.com to create an account that allows you to purchase products from the Online Store d) that you are aware that all transactions that are carried out on www.cardenna.com by yourself or by a third party and that are associated with the use of your passwords and\/or your electronic signature, will be attributable to you.<\/p>\n<h4>4. Definitions<\/h4>\n<p>The terms described below will have the meaning attributed to them; the above, whether they are used in upper or lower case, singular or plural, or in abbreviated form.<\/p>\n<p>\u201cOnline Product Catalog\u201d or \u201cCatalogue\u201d.- It is made up of all the products that are available in the Online Store; The products in the Catalog are not necessarily available or in stock at the time an order is placed; in addition; They may be changed, replaced or discontinued from time to time at the discretion of Carde\u00f1a M\u00e9xico.<\/p>\n<p>\u201cSite Contents&#8221;.- This term includes any information or material contained or published on www.cardenna.com. It includes, but is not limited to: brands, designs, product descriptions, code, text in HTML language, photographs or images.<\/p>\n<\/div><\/div><\/div><\/div><\/div><\/p>\n","protected":false},"excerpt":{"rendered":"","protected":false},"author":1,"featured_media":0,"parent":0,"menu_order":0,"comment_status":"closed","ping_status":"closed","template":"100-width.php","meta":{"footnotes":""},"class_list":["post-46155","page","type-page","status-publish","hentry"],"yoast_head":"<!-- This site is optimized with the Yoast SEO plugin v26.0 - https:\/\/yoast.com\/wordpress\/plugins\/seo\/ -->\n<title>Terms and conditions - Cardenna<\/title>\n<meta name=\"robots\" content=\"index, follow, max-snippet:-1, max-image-preview:large, max-video-preview:-1\" \/>\n<link rel=\"canonical\" href=\"https:\/\/cardenna.com\/?page_id=46155&lang=en\" \/>\n<meta property=\"og:locale\" content=\"es_MX\" \/>\n<meta property=\"og:type\" content=\"article\" \/>\n<meta property=\"og:title\" content=\"Terms and conditions - Cardenna\" \/>\n<meta property=\"og:url\" content=\"https:\/\/cardenna.com\/?page_id=46155&amp;lang=en\" \/>\n<meta property=\"og:site_name\" content=\"Cardenna\" \/>\n<meta property=\"article:modified_time\" content=\"2024-01-07T23:58:26+00:00\" \/>\n<meta name=\"twitter:card\" content=\"summary_large_image\" \/>\n<meta name=\"twitter:label1\" content=\"Tiempo de lectura\" \/>\n\t<meta name=\"twitter:data1\" content=\"3 minutos\" \/>\n<script type=\"application\/ld+json\" class=\"yoast-schema-graph\">{\"@context\":\"https:\/\/schema.org\",\"@graph\":[{\"@type\":\"WebPage\",\"@id\":\"https:\/\/cardenna.com\/?page_id=46155&lang=en\",\"url\":\"https:\/\/cardenna.com\/?page_id=46155&lang=en\",\"name\":\"Terms and conditions - Cardenna\",\"isPartOf\":{\"@id\":\"https:\/\/cardenna.com\/#website\"},\"datePublished\":\"2023-10-22T15:32:28+00:00\",\"dateModified\":\"2024-01-07T23:58:26+00:00\",\"breadcrumb\":{\"@id\":\"https:\/\/cardenna.com\/?page_id=46155&lang=en#breadcrumb\"},\"inLanguage\":\"es\",\"potentialAction\":[{\"@type\":\"ReadAction\",\"target\":[\"https:\/\/cardenna.com\/?page_id=46155&lang=en\"]}]},{\"@type\":\"BreadcrumbList\",\"@id\":\"https:\/\/cardenna.com\/?page_id=46155&lang=en#breadcrumb\",\"itemListElement\":[{\"@type\":\"ListItem\",\"position\":1,\"name\":\"Inicio\",\"item\":\"https:\/\/cardenna.com\/\"},{\"@type\":\"ListItem\",\"position\":2,\"name\":\"Terms and conditions\"}]},{\"@type\":\"WebSite\",\"@id\":\"https:\/\/cardenna.com\/#website\",\"url\":\"https:\/\/cardenna.com\/\",\"name\":\"Cardenna\",\"description\":\"Arte Mexicano\",\"potentialAction\":[{\"@type\":\"SearchAction\",\"target\":{\"@type\":\"EntryPoint\",\"urlTemplate\":\"https:\/\/cardenna.com\/?s={search_term_string}\"},\"query-input\":{\"@type\":\"PropertyValueSpecification\",\"valueRequired\":true,\"valueName\":\"search_term_string\"}}],\"inLanguage\":\"es\"}]}<\/script>\n<!-- \/ Yoast SEO plugin. -->","yoast_head_json":{"title":"Terms and conditions - Cardenna","robots":{"index":"index","follow":"follow","max-snippet":"max-snippet:-1","max-image-preview":"max-image-preview:large","max-video-preview":"max-video-preview:-1"},"canonical":"https:\/\/cardenna.com\/?page_id=46155&lang=en","og_locale":"es_MX","og_type":"article","og_title":"Terms and conditions - Cardenna","og_url":"https:\/\/cardenna.com\/?page_id=46155&lang=en","og_site_name":"Cardenna","article_modified_time":"2024-01-07T23:58:26+00:00","twitter_card":"summary_large_image","twitter_misc":{"Tiempo de lectura":"3 minutos"},"schema":{"@context":"https:\/\/schema.org","@graph":[{"@type":"WebPage","@id":"https:\/\/cardenna.com\/?page_id=46155&lang=en","url":"https:\/\/cardenna.com\/?page_id=46155&lang=en","name":"Terms and conditions - Cardenna","isPartOf":{"@id":"https:\/\/cardenna.com\/#website"},"datePublished":"2023-10-22T15:32:28+00:00","dateModified":"2024-01-07T23:58:26+00:00","breadcrumb":{"@id":"https:\/\/cardenna.com\/?page_id=46155&lang=en#breadcrumb"},"inLanguage":"es","potentialAction":[{"@type":"ReadAction","target":["https:\/\/cardenna.com\/?page_id=46155&lang=en"]}]},{"@type":"BreadcrumbList","@id":"https:\/\/cardenna.com\/?page_id=46155&lang=en#breadcrumb","itemListElement":[{"@type":"ListItem","position":1,"name":"Inicio","item":"https:\/\/cardenna.com\/"},{"@type":"ListItem","position":2,"name":"Terms and conditions"}]},{"@type":"WebSite","@id":"https:\/\/cardenna.com\/#website","url":"https:\/\/cardenna.com\/","name":"Cardenna","description":"Arte Mexicano","potentialAction":[{"@type":"SearchAction","target":{"@type":"EntryPoint","urlTemplate":"https:\/\/cardenna.com\/?s={search_term_string}"},"query-input":{"@type":"PropertyValueSpecification","valueRequired":true,"valueName":"search_term_string"}}],"inLanguage":"es"}]}},"lang":"en","translations":{"en":46155,"es":45950},"pll_sync_post":[],"_links":{"self":[{"href":"https:\/\/cardenna.com\/index.php?rest_route=\/wp\/v2\/pages\/46155","targetHints":{"allow":["GET"]}}],"collection":[{"href":"https:\/\/cardenna.com\/index.php?rest_route=\/wp\/v2\/pages"}],"about":[{"href":"https:\/\/cardenna.com\/index.php?rest_route=\/wp\/v2\/types\/page"}],"author":[{"embeddable":true,"href":"https:\/\/cardenna.com\/index.php?rest_route=\/wp\/v2\/users\/1"}],"replies":[{"embeddable":true,"href":"https:\/\/cardenna.com\/index.php?rest_route=%2Fwp%2Fv2%2Fcomments&post=46155"}],"version-history":[{"count":0,"href":"https:\/\/cardenna.com\/index.php?rest_route=\/wp\/v2\/pages\/46155\/revisions"}],"wp:attachment":[{"href":"https:\/\/cardenna.com\/index.php?rest_route=%2Fwp%2Fv2%2Fmedia&parent=46155"}],"curies":[{"name":"wp","href":"https:\/\/api.w.org\/{rel}","templated":true}]}}