{"id":46147,"date":"2023-10-22T09:31:51","date_gmt":"2023-10-22T15:31:51","guid":{"rendered":"https:\/\/cardenna.com\/?page_id=46147"},"modified":"2024-01-07T18:14:27","modified_gmt":"2024-01-08T00:14:27","slug":"privacy-policies","status":"publish","type":"page","link":"https:\/\/cardenna.com\/?page_id=46147&lang=en","title":{"rendered":"Privacy policies"},"content":{"rendered":"<p><div class=\"fusion-fullwidth fullwidth-box fusion-builder-row-1 fusion-flex-container has-pattern-background has-mask-background fusion-parallax-none nonhundred-percent-fullwidth non-hundred-percent-height-scrolling lazyload\" style=\"--awb-background-repeat:repeat;--awb-border-color:var(--awb-color1);--awb-border-radius-top-left:0px;--awb-border-radius-top-right:0px;--awb-border-radius-bottom-right:0px;--awb-border-radius-bottom-left:0px;--awb-padding-top:75px;--awb-padding-right:18vw;--awb-padding-bottom:75px;--awb-padding-left:18vw;--awb-padding-top-small:10vw;--awb-padding-right-small:8vw;--awb-padding-bottom-small:10vw;--awb-padding-left-small:8vw;--awb-margin-bottom:60px;--awb-margin-bottom-small:30px;--awb-background-color:var(--awb-color8);--awb-background-image:linear-gradient(180deg, hsla(var(--awb-color3-h),var(--awb-color3-s),calc( var(--awb-color3-l) - 73% ),calc( var(--awb-color3-a) - 85% )) 0%,hsla(var(--awb-color3-h),var(--awb-color3-s),calc( var(--awb-color3-l) - 73% ),calc( var(--awb-color3-a) - 85% )) 100%);;--awb-background-size:;--awb-flex-wrap:wrap;\" data-bg=\"http:\/\/localhost:8888\/cardenna\/wp-content\/uploads\/2021\/02\/pattern-5.png\" data-bg-gradient=\"linear-gradient(180deg, hsla(var(--awb-color3-h),var(--awb-color3-s),calc( var(--awb-color3-l) - 73% ),calc( var(--awb-color3-a) - 85% )) 0%,hsla(var(--awb-color3-h),var(--awb-color3-s),calc( var(--awb-color3-l) - 73% ),calc( var(--awb-color3-a) - 85% )) 100%)\" ><div class=\"fusion-builder-row fusion-row fusion-flex-align-items-flex-start fusion-flex-content-wrap\" style=\"max-width:1248px;margin-left: calc(-4% \/ 2 );margin-right: calc(-4% \/ 2 );\"><div class=\"fusion-layout-column fusion_builder_column fusion-builder-column-0 fusion_builder_column_1_1 1_1 fusion-flex-column fusion-animated\" style=\"--awb-bg-position:center center;--awb-bg-size:cover;--awb-width-large:100%;--awb-margin-top-large:0px;--awb-spacing-right-large:1.92%;--awb-margin-bottom-large:0px;--awb-spacing-left-large:1.92%;--awb-width-medium:100%;--awb-order-medium:0;--awb-spacing-right-medium:1.92%;--awb-spacing-left-medium:1.92%;--awb-width-small:100%;--awb-order-small:0;--awb-spacing-right-small:1.92%;--awb-spacing-left-small:1.92%;\" data-animationType=\"fadeInUp\" data-animationDuration=\"1.0\" data-animationOffset=\"top-into-view\"><div class=\"fusion-column-wrapper fusion-column-has-shadow fusion-flex-justify-content-flex-start fusion-content-layout-column\"><div class=\"fusion-title title fusion-title-1 fusion-sep-none fusion-title-center fusion-title-text fusion-title-size-one\" style=\"--awb-text-color:var(--awb-color1);--awb-margin-top:0px;--awb-margin-bottom:0px;\"><h1 class=\"fusion-title-heading title-heading-center\" style=\"margin:0;\">Privacy policies<\/h1><\/div><\/div><\/div><\/div><\/div><div class=\"fusion-fullwidth fullwidth-box fusion-builder-row-2 fusion-flex-container has-pattern-background has-mask-background nonhundred-percent-fullwidth non-hundred-percent-height-scrolling\" style=\"--awb-border-radius-top-left:0px;--awb-border-radius-top-right:0px;--awb-border-radius-bottom-right:0px;--awb-border-radius-bottom-left:0px;--awb-flex-wrap:wrap;\" ><div class=\"fusion-builder-row fusion-row fusion-flex-align-items-flex-start fusion-flex-content-wrap\" style=\"max-width:1248px;margin-left: calc(-4% \/ 2 );margin-right: calc(-4% \/ 2 );\"><div class=\"fusion-layout-column fusion_builder_column fusion-builder-column-1 fusion_builder_column_1_1 1_1 fusion-flex-column\" style=\"--awb-bg-size:cover;--awb-width-large:100%;--awb-margin-top-large:0px;--awb-spacing-right-large:1.92%;--awb-margin-bottom-large:20px;--awb-spacing-left-large:1.92%;--awb-width-medium:100%;--awb-order-medium:0;--awb-spacing-right-medium:1.92%;--awb-spacing-left-medium:1.92%;--awb-width-small:100%;--awb-order-small:0;--awb-spacing-right-small:1.92%;--awb-spacing-left-small:1.92%;\"><div class=\"fusion-column-wrapper fusion-column-has-shadow fusion-flex-justify-content-flex-start fusion-content-layout-column\"><div class=\"fusion-text fusion-text-1\"><p>Your privacy is very important to CARDE\u00d1A. The personal data you provide us through the online store is used to process orders, guarantee adequate deliveries, and provide better service. At no time will your personal data be shared with third parties.<\/p>\n<p>CARDE\u00d1A is responsible for collecting your personal data, the use given to it and its protection, in accordance with the provisions of the Federal Law on Protection of Personal Data Held by Private Parties. For more information about the treatment and the rights you can assert, you can access the comprehensive privacy notice through CARDENNA.COM.<\/p>\n<p>PERSONAL DATA THAT WILL BE PROCESSED BY THE CONTROLLER:<\/p>\n<p>Personal data obtained directly from the buyer.<br \/>\nIt is the information that you have provided us directly, through our online store, website, social networks,. The personal data we collect includes:<\/p>\n<ul>\n<li>Personal information<\/li>\n<li>Name, address, email, RFC<\/li>\n<li>Telephone, landline or cell phone number<\/li>\n<li>Age<\/li>\n<li>Birthdate<\/li>\n<\/ul>\n<p>Financial data<\/p>\n<ul>\n<li>Payment information (card number, name of the holder, expiration date and security code)<\/li>\n<li>Standardized banking CLABE (18 digits)<\/li>\n<li>Billing Address<\/li>\n<li>Sensitive personal data<\/li>\n<li>Carde\u00f1a does not process sensitive data through our online store, website or social networks<\/li>\n<\/ul>\n<p>B. Data we collect automatically when you use our website<br \/>\nWhen you interact with our page, website or social networks we will collect personal information in the following way:<br \/>\nWebsites: when you visit us, these data from your browser will be sent to our server:<\/p>\n<ul>\n<li>IP address<\/li>\n<li>The date and time of the visit and the time spent on our website.<\/li>\n<li>The referral URL (the site from which the visitor came)<\/li>\n<li>The pages visited on our website<\/li>\n<li>Information about the device and the browser such as browser type and version, operating system, etc.<\/li>\n<\/ul>\n<p>Cookies and tags: we use cookies and tags to track our page in order to store information about the preferences, interactions, statistics of our clients, so it is possible to send one or more cookies to the device used, for more information read the cookies section.<br \/>\nLocation: Carde\u00f1a may use various technologies to detect your location. We recommend that you are constantly familiar with your device settings to control the collection of your personal data.<\/p>\n<p>II. Purposes for which we will use your personal data<br \/>\nWhen registering in Carde\u00f1a, personal data will be used for identification and authentication purposes, so you will be able to log in regardless of where you are and the device used. The aforementioned purposes are detailed below:<\/p>\n<p>Legal relationship between Carde\u00f1a and you.<\/p>\n<ul>\n<li>Purchase of products through the Carde\u00f1a online store<\/li>\n<li>Be able to provide you with the contracted services efficiently and with the proper quality<\/li>\n<li>Comply with our product delivery obligations, including the processing, information, delivery and status of your order<\/li>\n<li>Customer service attention for the purposes of using your personal data to identify your order information, contact history and processing requests as well as address refund requests.<\/li>\n<li>Establishment of relationships with our shipping and collection platforms.<\/li>\n<li>Carry out controls to evaluate that your credit or debit card is not classified as fraudulent and thus avoid possible fraud.<\/li>\n<li>For identification purposes, to create a unique global record, as well as create a profile for you with the information necessary to offer you our products and services.<\/li>\n<li>Analyze your way of interacting with our brand through the previously mentioned channels.<\/li>\n<li>Comply with regulatory obligations issued by the competent authorities as well as meet their requirements.<\/li>\n<\/ul>\n<p>Purposes for improvement and maintenance<\/p>\n<ul>\n<li>Inform about products that you have requested from us<\/li>\n<li>Statistical purposes to evaluate the quality of products and services borrowed goods.<\/li>\n<li>Marketing, advertising or commercial prospecting purposes.<\/li>\n<li>Invite to promotions and events that Carde\u00f1a carries out<\/li>\n<li>To know our customers and improve their browsing experience and buy.<\/li>\n<\/ul>\n<p>If you wish to stop receiving messages from Carde\u00f1a you can use the unsubscribe link to the content in the messages you have received. Please note that if you decide to stop receiving marketing messages in the manner specified above, we will continue to process your personal data.<\/p>\n<p>III. WHEN WE SHARE YOUR PERSONAL DATA<\/p>\n<p>When you request a product or information from us, we may share your data confidentiality within Carde\u00f1a and we will not share it with third parties other than those indicated below:<\/p>\n<p>With other entities<\/p>\n<p>We share your personal data on a limited basis, to enable refunds, your authentication, and global registration.<\/p>\n<p>With service providers<\/p>\n<p>We share limited personal information that you provide to us if other entities act as providers of our services: payment processors and fraud management; for analysis of trends that will process your personal information under our policies and in compliance with the Data Law.<\/p>\n<p>Service providers Purpose<\/p>\n<\/p>\n<ul>\n<li>Stripe Exclusively for tracking<\/li>\n<li>\nPaypal of the sales made, the statistics-<\/li>\n<li>\nDHL information provided will be used with &#8211;<\/li>\n<li>\nFedEx inventory and improvement purposes<\/li>\n<li>\nFederal Government of our service.<\/li>\n<\/ul>\n<p>IV. RESTRICTION OF THE PROCESSING OF PERSONAL DATA<\/p>\n<p>You may submit your request to exercise the rights of Access, Rectification, Cancellation or Opposition of your personal data (ARCO rights) directly to our Transparency Unit, whose contact information is as follows:<\/p>\n<p>a) Name of its owner: Mar\u00eda Salazar Valencia<\/p>\n<p>b) Address: Col. Condesa, Alcald\u00eda Cuauht\u00e9moc, C.P: 06140 CDMX, M\u00e9xico<\/p>\n<p>c) Email contacto@cardenna.com<\/p>\n<p>d) Telephone number 55 2743 7204<\/p>\n<p>Likewise, you may request a request to exercise ARCO rights through the National Transparency Platform available at http:\/\/www.plaraformadetransparencia.org.mx and through the following means: for the attention of ARCO Rights, submit your request through the Transparency Unit located at Insurgentes Sur No. 3211 Col. Insurgentes Cuicuilco, Alcald\u00eda Coyoac\u00e1n, C.P. 04530, telephone number 8008354324, Switchboard: 5004 2400.<\/p>\n<p>If you wish to know the procedure for exercising these rights, you can go to the Transparency Unit or access the National Transparency Platform.<\/p>\n<p>If you do not authorize, revoke or limit the processing of your personal data, Carde\u00f1a may not be able to provide you with the benefits to which you would otherwise have access.<\/p>\n<p>V. USE OF COOKIES<\/p>\n<p>Carde\u00f1a uses cookies to ensure that your navigation to our Online Store and social networks is as pleasant as possible. You can change your browser settings to delete or prevent the storage of certain cookies on your computer or mobile device without your consent.<br \/>\nSAW. COMMITMENT TO YOU<\/p>\n<p>Carde\u00f1a undertakes to carry out security measures to protect your personal information, use it appropriately to avoid illegal or unauthorized treatment.<br \/>\nVII. PRESERVATION OF YOUR PERSONAL INFORMATION<\/p>\n<p>When the personal data are no longer necessary for the fulfillment of the purposes provided for in the privacy notice and that motivated their processing in accordance with the applicable provisions, they must be deleted after blocking, if applicable, and once the period expires. of conservation thereof.<br \/>\nThe periods of conservation of personal data must not exceed those that are necessary for the fulfillment of the purposes that justified its treatment and must comply with the applicable provisions on the matter in question, considering the administrative, accounting, tax, and legal aspects. and historical data of personal data.<\/p>\n<p>VIII. INFORMATION ABOUT MINORS<\/p>\n<p>CARDE\u00d1A does not collect information of any kind from children under 18 (eighteen) years of age.<\/p>\n<p>IX. CHANGES TO THE PRIVACY NOTICE<\/p>\n<p>At any time Carde\u00f1a has the right to make modifications or updates to this Privacy Notice. These modifications will be for public use and will be available on our website www.cardenna.com.<\/p>\n<p>Marketing Carde\u00f1a y C\u00eda. (Carde\u00f1a Mexico) will process the personal data indicated based on the provisions of articles 22, 23, 24, of the General Law on Protection of Personal Data Held by Obligated Subjects, in articles 23 and 117 of the General Law of Transparency. and Access to Public Information and in articles 30, 34, 37, 38, 39, 40, 42 of the General Guidelines for the Protection of Personal Data for the Public Sector.<br \/>\nI acknowledge that I have read and understand the scope and meaning of this notice to which I express my consent, as well as the mechanisms that the General Law of Personal Data Held by Obligated Subjects, the General Law of Transparency and Access to Public Information, The General Guidelines for the Protection of Personal Data for the Public Sector and this Privacy Notice confer on me the exercise of my rights of Access, Rectification, Cancellation and Opposition, (ARCO rights) as well as the limitation of use, transfer and disclosure of my data that Carde\u00f1a can perform.<\/p>\n<p>By using our platform, social networks and website you give your consent for the use, treatment and transfers for necessary and non-necessary purposes.<\/p>\n<\/div><\/div><\/div><\/div><\/div><\/p>\n","protected":false},"excerpt":{"rendered":"","protected":false},"author":1,"featured_media":0,"parent":0,"menu_order":0,"comment_status":"closed","ping_status":"closed","template":"100-width.php","meta":{"footnotes":""},"class_list":["post-46147","page","type-page","status-publish","hentry"],"yoast_head":"<!-- This site is optimized with the Yoast SEO plugin v26.0 - https:\/\/yoast.com\/wordpress\/plugins\/seo\/ -->\n<title>Privacy policies - Cardenna<\/title>\n<meta name=\"robots\" content=\"index, follow, max-snippet:-1, max-image-preview:large, max-video-preview:-1\" \/>\n<link rel=\"canonical\" href=\"https:\/\/cardenna.com\/?page_id=46147&lang=en\" \/>\n<meta property=\"og:locale\" content=\"es_MX\" \/>\n<meta property=\"og:type\" content=\"article\" \/>\n<meta property=\"og:title\" content=\"Privacy policies - Cardenna\" \/>\n<meta property=\"og:url\" content=\"https:\/\/cardenna.com\/?page_id=46147&amp;lang=en\" \/>\n<meta property=\"og:site_name\" content=\"Cardenna\" \/>\n<meta property=\"article:modified_time\" content=\"2024-01-08T00:14:27+00:00\" \/>\n<meta name=\"twitter:card\" content=\"summary_large_image\" \/>\n<meta name=\"twitter:label1\" content=\"Tiempo de lectura\" \/>\n\t<meta name=\"twitter:data1\" content=\"1 minuto\" \/>\n<script type=\"application\/ld+json\" class=\"yoast-schema-graph\">{\"@context\":\"https:\/\/schema.org\",\"@graph\":[{\"@type\":\"WebPage\",\"@id\":\"https:\/\/cardenna.com\/?page_id=46147&lang=en\",\"url\":\"https:\/\/cardenna.com\/?page_id=46147&lang=en\",\"name\":\"Privacy policies - Cardenna\",\"isPartOf\":{\"@id\":\"https:\/\/cardenna.com\/#website\"},\"datePublished\":\"2023-10-22T15:31:51+00:00\",\"dateModified\":\"2024-01-08T00:14:27+00:00\",\"breadcrumb\":{\"@id\":\"https:\/\/cardenna.com\/?page_id=46147&lang=en#breadcrumb\"},\"inLanguage\":\"es\",\"potentialAction\":[{\"@type\":\"ReadAction\",\"target\":[\"https:\/\/cardenna.com\/?page_id=46147&lang=en\"]}]},{\"@type\":\"BreadcrumbList\",\"@id\":\"https:\/\/cardenna.com\/?page_id=46147&lang=en#breadcrumb\",\"itemListElement\":[{\"@type\":\"ListItem\",\"position\":1,\"name\":\"Inicio\",\"item\":\"https:\/\/cardenna.com\/\"},{\"@type\":\"ListItem\",\"position\":2,\"name\":\"Privacy policies\"}]},{\"@type\":\"WebSite\",\"@id\":\"https:\/\/cardenna.com\/#website\",\"url\":\"https:\/\/cardenna.com\/\",\"name\":\"Cardenna\",\"description\":\"Arte Mexicano\",\"potentialAction\":[{\"@type\":\"SearchAction\",\"target\":{\"@type\":\"EntryPoint\",\"urlTemplate\":\"https:\/\/cardenna.com\/?s={search_term_string}\"},\"query-input\":{\"@type\":\"PropertyValueSpecification\",\"valueRequired\":true,\"valueName\":\"search_term_string\"}}],\"inLanguage\":\"es\"}]}<\/script>\n<!-- \/ Yoast SEO plugin. -->","yoast_head_json":{"title":"Privacy policies - Cardenna","robots":{"index":"index","follow":"follow","max-snippet":"max-snippet:-1","max-image-preview":"max-image-preview:large","max-video-preview":"max-video-preview:-1"},"canonical":"https:\/\/cardenna.com\/?page_id=46147&lang=en","og_locale":"es_MX","og_type":"article","og_title":"Privacy policies - Cardenna","og_url":"https:\/\/cardenna.com\/?page_id=46147&lang=en","og_site_name":"Cardenna","article_modified_time":"2024-01-08T00:14:27+00:00","twitter_card":"summary_large_image","twitter_misc":{"Tiempo de lectura":"1 minuto"},"schema":{"@context":"https:\/\/schema.org","@graph":[{"@type":"WebPage","@id":"https:\/\/cardenna.com\/?page_id=46147&lang=en","url":"https:\/\/cardenna.com\/?page_id=46147&lang=en","name":"Privacy policies - Cardenna","isPartOf":{"@id":"https:\/\/cardenna.com\/#website"},"datePublished":"2023-10-22T15:31:51+00:00","dateModified":"2024-01-08T00:14:27+00:00","breadcrumb":{"@id":"https:\/\/cardenna.com\/?page_id=46147&lang=en#breadcrumb"},"inLanguage":"es","potentialAction":[{"@type":"ReadAction","target":["https:\/\/cardenna.com\/?page_id=46147&lang=en"]}]},{"@type":"BreadcrumbList","@id":"https:\/\/cardenna.com\/?page_id=46147&lang=en#breadcrumb","itemListElement":[{"@type":"ListItem","position":1,"name":"Inicio","item":"https:\/\/cardenna.com\/"},{"@type":"ListItem","position":2,"name":"Privacy policies"}]},{"@type":"WebSite","@id":"https:\/\/cardenna.com\/#website","url":"https:\/\/cardenna.com\/","name":"Cardenna","description":"Arte Mexicano","potentialAction":[{"@type":"SearchAction","target":{"@type":"EntryPoint","urlTemplate":"https:\/\/cardenna.com\/?s={search_term_string}"},"query-input":{"@type":"PropertyValueSpecification","valueRequired":true,"valueName":"search_term_string"}}],"inLanguage":"es"}]}},"lang":"en","translations":{"en":46147,"es":45956},"pll_sync_post":[],"_links":{"self":[{"href":"https:\/\/cardenna.com\/index.php?rest_route=\/wp\/v2\/pages\/46147","targetHints":{"allow":["GET"]}}],"collection":[{"href":"https:\/\/cardenna.com\/index.php?rest_route=\/wp\/v2\/pages"}],"about":[{"href":"https:\/\/cardenna.com\/index.php?rest_route=\/wp\/v2\/types\/page"}],"author":[{"embeddable":true,"href":"https:\/\/cardenna.com\/index.php?rest_route=\/wp\/v2\/users\/1"}],"replies":[{"embeddable":true,"href":"https:\/\/cardenna.com\/index.php?rest_route=%2Fwp%2Fv2%2Fcomments&post=46147"}],"version-history":[{"count":0,"href":"https:\/\/cardenna.com\/index.php?rest_route=\/wp\/v2\/pages\/46147\/revisions"}],"wp:attachment":[{"href":"https:\/\/cardenna.com\/index.php?rest_route=%2Fwp%2Fv2%2Fmedia&parent=46147"}],"curies":[{"name":"wp","href":"https:\/\/api.w.org\/{rel}","templated":true}]}}