{"id":46131,"date":"2023-10-22T09:30:22","date_gmt":"2023-10-22T15:30:22","guid":{"rendered":"https:\/\/cardenna.com\/?page_id=46131"},"modified":"2024-01-07T17:42:39","modified_gmt":"2024-01-07T23:42:39","slug":"important-information","status":"publish","type":"page","link":"https:\/\/cardenna.com\/?page_id=46131&lang=en","title":{"rendered":"Important information"},"content":{"rendered":"<p><div class=\"fusion-fullwidth fullwidth-box fusion-builder-row-1 fusion-flex-container has-pattern-background has-mask-background fusion-parallax-none nonhundred-percent-fullwidth non-hundred-percent-height-scrolling lazyload\" style=\"--awb-background-repeat:repeat;--awb-border-color:var(--awb-color1);--awb-border-radius-top-left:0px;--awb-border-radius-top-right:0px;--awb-border-radius-bottom-right:0px;--awb-border-radius-bottom-left:0px;--awb-padding-top:75px;--awb-padding-right:18vw;--awb-padding-bottom:75px;--awb-padding-left:18vw;--awb-padding-top-small:10vw;--awb-padding-right-small:8vw;--awb-padding-bottom-small:10vw;--awb-padding-left-small:8vw;--awb-margin-bottom:60px;--awb-margin-bottom-small:30px;--awb-background-color:var(--awb-color8);--awb-background-image:linear-gradient(180deg, hsla(var(--awb-color3-h),var(--awb-color3-s),calc( var(--awb-color3-l) - 73% ),calc( var(--awb-color3-a) - 85% )) 0%,hsla(var(--awb-color3-h),var(--awb-color3-s),calc( var(--awb-color3-l) - 73% ),calc( var(--awb-color3-a) - 85% )) 100%);;--awb-background-size:;--awb-flex-wrap:wrap;\" data-bg=\"http:\/\/localhost:8888\/cardenna\/wp-content\/uploads\/2021\/02\/pattern-5.png\" data-bg-gradient=\"linear-gradient(180deg, hsla(var(--awb-color3-h),var(--awb-color3-s),calc( var(--awb-color3-l) - 73% ),calc( var(--awb-color3-a) - 85% )) 0%,hsla(var(--awb-color3-h),var(--awb-color3-s),calc( var(--awb-color3-l) - 73% ),calc( var(--awb-color3-a) - 85% )) 100%)\" ><div class=\"fusion-builder-row fusion-row fusion-flex-align-items-flex-start fusion-flex-content-wrap\" style=\"max-width:1248px;margin-left: calc(-4% \/ 2 );margin-right: calc(-4% \/ 2 );\"><div class=\"fusion-layout-column fusion_builder_column fusion-builder-column-0 fusion_builder_column_1_1 1_1 fusion-flex-column fusion-animated\" style=\"--awb-bg-position:center center;--awb-bg-size:cover;--awb-width-large:100%;--awb-margin-top-large:0px;--awb-spacing-right-large:1.92%;--awb-margin-bottom-large:0px;--awb-spacing-left-large:1.92%;--awb-width-medium:100%;--awb-order-medium:0;--awb-spacing-right-medium:1.92%;--awb-spacing-left-medium:1.92%;--awb-width-small:100%;--awb-order-small:0;--awb-spacing-right-small:1.92%;--awb-spacing-left-small:1.92%;\" data-animationType=\"fadeInUp\" data-animationDuration=\"1.0\" data-animationOffset=\"top-into-view\"><div class=\"fusion-column-wrapper fusion-column-has-shadow fusion-flex-justify-content-flex-start fusion-content-layout-column\"><div class=\"fusion-title title fusion-title-1 fusion-sep-none fusion-title-center fusion-title-text fusion-title-size-one\" style=\"--awb-text-color:var(--awb-color1);--awb-margin-top:0px;--awb-margin-bottom:0px;\"><h1 class=\"fusion-title-heading title-heading-center\" style=\"margin:0;\">Important information<\/h1><\/div><\/div><\/div><\/div><\/div><div class=\"fusion-fullwidth fullwidth-box fusion-builder-row-2 fusion-flex-container has-pattern-background has-mask-background nonhundred-percent-fullwidth non-hundred-percent-height-scrolling\" style=\"--awb-border-radius-top-left:0px;--awb-border-radius-top-right:0px;--awb-border-radius-bottom-right:0px;--awb-border-radius-bottom-left:0px;--awb-flex-wrap:wrap;\" ><div class=\"fusion-builder-row fusion-row fusion-flex-align-items-flex-start fusion-flex-content-wrap\" style=\"max-width:1248px;margin-left: calc(-4% \/ 2 );margin-right: calc(-4% \/ 2 );\"><div class=\"fusion-layout-column fusion_builder_column fusion-builder-column-1 fusion_builder_column_1_1 1_1 fusion-flex-column\" style=\"--awb-bg-size:cover;--awb-width-large:100%;--awb-margin-top-large:0px;--awb-spacing-right-large:1.92%;--awb-margin-bottom-large:20px;--awb-spacing-left-large:1.92%;--awb-width-medium:100%;--awb-order-medium:0;--awb-spacing-right-medium:1.92%;--awb-spacing-left-medium:1.92%;--awb-width-small:100%;--awb-order-small:0;--awb-spacing-right-small:1.92%;--awb-spacing-left-small:1.92%;\"><div class=\"fusion-column-wrapper fusion-column-has-shadow fusion-flex-justify-content-flex-start fusion-content-layout-column\"><div class=\"fusion-text fusion-text-1\"><p>Due to the nature of our items, all crafts, manufacturing times may vary as the item is created especially for you. Remember that behind each piece there is a handmade process, therefore we cannot guarantee stock availability or have two identical pieces.<\/p>\n<p>At Carde\u00f1a, your dreams through me, we identify with the development of an artisanal, ethical, professional sales process with respect for both human and labor rights of the artisans with whom we have linked up.<\/p>\n<p>For more information about the manufacturing times of any part, send us an email to contacto@cardenna.com or a whatsApp message to the number: +52 55-2743-7204.<\/p>\n<p>Carde\u00f1a, your dreams through me, with address at the Alcald\u00eda Cuauht\u00e9moc, in Mexico City, Zip code. 06140, carries out the fair and ethical purchase and sale of Mexican crafts directly, without intermediaries.<\/p>\n<p>The characteristics of each craft are described in the content of CARDENNA.COM, seeking to make it as precise as possible. As it is a manual artisanal process, certain variations may be reflected in some pieces. However, at CARDE\u00d1A we work, together with the artisans, to preserve the originality of the manufacturing, taking care of the quality of the crafts we offer.<\/p>\n<p>Any transaction made through this page will be subject to the terms, conditions and policies expressed here.<\/p>\n<\/div><\/div><\/div><\/div><\/div><\/p>\n","protected":false},"excerpt":{"rendered":"","protected":false},"author":1,"featured_media":0,"parent":0,"menu_order":0,"comment_status":"closed","ping_status":"closed","template":"100-width.php","meta":{"footnotes":""},"class_list":["post-46131","page","type-page","status-publish","hentry"],"yoast_head":"<!-- This site is optimized with the Yoast SEO plugin v26.0 - https:\/\/yoast.com\/wordpress\/plugins\/seo\/ -->\n<title>Important information - Cardenna<\/title>\n<meta name=\"robots\" content=\"index, follow, max-snippet:-1, max-image-preview:large, max-video-preview:-1\" \/>\n<link rel=\"canonical\" href=\"https:\/\/cardenna.com\/?page_id=46131&lang=en\" \/>\n<meta property=\"og:locale\" content=\"es_MX\" \/>\n<meta property=\"og:type\" content=\"article\" \/>\n<meta property=\"og:title\" content=\"Important information - Cardenna\" \/>\n<meta property=\"og:url\" content=\"https:\/\/cardenna.com\/?page_id=46131&amp;lang=en\" \/>\n<meta property=\"og:site_name\" content=\"Cardenna\" \/>\n<meta property=\"article:modified_time\" content=\"2024-01-07T23:42:39+00:00\" \/>\n<meta name=\"twitter:card\" content=\"summary_large_image\" \/>\n<meta name=\"twitter:label1\" content=\"Tiempo de lectura\" \/>\n\t<meta name=\"twitter:data1\" content=\"1 minuto\" \/>\n<script type=\"application\/ld+json\" class=\"yoast-schema-graph\">{\"@context\":\"https:\/\/schema.org\",\"@graph\":[{\"@type\":\"WebPage\",\"@id\":\"https:\/\/cardenna.com\/?page_id=46131&lang=en\",\"url\":\"https:\/\/cardenna.com\/?page_id=46131&lang=en\",\"name\":\"Important information - Cardenna\",\"isPartOf\":{\"@id\":\"https:\/\/cardenna.com\/#website\"},\"datePublished\":\"2023-10-22T15:30:22+00:00\",\"dateModified\":\"2024-01-07T23:42:39+00:00\",\"breadcrumb\":{\"@id\":\"https:\/\/cardenna.com\/?page_id=46131&lang=en#breadcrumb\"},\"inLanguage\":\"es\",\"potentialAction\":[{\"@type\":\"ReadAction\",\"target\":[\"https:\/\/cardenna.com\/?page_id=46131&lang=en\"]}]},{\"@type\":\"BreadcrumbList\",\"@id\":\"https:\/\/cardenna.com\/?page_id=46131&lang=en#breadcrumb\",\"itemListElement\":[{\"@type\":\"ListItem\",\"position\":1,\"name\":\"Inicio\",\"item\":\"https:\/\/cardenna.com\/\"},{\"@type\":\"ListItem\",\"position\":2,\"name\":\"Important information\"}]},{\"@type\":\"WebSite\",\"@id\":\"https:\/\/cardenna.com\/#website\",\"url\":\"https:\/\/cardenna.com\/\",\"name\":\"Cardenna\",\"description\":\"Arte Mexicano\",\"potentialAction\":[{\"@type\":\"SearchAction\",\"target\":{\"@type\":\"EntryPoint\",\"urlTemplate\":\"https:\/\/cardenna.com\/?s={search_term_string}\"},\"query-input\":{\"@type\":\"PropertyValueSpecification\",\"valueRequired\":true,\"valueName\":\"search_term_string\"}}],\"inLanguage\":\"es\"}]}<\/script>\n<!-- \/ Yoast SEO plugin. -->","yoast_head_json":{"title":"Important information - Cardenna","robots":{"index":"index","follow":"follow","max-snippet":"max-snippet:-1","max-image-preview":"max-image-preview:large","max-video-preview":"max-video-preview:-1"},"canonical":"https:\/\/cardenna.com\/?page_id=46131&lang=en","og_locale":"es_MX","og_type":"article","og_title":"Important information - Cardenna","og_url":"https:\/\/cardenna.com\/?page_id=46131&lang=en","og_site_name":"Cardenna","article_modified_time":"2024-01-07T23:42:39+00:00","twitter_card":"summary_large_image","twitter_misc":{"Tiempo de lectura":"1 minuto"},"schema":{"@context":"https:\/\/schema.org","@graph":[{"@type":"WebPage","@id":"https:\/\/cardenna.com\/?page_id=46131&lang=en","url":"https:\/\/cardenna.com\/?page_id=46131&lang=en","name":"Important information - Cardenna","isPartOf":{"@id":"https:\/\/cardenna.com\/#website"},"datePublished":"2023-10-22T15:30:22+00:00","dateModified":"2024-01-07T23:42:39+00:00","breadcrumb":{"@id":"https:\/\/cardenna.com\/?page_id=46131&lang=en#breadcrumb"},"inLanguage":"es","potentialAction":[{"@type":"ReadAction","target":["https:\/\/cardenna.com\/?page_id=46131&lang=en"]}]},{"@type":"BreadcrumbList","@id":"https:\/\/cardenna.com\/?page_id=46131&lang=en#breadcrumb","itemListElement":[{"@type":"ListItem","position":1,"name":"Inicio","item":"https:\/\/cardenna.com\/"},{"@type":"ListItem","position":2,"name":"Important information"}]},{"@type":"WebSite","@id":"https:\/\/cardenna.com\/#website","url":"https:\/\/cardenna.com\/","name":"Cardenna","description":"Arte Mexicano","potentialAction":[{"@type":"SearchAction","target":{"@type":"EntryPoint","urlTemplate":"https:\/\/cardenna.com\/?s={search_term_string}"},"query-input":{"@type":"PropertyValueSpecification","valueRequired":true,"valueName":"search_term_string"}}],"inLanguage":"es"}]}},"lang":"en","translations":{"en":46131,"es":46062},"pll_sync_post":[],"_links":{"self":[{"href":"https:\/\/cardenna.com\/index.php?rest_route=\/wp\/v2\/pages\/46131","targetHints":{"allow":["GET"]}}],"collection":[{"href":"https:\/\/cardenna.com\/index.php?rest_route=\/wp\/v2\/pages"}],"about":[{"href":"https:\/\/cardenna.com\/index.php?rest_route=\/wp\/v2\/types\/page"}],"author":[{"embeddable":true,"href":"https:\/\/cardenna.com\/index.php?rest_route=\/wp\/v2\/users\/1"}],"replies":[{"embeddable":true,"href":"https:\/\/cardenna.com\/index.php?rest_route=%2Fwp%2Fv2%2Fcomments&post=46131"}],"version-history":[{"count":0,"href":"https:\/\/cardenna.com\/index.php?rest_route=\/wp\/v2\/pages\/46131\/revisions"}],"wp:attachment":[{"href":"https:\/\/cardenna.com\/index.php?rest_route=%2Fwp%2Fv2%2Fmedia&parent=46131"}],"curies":[{"name":"wp","href":"https:\/\/api.w.org\/{rel}","templated":true}]}}