{"id":46116,"date":"2023-10-22T09:15:25","date_gmt":"2023-10-22T15:15:25","guid":{"rendered":"https:\/\/cardenna.com\/?page_id=46116"},"modified":"2024-01-13T10:04:06","modified_gmt":"2024-01-13T16:04:06","slug":"history","status":"publish","type":"page","link":"https:\/\/cardenna.com\/?page_id=46116&lang=en","title":{"rendered":"History"},"content":{"rendered":"<p><div class=\"fusion-fullwidth fullwidth-box fusion-builder-row-1 fusion-flex-container has-pattern-background has-mask-background fusion-parallax-none nonhundred-percent-fullwidth non-hundred-percent-height-scrolling lazyload\" style=\"--awb-background-repeat:repeat;--awb-border-color:var(--awb-color1);--awb-border-radius-top-left:0px;--awb-border-radius-top-right:0px;--awb-border-radius-bottom-right:0px;--awb-border-radius-bottom-left:0px;--awb-padding-top:75px;--awb-padding-right:18vw;--awb-padding-bottom:75px;--awb-padding-left:18vw;--awb-padding-top-small:10vw;--awb-padding-right-small:8vw;--awb-padding-bottom-small:10vw;--awb-padding-left-small:8vw;--awb-margin-bottom:60px;--awb-margin-bottom-small:30px;--awb-background-color:var(--awb-color8);--awb-background-image:linear-gradient(180deg, hsla(var(--awb-color3-h),var(--awb-color3-s),calc( var(--awb-color3-l) - 73% ),calc( var(--awb-color3-a) - 85% )) 0%,hsla(var(--awb-color3-h),var(--awb-color3-s),calc( var(--awb-color3-l) - 73% ),calc( var(--awb-color3-a) - 85% )) 100%);;--awb-background-size:;--awb-flex-wrap:wrap;\" data-bg=\"http:\/\/localhost:8888\/cardenna\/wp-content\/uploads\/2021\/02\/pattern-5.png\" data-bg-gradient=\"linear-gradient(180deg, hsla(var(--awb-color3-h),var(--awb-color3-s),calc( var(--awb-color3-l) - 73% ),calc( var(--awb-color3-a) - 85% )) 0%,hsla(var(--awb-color3-h),var(--awb-color3-s),calc( var(--awb-color3-l) - 73% ),calc( var(--awb-color3-a) - 85% )) 100%)\" ><div class=\"fusion-builder-row fusion-row fusion-flex-align-items-flex-start fusion-flex-content-wrap\" style=\"max-width:1248px;margin-left: calc(-4% \/ 2 );margin-right: calc(-4% \/ 2 );\"><div class=\"fusion-layout-column fusion_builder_column fusion-builder-column-0 fusion_builder_column_1_1 1_1 fusion-flex-column fusion-animated\" style=\"--awb-bg-position:center center;--awb-bg-size:cover;--awb-width-large:100%;--awb-margin-top-large:0px;--awb-spacing-right-large:1.92%;--awb-margin-bottom-large:0px;--awb-spacing-left-large:1.92%;--awb-width-medium:100%;--awb-order-medium:0;--awb-spacing-right-medium:1.92%;--awb-spacing-left-medium:1.92%;--awb-width-small:100%;--awb-order-small:0;--awb-spacing-right-small:1.92%;--awb-spacing-left-small:1.92%;\" data-animationType=\"fadeInUp\" data-animationDuration=\"1.0\" data-animationOffset=\"top-into-view\"><div class=\"fusion-column-wrapper fusion-column-has-shadow fusion-flex-justify-content-flex-start fusion-content-layout-column\"><div class=\"fusion-title title fusion-title-1 fusion-sep-none fusion-title-center fusion-title-text fusion-title-size-one\" style=\"--awb-text-color:var(--awb-color1);--awb-margin-top:0px;--awb-margin-bottom:0px;\"><h1 class=\"fusion-title-heading title-heading-center\" style=\"margin:0;\">History<\/h1><\/div><\/div><\/div><\/div><\/div><div class=\"fusion-fullwidth fullwidth-box fusion-builder-row-2 fusion-flex-container has-pattern-background has-mask-background nonhundred-percent-fullwidth non-hundred-percent-height-scrolling\" style=\"--awb-border-radius-top-left:0px;--awb-border-radius-top-right:0px;--awb-border-radius-bottom-right:0px;--awb-border-radius-bottom-left:0px;--awb-flex-wrap:wrap;\" ><div class=\"fusion-builder-row fusion-row fusion-flex-align-items-flex-start fusion-flex-content-wrap\" style=\"max-width:1248px;margin-left: calc(-4% \/ 2 );margin-right: calc(-4% \/ 2 );\"><div class=\"fusion-layout-column fusion_builder_column fusion-builder-column-1 fusion_builder_column_1_1 1_1 fusion-flex-column\" style=\"--awb-bg-size:cover;--awb-width-large:100%;--awb-margin-top-large:0px;--awb-spacing-right-large:1.92%;--awb-margin-bottom-large:20px;--awb-spacing-left-large:1.92%;--awb-width-medium:100%;--awb-order-medium:0;--awb-spacing-right-medium:1.92%;--awb-spacing-left-medium:1.92%;--awb-width-small:100%;--awb-order-small:0;--awb-spacing-right-small:1.92%;--awb-spacing-left-small:1.92%;\"><div class=\"fusion-column-wrapper fusion-column-has-shadow fusion-flex-justify-content-flex-start fusion-content-layout-column\"><div class=\"fusion-text fusion-text-1\"><p>\u201cIf my mother had received the support she asked for, she would have flown very high carrying me on her back\u201d (Mar\u00eda Salazar Valencia).<\/p>\n<p>Aida Isabel Valencia Carde\u00f1a, my mother, originally from M\u00e9rida-Yucat\u00e1n, Mexico, was born in 1918, orphaned by mother, from a very young age she was forced to run a house, take care of her younger sister and watch in silence as her father, my grandfather, little by little Little gamble all the money they had.<\/p>\n<p>Despite living a complicated childhood, she always enjoyed cooking recipes from her homeland with natural spices; her childhood pasted surrounded by cenotes, ancestral ruins, beaches, jungles, mangroves, fruit trees and exotic animals as something natural in her colorful environment, smells, flavors and materials typical of the south southeast\u00a0 mexican region.<\/p>\n<p>My mother, ahead of her time, married twice. The first time in M\u00e9rida, from this marriage my first five siblings were born. A few years later, she was widowed. Motivated by a great desire to progress, she moved to what was then called the Federal District, with the conviction of getting a better quality of life.<\/p>\n<p>Once settled, in what is now called Mexico City, she decided to try her luck in commerce. She opened a grocery store, which began to be successful, mainly due to the sale of alcohol. But a street fight forced her\u00a0 to close her business and thus lose all the fruit of his efforts. At that time, she met my father, Marcial Salazar, whom she married again and had three more children, with me being the second last of her\u00a0 eight children. This marriage also did not turn out as expected.<\/p>\n<p>\u00a1Life seemed to close all the doors to my mother, but then she opened a window!<\/p>\n<p>Eager to get ahead, she bought a sewing machine since, as a child, she had been trained in clothing sewing. She decided to venture into the production of haute couture garments. From this activity she obtained the resources to raise her children, by\u00a0 working seven days a week, day and night, without hesitation or rest.<\/p>\n<p>She understood from a very young age that work is essential to get ahead. Knowledge that I inherited.. Although, she also sought to preserve her personal life, as she refused to give it up and only be recognized in her role as a mother. The lack of support, combined with chronic fatigue, prevented her from having the success she could have achieved.<\/p>\n<p>Aida Isabel Valencia Carde\u00f1a and I, share history. I am a mother of three, grandmother of two, and a former Public Accountant for 35 years. With two failed marriages in my life, I always had the dream of introducing Mexican Popular Art to the world.\u00a0 But, with the priority of raising my children, this was postponed for many years.\u00a0 Just like my mother did with her father, I brought her to live with us for the last months of her life. We had a few months together and this helped me not to be left with any unanswered questions.<\/p>\n<p>In 2016, at 65 years old,I decided to create a company that would allow me to share with thousands of people around the world my love for Mexico, for its Art, for the spectacular work that artisan hands create through using natural raw materials from their region, and realizing that my mother transmitted it to me.<\/p>\n<p>My mother never stopped longing for the place where she was born and the different customs she knew. In this project I am accompanied by my children, who had the fortune of knowing and falling in love, from a very early age, with the enormous worth that surrounds Mexican Popular Art.<\/p>\n<p>The creation of CARDE\u00d1A &amp; Co. is a tribute to the woman who taught me that by pursuing your dreams you can turn them into reality; who transmitted to me her love and respect for this country, who inspires me to move forward every day and that time is wise and puts things in their place. But above all, she taught me that whenever a door closes there is a window that opens.<\/p>\n<p>My goal is to contribute to the development, productivity and competitiveness of quality Mexican crafts, promoting a fair business relationship with artisans, respecting and understanding their worldview.<\/p>\n<p>It is my intention that what began as a distant dream and, to a certain extent, as an unpaid debt with my mother, will become a family legacy that I am sure will be passed on from generation to generation.<\/p>\n<p style=\"text-align: right;\">Mar\u00eda Salazar Valencia<\/p>\n<p style=\"text-align: right;\">CDMX, August 2023<\/p>\n<\/div><\/div><\/div><\/div><\/div><\/p>\n","protected":false},"excerpt":{"rendered":"","protected":false},"author":1,"featured_media":0,"parent":0,"menu_order":0,"comment_status":"closed","ping_status":"closed","template":"100-width.php","meta":{"footnotes":""},"class_list":["post-46116","page","type-page","status-publish","hentry"],"yoast_head":"<!-- This site is optimized with the Yoast SEO plugin v26.0 - https:\/\/yoast.com\/wordpress\/plugins\/seo\/ -->\n<title>History - Cardenna<\/title>\n<meta name=\"robots\" content=\"index, follow, max-snippet:-1, max-image-preview:large, max-video-preview:-1\" \/>\n<link rel=\"canonical\" href=\"https:\/\/cardenna.com\/?page_id=46116&lang=en\" \/>\n<meta property=\"og:locale\" content=\"es_MX\" \/>\n<meta property=\"og:type\" content=\"article\" \/>\n<meta property=\"og:title\" content=\"History - Cardenna\" \/>\n<meta property=\"og:url\" content=\"https:\/\/cardenna.com\/?page_id=46116&amp;lang=en\" \/>\n<meta property=\"og:site_name\" content=\"Cardenna\" \/>\n<meta property=\"article:modified_time\" content=\"2024-01-13T16:04:06+00:00\" \/>\n<meta name=\"twitter:card\" content=\"summary_large_image\" \/>\n<meta name=\"twitter:label1\" content=\"Tiempo de lectura\" \/>\n\t<meta name=\"twitter:data1\" content=\"4 minutos\" \/>\n<script type=\"application\/ld+json\" class=\"yoast-schema-graph\">{\"@context\":\"https:\/\/schema.org\",\"@graph\":[{\"@type\":\"WebPage\",\"@id\":\"https:\/\/cardenna.com\/?page_id=46116&lang=en\",\"url\":\"https:\/\/cardenna.com\/?page_id=46116&lang=en\",\"name\":\"History - Cardenna\",\"isPartOf\":{\"@id\":\"https:\/\/cardenna.com\/#website\"},\"datePublished\":\"2023-10-22T15:15:25+00:00\",\"dateModified\":\"2024-01-13T16:04:06+00:00\",\"breadcrumb\":{\"@id\":\"https:\/\/cardenna.com\/?page_id=46116&lang=en#breadcrumb\"},\"inLanguage\":\"es\",\"potentialAction\":[{\"@type\":\"ReadAction\",\"target\":[\"https:\/\/cardenna.com\/?page_id=46116&lang=en\"]}]},{\"@type\":\"BreadcrumbList\",\"@id\":\"https:\/\/cardenna.com\/?page_id=46116&lang=en#breadcrumb\",\"itemListElement\":[{\"@type\":\"ListItem\",\"position\":1,\"name\":\"Inicio\",\"item\":\"https:\/\/cardenna.com\/\"},{\"@type\":\"ListItem\",\"position\":2,\"name\":\"History\"}]},{\"@type\":\"WebSite\",\"@id\":\"https:\/\/cardenna.com\/#website\",\"url\":\"https:\/\/cardenna.com\/\",\"name\":\"Cardenna\",\"description\":\"Arte Mexicano\",\"potentialAction\":[{\"@type\":\"SearchAction\",\"target\":{\"@type\":\"EntryPoint\",\"urlTemplate\":\"https:\/\/cardenna.com\/?s={search_term_string}\"},\"query-input\":{\"@type\":\"PropertyValueSpecification\",\"valueRequired\":true,\"valueName\":\"search_term_string\"}}],\"inLanguage\":\"es\"}]}<\/script>\n<!-- \/ Yoast SEO plugin. -->","yoast_head_json":{"title":"History - Cardenna","robots":{"index":"index","follow":"follow","max-snippet":"max-snippet:-1","max-image-preview":"max-image-preview:large","max-video-preview":"max-video-preview:-1"},"canonical":"https:\/\/cardenna.com\/?page_id=46116&lang=en","og_locale":"es_MX","og_type":"article","og_title":"History - Cardenna","og_url":"https:\/\/cardenna.com\/?page_id=46116&lang=en","og_site_name":"Cardenna","article_modified_time":"2024-01-13T16:04:06+00:00","twitter_card":"summary_large_image","twitter_misc":{"Tiempo de lectura":"4 minutos"},"schema":{"@context":"https:\/\/schema.org","@graph":[{"@type":"WebPage","@id":"https:\/\/cardenna.com\/?page_id=46116&lang=en","url":"https:\/\/cardenna.com\/?page_id=46116&lang=en","name":"History - Cardenna","isPartOf":{"@id":"https:\/\/cardenna.com\/#website"},"datePublished":"2023-10-22T15:15:25+00:00","dateModified":"2024-01-13T16:04:06+00:00","breadcrumb":{"@id":"https:\/\/cardenna.com\/?page_id=46116&lang=en#breadcrumb"},"inLanguage":"es","potentialAction":[{"@type":"ReadAction","target":["https:\/\/cardenna.com\/?page_id=46116&lang=en"]}]},{"@type":"BreadcrumbList","@id":"https:\/\/cardenna.com\/?page_id=46116&lang=en#breadcrumb","itemListElement":[{"@type":"ListItem","position":1,"name":"Inicio","item":"https:\/\/cardenna.com\/"},{"@type":"ListItem","position":2,"name":"History"}]},{"@type":"WebSite","@id":"https:\/\/cardenna.com\/#website","url":"https:\/\/cardenna.com\/","name":"Cardenna","description":"Arte Mexicano","potentialAction":[{"@type":"SearchAction","target":{"@type":"EntryPoint","urlTemplate":"https:\/\/cardenna.com\/?s={search_term_string}"},"query-input":{"@type":"PropertyValueSpecification","valueRequired":true,"valueName":"search_term_string"}}],"inLanguage":"es"}]}},"lang":"en","translations":{"en":46116,"es":46049},"pll_sync_post":[],"_links":{"self":[{"href":"https:\/\/cardenna.com\/index.php?rest_route=\/wp\/v2\/pages\/46116","targetHints":{"allow":["GET"]}}],"collection":[{"href":"https:\/\/cardenna.com\/index.php?rest_route=\/wp\/v2\/pages"}],"about":[{"href":"https:\/\/cardenna.com\/index.php?rest_route=\/wp\/v2\/types\/page"}],"author":[{"embeddable":true,"href":"https:\/\/cardenna.com\/index.php?rest_route=\/wp\/v2\/users\/1"}],"replies":[{"embeddable":true,"href":"https:\/\/cardenna.com\/index.php?rest_route=%2Fwp%2Fv2%2Fcomments&post=46116"}],"version-history":[{"count":2,"href":"https:\/\/cardenna.com\/index.php?rest_route=\/wp\/v2\/pages\/46116\/revisions"}],"predecessor-version":[{"id":47672,"href":"https:\/\/cardenna.com\/index.php?rest_route=\/wp\/v2\/pages\/46116\/revisions\/47672"}],"wp:attachment":[{"href":"https:\/\/cardenna.com\/index.php?rest_route=%2Fwp%2Fv2%2Fmedia&parent=46116"}],"curies":[{"name":"wp","href":"https:\/\/api.w.org\/{rel}","templated":true}]}}