{"id":45966,"date":"2023-10-14T18:21:29","date_gmt":"2023-10-15T00:21:29","guid":{"rendered":"https:\/\/cardenna.com\/?page_id=45966"},"modified":"2023-12-28T00:54:21","modified_gmt":"2023-12-28T06:54:21","slug":"metodos-de-pago-2","status":"publish","type":"page","link":"https:\/\/cardenna.com\/?page_id=45966","title":{"rendered":"M\u00e9todos de pago"},"content":{"rendered":"<p><div class=\"fusion-fullwidth fullwidth-box fusion-builder-row-1 fusion-flex-container has-pattern-background has-mask-background fusion-parallax-none nonhundred-percent-fullwidth non-hundred-percent-height-scrolling lazyload\" style=\"--awb-background-repeat:repeat;--awb-border-color:var(--awb-color1);--awb-border-radius-top-left:0px;--awb-border-radius-top-right:0px;--awb-border-radius-bottom-right:0px;--awb-border-radius-bottom-left:0px;--awb-padding-top:75px;--awb-padding-right:18vw;--awb-padding-bottom:75px;--awb-padding-left:18vw;--awb-padding-top-small:10vw;--awb-padding-right-small:8vw;--awb-padding-bottom-small:10vw;--awb-padding-left-small:8vw;--awb-margin-bottom:60px;--awb-margin-bottom-small:30px;--awb-background-color:var(--awb-color8);--awb-background-image:linear-gradient(180deg, hsla(var(--awb-color3-h),var(--awb-color3-s),calc( var(--awb-color3-l) - 73% ),calc( var(--awb-color3-a) - 85% )) 0%,hsla(var(--awb-color3-h),var(--awb-color3-s),calc( var(--awb-color3-l) - 73% ),calc( var(--awb-color3-a) - 85% )) 100%);;--awb-background-size:;--awb-flex-wrap:wrap;\" data-bg=\"http:\/\/localhost:8888\/cardenna\/wp-content\/uploads\/2021\/02\/pattern-5.png\" data-bg-gradient=\"linear-gradient(180deg, hsla(var(--awb-color3-h),var(--awb-color3-s),calc( var(--awb-color3-l) - 73% ),calc( var(--awb-color3-a) - 85% )) 0%,hsla(var(--awb-color3-h),var(--awb-color3-s),calc( var(--awb-color3-l) - 73% ),calc( var(--awb-color3-a) - 85% )) 100%)\" ><div class=\"fusion-builder-row fusion-row fusion-flex-align-items-flex-start fusion-flex-content-wrap\" style=\"max-width:1248px;margin-left: calc(-4% \/ 2 );margin-right: calc(-4% \/ 2 );\"><div class=\"fusion-layout-column fusion_builder_column fusion-builder-column-0 fusion_builder_column_1_1 1_1 fusion-flex-column fusion-animated\" style=\"--awb-bg-position:center center;--awb-bg-size:cover;--awb-width-large:100%;--awb-margin-top-large:0px;--awb-spacing-right-large:1.92%;--awb-margin-bottom-large:0px;--awb-spacing-left-large:1.92%;--awb-width-medium:100%;--awb-order-medium:0;--awb-spacing-right-medium:1.92%;--awb-spacing-left-medium:1.92%;--awb-width-small:100%;--awb-order-small:0;--awb-spacing-right-small:1.92%;--awb-spacing-left-small:1.92%;\" data-animationType=\"fadeInUp\" data-animationDuration=\"1.0\" data-animationOffset=\"top-into-view\"><div class=\"fusion-column-wrapper fusion-column-has-shadow fusion-flex-justify-content-flex-start fusion-content-layout-column\"><div class=\"fusion-title title fusion-title-1 fusion-sep-none fusion-title-center fusion-title-text fusion-title-size-one\" style=\"--awb-text-color:var(--awb-color1);--awb-margin-top:0px;--awb-margin-bottom:0px;\"><h1 class=\"fusion-title-heading title-heading-center\" style=\"margin:0;\">M\u00e9todos de pago<\/h1><\/div><\/div><\/div><\/div><\/div><div class=\"fusion-fullwidth fullwidth-box fusion-builder-row-2 fusion-flex-container has-pattern-background has-mask-background nonhundred-percent-fullwidth non-hundred-percent-height-scrolling\" style=\"--awb-border-radius-top-left:0px;--awb-border-radius-top-right:0px;--awb-border-radius-bottom-right:0px;--awb-border-radius-bottom-left:0px;--awb-flex-wrap:wrap;\" ><div class=\"fusion-builder-row fusion-row fusion-flex-align-items-flex-start fusion-flex-content-wrap\" style=\"max-width:1248px;margin-left: calc(-4% \/ 2 );margin-right: calc(-4% \/ 2 );\"><div class=\"fusion-layout-column fusion_builder_column fusion-builder-column-1 fusion_builder_column_1_1 1_1 fusion-flex-column\" style=\"--awb-bg-size:cover;--awb-width-large:100%;--awb-margin-top-large:0px;--awb-spacing-right-large:1.92%;--awb-margin-bottom-large:20px;--awb-spacing-left-large:1.92%;--awb-width-medium:100%;--awb-order-medium:0;--awb-spacing-right-medium:1.92%;--awb-spacing-left-medium:1.92%;--awb-width-small:100%;--awb-order-small:0;--awb-spacing-right-small:1.92%;--awb-spacing-left-small:1.92%;\"><div class=\"fusion-column-wrapper fusion-column-has-shadow fusion-flex-justify-content-flex-start fusion-content-layout-column\"><div class=\"fusion-text fusion-text-1\"><h4><b>Moneda de la Operaci\u00f3n<\/b><\/h4>\n<p>La moneda que se utilizar\u00e1 en las operaciones que se realicen a trav\u00e9s de esta p\u00e1gina ser\u00e1 el Peso mexicano (MXN) para versi\u00f3n en espa\u00f1ol y D\u00f3lar americano (USD) para la versi\u00f3n en ingl\u00e9s.<\/p>\n<h4><b>Precio<\/b><\/h4>\n<p>CARDE\u00d1A se compromete a respetar los precios de cada una de las artesan\u00edas publicadas al momento de su compra. Todos los precios mostrados a trav\u00e9s de la plataforma incluyen impuestos. Dichos precios no incluyen gastos de env\u00edo los cu\u00e1les variar\u00e1n dependiendo del lugar de destino y deber\u00e1n ser pagados en su totalidad por el comprador.<\/p>\n<h4><b>Pago<\/b><\/h4>\n<p>Para poder llevar a cabo la transacci\u00f3n de compraventa deber\u00e1 contar con una tarjeta de cr\u00e9dito o d\u00e9bito debidamente expedida por una Instituci\u00f3n Bancaria legalmente constituida, a trav\u00e9s de las pasarelas de pago STRIPE. Se aceptan tarjetas VISA, MasterCard, Discover y American Express.<\/p>\n<p>Tambi\u00e9n se aceptan pagos por medio de transferencia bancaria. Transacci\u00f3n recomendada para la compra de artesan\u00edas cuyo proceso de elaboraci\u00f3n supere las 2 semanas apeg\u00e1ndose en todo momento a lo que establece la Ley Federal para la Prevenci\u00f3n e Identificaci\u00f3n de Operaciones con Recursos de Procedencia Il\u00edcita.<\/p>\n<p>Se pueden aceptar pagos en parcialidades v\u00eda transferencia bancaria\u00a0 cuando por el tiempo de elaboraci\u00f3n y el valor mismo de la mercanc\u00eda as\u00ed se requiera, en este caso la primera parcialidad corresponder\u00e1 al 50% del valor total del producto\u00a0 en el entendido que este mismo deber\u00e1 estar pagado al 100% al momento de su env\u00edo.<\/p>\n<p>Para mayor informaci\u00f3n, escriba a: <a href=\"mailto:contacto@cardenna.com\">contacto@cardenna.com<\/a><\/p>\n<h4><b>Forma de pago<\/b><\/h4>\n<p>En el caso de que el cliente no cuente con datos fiscales se le podr\u00e1 emitir una factura fiscal con la denominaci\u00f3n de venta al p\u00fablico en general utilizando el RFC gen\u00e9rico autorizado por la legislaci\u00f3n fiscal mexicana.<\/p>\n<p>&#8211; Trat\u00e1ndose de emisi\u00f3n de facturas a clientes en el extranjero se expedir\u00e1 una factura con el nombre del cliente utilizando el RFC gen\u00e9rico autorizado por la \u00a0 legislaci\u00f3n fiscal mexicana debido a que la legislaci\u00f3n fiscal es diferente en cada pa\u00eds.<\/p>\n<\/div><\/div><\/div><\/div><\/div><\/p>\n","protected":false},"excerpt":{"rendered":"","protected":false},"author":1,"featured_media":0,"parent":0,"menu_order":0,"comment_status":"closed","ping_status":"closed","template":"100-width.php","meta":{"footnotes":""},"class_list":["post-45966","page","type-page","status-publish","hentry"],"yoast_head":"<!-- This site is optimized with the Yoast SEO plugin v26.0 - https:\/\/yoast.com\/wordpress\/plugins\/seo\/ -->\n<title>M\u00e9todos de pago - Cardenna<\/title>\n<meta name=\"robots\" content=\"index, follow, max-snippet:-1, max-image-preview:large, max-video-preview:-1\" \/>\n<link rel=\"canonical\" href=\"https:\/\/cardenna.com\/?page_id=45966\" \/>\n<meta property=\"og:locale\" content=\"es_MX\" \/>\n<meta property=\"og:type\" content=\"article\" \/>\n<meta property=\"og:title\" content=\"M\u00e9todos de pago - Cardenna\" \/>\n<meta property=\"og:url\" content=\"https:\/\/cardenna.com\/?page_id=45966\" \/>\n<meta property=\"og:site_name\" content=\"Cardenna\" \/>\n<meta property=\"article:modified_time\" content=\"2023-12-28T06:54:21+00:00\" \/>\n<meta name=\"twitter:card\" content=\"summary_large_image\" \/>\n<meta name=\"twitter:label1\" content=\"Tiempo de lectura\" \/>\n\t<meta name=\"twitter:data1\" content=\"2 minutos\" \/>\n<script type=\"application\/ld+json\" class=\"yoast-schema-graph\">{\"@context\":\"https:\/\/schema.org\",\"@graph\":[{\"@type\":\"WebPage\",\"@id\":\"https:\/\/cardenna.com\/?page_id=45966\",\"url\":\"https:\/\/cardenna.com\/?page_id=45966\",\"name\":\"M\u00e9todos de pago - Cardenna\",\"isPartOf\":{\"@id\":\"https:\/\/cardenna.com\/#website\"},\"datePublished\":\"2023-10-15T00:21:29+00:00\",\"dateModified\":\"2023-12-28T06:54:21+00:00\",\"breadcrumb\":{\"@id\":\"https:\/\/cardenna.com\/?page_id=45966#breadcrumb\"},\"inLanguage\":\"es\",\"potentialAction\":[{\"@type\":\"ReadAction\",\"target\":[\"https:\/\/cardenna.com\/?page_id=45966\"]}]},{\"@type\":\"BreadcrumbList\",\"@id\":\"https:\/\/cardenna.com\/?page_id=45966#breadcrumb\",\"itemListElement\":[{\"@type\":\"ListItem\",\"position\":1,\"name\":\"Inicio\",\"item\":\"https:\/\/cardenna.com\/\"},{\"@type\":\"ListItem\",\"position\":2,\"name\":\"M\u00e9todos de pago\"}]},{\"@type\":\"WebSite\",\"@id\":\"https:\/\/cardenna.com\/#website\",\"url\":\"https:\/\/cardenna.com\/\",\"name\":\"Cardenna\",\"description\":\"Arte Mexicano\",\"potentialAction\":[{\"@type\":\"SearchAction\",\"target\":{\"@type\":\"EntryPoint\",\"urlTemplate\":\"https:\/\/cardenna.com\/?s={search_term_string}\"},\"query-input\":{\"@type\":\"PropertyValueSpecification\",\"valueRequired\":true,\"valueName\":\"search_term_string\"}}],\"inLanguage\":\"es\"}]}<\/script>\n<!-- \/ Yoast SEO plugin. -->","yoast_head_json":{"title":"M\u00e9todos de pago - Cardenna","robots":{"index":"index","follow":"follow","max-snippet":"max-snippet:-1","max-image-preview":"max-image-preview:large","max-video-preview":"max-video-preview:-1"},"canonical":"https:\/\/cardenna.com\/?page_id=45966","og_locale":"es_MX","og_type":"article","og_title":"M\u00e9todos de pago - Cardenna","og_url":"https:\/\/cardenna.com\/?page_id=45966","og_site_name":"Cardenna","article_modified_time":"2023-12-28T06:54:21+00:00","twitter_card":"summary_large_image","twitter_misc":{"Tiempo de lectura":"2 minutos"},"schema":{"@context":"https:\/\/schema.org","@graph":[{"@type":"WebPage","@id":"https:\/\/cardenna.com\/?page_id=45966","url":"https:\/\/cardenna.com\/?page_id=45966","name":"M\u00e9todos de pago - Cardenna","isPartOf":{"@id":"https:\/\/cardenna.com\/#website"},"datePublished":"2023-10-15T00:21:29+00:00","dateModified":"2023-12-28T06:54:21+00:00","breadcrumb":{"@id":"https:\/\/cardenna.com\/?page_id=45966#breadcrumb"},"inLanguage":"es","potentialAction":[{"@type":"ReadAction","target":["https:\/\/cardenna.com\/?page_id=45966"]}]},{"@type":"BreadcrumbList","@id":"https:\/\/cardenna.com\/?page_id=45966#breadcrumb","itemListElement":[{"@type":"ListItem","position":1,"name":"Inicio","item":"https:\/\/cardenna.com\/"},{"@type":"ListItem","position":2,"name":"M\u00e9todos de pago"}]},{"@type":"WebSite","@id":"https:\/\/cardenna.com\/#website","url":"https:\/\/cardenna.com\/","name":"Cardenna","description":"Arte Mexicano","potentialAction":[{"@type":"SearchAction","target":{"@type":"EntryPoint","urlTemplate":"https:\/\/cardenna.com\/?s={search_term_string}"},"query-input":{"@type":"PropertyValueSpecification","valueRequired":true,"valueName":"search_term_string"}}],"inLanguage":"es"}]}},"lang":"es","translations":{"es":45966,"en":46139},"pll_sync_post":[],"_links":{"self":[{"href":"https:\/\/cardenna.com\/index.php?rest_route=\/wp\/v2\/pages\/45966","targetHints":{"allow":["GET"]}}],"collection":[{"href":"https:\/\/cardenna.com\/index.php?rest_route=\/wp\/v2\/pages"}],"about":[{"href":"https:\/\/cardenna.com\/index.php?rest_route=\/wp\/v2\/types\/page"}],"author":[{"embeddable":true,"href":"https:\/\/cardenna.com\/index.php?rest_route=\/wp\/v2\/users\/1"}],"replies":[{"embeddable":true,"href":"https:\/\/cardenna.com\/index.php?rest_route=%2Fwp%2Fv2%2Fcomments&post=45966"}],"version-history":[{"count":0,"href":"https:\/\/cardenna.com\/index.php?rest_route=\/wp\/v2\/pages\/45966\/revisions"}],"wp:attachment":[{"href":"https:\/\/cardenna.com\/index.php?rest_route=%2Fwp%2Fv2%2Fmedia&parent=45966"}],"curies":[{"name":"wp","href":"https:\/\/api.w.org\/{rel}","templated":true}]}}