{"id":45956,"date":"2023-10-14T18:09:16","date_gmt":"2023-10-15T00:09:16","guid":{"rendered":"https:\/\/cardenna.com\/?page_id=45956"},"modified":"2023-12-28T01:31:38","modified_gmt":"2023-12-28T07:31:38","slug":"politica-de-privacidad","status":"publish","type":"page","link":"https:\/\/cardenna.com\/?page_id=45956","title":{"rendered":"Pol\u00edtica de privacidad"},"content":{"rendered":"<p><div class=\"fusion-fullwidth fullwidth-box fusion-builder-row-1 fusion-flex-container has-pattern-background has-mask-background fusion-parallax-none nonhundred-percent-fullwidth non-hundred-percent-height-scrolling lazyload\" style=\"--awb-background-repeat:repeat;--awb-border-color:var(--awb-color1);--awb-border-radius-top-left:0px;--awb-border-radius-top-right:0px;--awb-border-radius-bottom-right:0px;--awb-border-radius-bottom-left:0px;--awb-padding-top:75px;--awb-padding-right:18vw;--awb-padding-bottom:75px;--awb-padding-left:18vw;--awb-padding-top-small:10vw;--awb-padding-right-small:8vw;--awb-padding-bottom-small:10vw;--awb-padding-left-small:8vw;--awb-margin-bottom:60px;--awb-margin-bottom-small:30px;--awb-background-color:var(--awb-color8);--awb-background-image:linear-gradient(180deg, hsla(var(--awb-color3-h),var(--awb-color3-s),calc( var(--awb-color3-l) - 73% ),calc( var(--awb-color3-a) - 85% )) 0%,hsla(var(--awb-color3-h),var(--awb-color3-s),calc( var(--awb-color3-l) - 73% ),calc( var(--awb-color3-a) - 85% )) 100%);;--awb-background-size:;--awb-flex-wrap:wrap;\" data-bg=\"http:\/\/localhost:8888\/cardenna\/wp-content\/uploads\/2021\/02\/pattern-5.png\" data-bg-gradient=\"linear-gradient(180deg, hsla(var(--awb-color3-h),var(--awb-color3-s),calc( var(--awb-color3-l) - 73% ),calc( var(--awb-color3-a) - 85% )) 0%,hsla(var(--awb-color3-h),var(--awb-color3-s),calc( var(--awb-color3-l) - 73% ),calc( var(--awb-color3-a) - 85% )) 100%)\" ><div class=\"fusion-builder-row fusion-row fusion-flex-align-items-flex-start fusion-flex-content-wrap\" style=\"max-width:1248px;margin-left: calc(-4% \/ 2 );margin-right: calc(-4% \/ 2 );\"><div class=\"fusion-layout-column fusion_builder_column fusion-builder-column-0 fusion_builder_column_1_1 1_1 fusion-flex-column fusion-animated\" style=\"--awb-bg-position:center center;--awb-bg-size:cover;--awb-width-large:100%;--awb-margin-top-large:0px;--awb-spacing-right-large:1.92%;--awb-margin-bottom-large:0px;--awb-spacing-left-large:1.92%;--awb-width-medium:100%;--awb-order-medium:0;--awb-spacing-right-medium:1.92%;--awb-spacing-left-medium:1.92%;--awb-width-small:100%;--awb-order-small:0;--awb-spacing-right-small:1.92%;--awb-spacing-left-small:1.92%;\" data-animationType=\"fadeInUp\" data-animationDuration=\"1.0\" data-animationOffset=\"top-into-view\"><div class=\"fusion-column-wrapper fusion-column-has-shadow fusion-flex-justify-content-flex-start fusion-content-layout-column\"><div class=\"fusion-title title fusion-title-1 fusion-sep-none fusion-title-center fusion-title-text fusion-title-size-one\" style=\"--awb-text-color:var(--awb-color1);--awb-margin-top:0px;--awb-margin-bottom:0px;\"><h1 class=\"fusion-title-heading title-heading-center\" style=\"margin:0;\">Pol\u00edtica de privacidad<\/h1><\/div><\/div><\/div><\/div><\/div><div class=\"fusion-fullwidth fullwidth-box fusion-builder-row-2 fusion-flex-container has-pattern-background has-mask-background nonhundred-percent-fullwidth non-hundred-percent-height-scrolling\" style=\"--awb-border-radius-top-left:0px;--awb-border-radius-top-right:0px;--awb-border-radius-bottom-right:0px;--awb-border-radius-bottom-left:0px;--awb-flex-wrap:wrap;\" ><div class=\"fusion-builder-row fusion-row fusion-flex-align-items-flex-start fusion-flex-content-wrap\" style=\"max-width:1248px;margin-left: calc(-4% \/ 2 );margin-right: calc(-4% \/ 2 );\"><div class=\"fusion-layout-column fusion_builder_column fusion-builder-column-1 fusion_builder_column_1_1 1_1 fusion-flex-column\" style=\"--awb-bg-size:cover;--awb-width-large:100%;--awb-margin-top-large:0px;--awb-spacing-right-large:1.92%;--awb-margin-bottom-large:20px;--awb-spacing-left-large:1.92%;--awb-width-medium:100%;--awb-order-medium:0;--awb-spacing-right-medium:1.92%;--awb-spacing-left-medium:1.92%;--awb-width-small:100%;--awb-order-small:0;--awb-spacing-right-small:1.92%;--awb-spacing-left-small:1.92%;\"><div class=\"fusion-column-wrapper fusion-column-has-shadow fusion-flex-justify-content-flex-start fusion-content-layout-column\"><div class=\"fusion-text fusion-text-1\"><p>Su privacidad es muy importante para CARDE\u00d1A, Los datos personales que nos proporciona a trav\u00e9s de la tienda en l\u00ednea son utilizados para procesar pedidos, garantizar entregas adecuadas, brindar un mejor servicio. En ning\u00fan momento se compartir\u00e1n tus datos personales a terceros.<\/p>\n<p>CARDE\u00d1A es responsable de recabar sus datos personales, del uso que se le d\u00e9 a los mismos y de su protecci\u00f3n, conforme a lo estipulado por la\u00a0<i>Ley Federal de Protecci\u00f3n de Datos Personales en Posesi\u00f3n de Particulares<\/i>. Para mayor informaci\u00f3n acerca del tratamiento y de los derechos que puede hacer valer, usted puede acceder al aviso de privacidad integral a trav\u00e9s de\u00a0<a href=\"http:\/\/www.cardenna.com\">www.cardenna.com<\/a><\/p>\n<h4><b>DATOS PERSONALES QUE SER\u00c1N TRATADOS POR EL RESPONSABLE:<\/b><\/h4>\n<p><b><\/b><b>A)\u00a0 Datos personales obtenidos directamente del comprador.<\/b><\/p>\n<ul>\n<li>Es la informaci\u00f3n que nos has proporcionado directamente, a trav\u00e9s de nuestra tienda en l\u00ednea, sitio web, redes sociales,. Los datos personales que recopilamos incluyen:<\/li>\n<\/ul>\n<p><b>I. Datos personales<\/b><\/p>\n<ul>\n<li>Nombre, domicilio, correo electr\u00f3nico, RFC<\/li>\n<li>N\u00famero telef\u00f3nico, fijo o celular<\/li>\n<li>Edad<\/li>\n<li>Fecha de nacimiento<b><\/b><\/li>\n<\/ul>\n<p><b>II. Datos financieros<\/b><\/p>\n<ul>\n<li>Informaci\u00f3n de pago ( N\u00famero de tarjeta, nombre del titular, fecha de vencimiento y c\u00f3digo de seguridad )<\/li>\n<li>CLABE bancaria estandarizada ( 18 d\u00edgitos )<\/li>\n<li>Direcci\u00f3n de facturaci\u00f3n<b><\/b><\/li>\n<\/ul>\n<p><b>III. Datos personales sensibles<\/b><\/p>\n<ul>\n<li>Carde\u00f1a no trata datos sensibles a trav\u00e9s de nuestra tienda en l\u00ednea, sitio web o redes sociales<\/li>\n<\/ul>\n<p><b>B) Datos que recopilamos autom\u00e1ticamente al utilizar nuestra p\u00e1gina<\/b><\/p>\n<p>Al interactuar con nuestra p\u00e1gina, sitio web o redes sociales recopilaremos informaci\u00f3n personal de la siguiente manera:<\/p>\n<p><b>Sitios web: <\/b>cuando nos visite se enviar\u00e1n estos datos de su navegador a nuestro servidor:<\/p>\n<ul>\n<li>Direcci\u00f3n IP<\/li>\n<li>La fecha y hora de la visita y el tiempo que ha permanecido en nuestro sitio web.<\/li>\n<li>La URL de referencia ( el sitio desde el que ha llegado el visitante )<\/li>\n<li>Las p\u00e1ginas visitadas en nuestro sitio web<\/li>\n<li>Informaci\u00f3n acerca del dispositivo y el navegador como tipo y versi\u00f3n del navegador, sistema operativo, etc.<\/li>\n<\/ul>\n<p><b>Cookies y etiquetas: <\/b>utilizamos cookies y etiquetas para el seguimiento de nuestra p\u00e1gina con la finalidad de almacenar informaci\u00f3n de las preferencias, interacciones, estad\u00edsticas de nuestros clientes, por lo que es posible el env\u00edo de una o m\u00e1s cookies en el dispositivo utilizado, para m\u00e1s informaci\u00f3n lea el apartado de cookies.<\/p>\n<p><b>Ubicaci\u00f3n: <\/b>Carde\u00f1a podr\u00e1 utilizar diversas tecnolog\u00edas para detectar su ubicaci\u00f3n. Recomendamos estar permanentemente familiarizado con los ajustes de su dispositivo para controlar la recopilaci\u00f3n de sus datos personales.<\/p>\n<p><b>II. Fines con los que utilizaremos sus datos personales<\/b><\/p>\n<p>Al registrarse en Carde\u00f1a los datos personales se utilizar\u00e1n para fines de identificaci\u00f3n y autenticaci\u00f3n por lo que usted podr\u00e1 iniciar sesi\u00f3n sin importar el lugar en el que se encuentre y el dispositivo utilizado. A continuaci\u00f3n se detallan los fines antes mencionados:<b><\/b><\/p>\n<p><b>A. Relaci\u00f3n jur\u00eddica entre Carde\u00f1a y usted.<\/b><\/p>\n<ul>\n<li>Compra de productos por medio de la tienda en l\u00ednea de Carde\u00f1a<\/li>\n<li>Poder brindarle los servicios contratados de manera eficiente y con la calidad debida<\/li>\n<li>Dar cumplimiento a nuestras obligaciones de entrega de productos, incluyendo el procesamiento, la informaci\u00f3n, la entrega y el estado de su pedido<\/li>\n<li>Atenci\u00f3n de servicio al cliente para efectos de utilizar sus datos personales para identificar la informaci\u00f3n de su pedido, historial de contacto y procesamiento de solicitudes as\u00ed como atender las solicitudes de reembolso.<\/li>\n<li>Establecimiento de relaciones con nuestras plataformas de env\u00edos y cobros.<\/li>\n<li>Llevar a cabo controles para evaluar que su tarjeta de cr\u00e9dito o d\u00e9bito no sea catalogada como fraudulenta y as\u00ed evitar un posible fraude.<\/li>\n<li>Con fines de identificaci\u00f3n, para efectos de crear un registro global \u00fanico, as\u00ed como crear un perfil para usted con la informaci\u00f3n necesaria para ofrecerle nuestros productos y servicios.<\/li>\n<li>Analizar tu forma de interactuar con nuestra marca a trav\u00e9s de los canales previamente mencionados.<\/li>\n<li>Dar cumplimiento a obligaciones regulatorias emitidas por parte de las autoridades competentes as\u00ed como atender a sus requerimientos.<b><\/b><\/li>\n<\/ul>\n<p><b>B. Fines para mejora y mantenimiento<\/b><\/p>\n<ul>\n<li>Informar sobre productos que nos haya solicitado<\/li>\n<li>Fines estad\u00edsticos para evaluar la calidad de los productos y de los servicios prestados.<\/li>\n<li>Fines mercadot\u00e9cnicos, publicitarios o de prospecci\u00f3n comercial.<\/li>\n<li>Invitar a promociones y eventos que Carde\u00f1a lleve a cabo<\/li>\n<li>Para conocer a nuestros clientes y mejorar su experiencia de navegaci\u00f3n y compra.<\/li>\n<\/ul>\n<p>Si desea dejar de recibir mensajes de Carde\u00f1a puede usar el enlace para darse de baja al contenido en los mensajes que haya recibido. Tenga en cuenta que, si decide dejar de recibir mensajes de marketing de la manera especificada anteriormente, seguiremos procesando sus datos personales.<\/p>\n<p><b>III. CU\u00c1NDO COMPARTIMOS SUS DATOS PERSONALES<\/b><\/p>\n<p>Cuando nos solicite un producto o informaci\u00f3n podremos compartir sus datos de forma confidencial dentro de Carde\u00f1a y no la compartiremos con terceros que no sean los se\u00f1alados a continuaci\u00f3n:<\/p>\n<p><b>A. Con otras entidades<\/b><\/p>\n<p>Compartimos sus datos personales de manera limitada, para posibilitar reembolsos, su autentificaci\u00f3n, registro global.<br \/>\n<b><\/b><\/p>\n<p><b>B. Con proveedores de servicios<\/b><\/p>\n<p>Compartimos informaci\u00f3n personal limitada que nos proporciona si las otras entidades act\u00faan como proveedores de nuestros servicios: procesadoras de pago y gesti\u00f3n contra fraude; para an\u00e1lisis de tendencias mismas que procesar\u00e1n su informaci\u00f3n personal bajo nuestras pol\u00edticas y en cumplimiento con la Ley de Datos.<br \/>\n<b><\/b><\/p>\n<p><strong>Proveedores de servicios\u00a0 \u00a0 \u00a0 \u00a0 \u00a0 \u00a0 \u00a0 \u00a0 \u00a0 \u00a0 \u00a0 \u00a0 \u00a0 \u00a0 \u00a0 \u00a0 \u00a0<\/strong><\/p>\n<ul>\n<li aria-level=\"1\">Stripe<\/li>\n<li aria-level=\"1\">Paypal<\/li>\n<li aria-level=\"1\">DHL<\/li>\n<li aria-level=\"1\">FedEx<\/li>\n<li aria-level=\"1\">Gobierno Federal<\/li>\n<\/ul>\n<p><strong>Finalidad<\/strong><\/p>\n<ul>\n<li>Exclusivamente para el seguimiento de las ventas realizadas, las estad\u00edsticas que arroje se emplear\u00e1n con fines de inventario y mejoramiento de nuestro servicio.<\/li>\n<\/ul>\n<p><b>IV. RESTRICCI\u00d3N DEL TRATAMIENTO DE DATOS PERSONALES<\/b><\/p>\n<p>Usted podr\u00e1 presentar su solicitud para el ejercicio de los derechos de Acceso, Rectificaci\u00f3n, Cancelaci\u00f3n u Oposici\u00f3n de sus datos personales ( derechos ARCO ) directamente ante nuestra Unidad de Transparencia, cuyos datos de contacto son los siguientes: a) Nombre de su titular: Mar\u00eda Salazar Valencia b) Domicilio: Col. Condesa, Alcald\u00eda Cuaut\u00e9moc, C.P: 06140 CDMX , M\u00e9xico c) Correo electr\u00f3nico <a href=\"mailto:contacto@cardenna.com\">contacto@cardenna.com<\/a> d) n\u00famero telef\u00f3nico 55 2743 7204 . Asimismo, usted podr\u00e1 solicitar una solicitud de ejercicio de derechos ARCO a trav\u00e9s de la Plataforma Nacional de Transparencia disponible en <a href=\"http:\/\/www.plaraformadetransparencia.org.mx\">http:\/\/www.plaraformadetransparencia.org.mx<\/a> y a trav\u00e9s de los siguientes medios: para la atenci\u00f3n de Derechos ARCO, presentar su solicitud a trav\u00e9s de la Unidad de Transparencia ubicada en Insurgentes Sur No. 3211 Col. Insurgentes Cuicuilco, Alcald\u00eda Coyoac\u00e1n, C.P. 04530, n\u00famero telef\u00f3nico 8008354324, Conmutador: 5004 2400. Si desea conocer el procedimiento para el ejercicio de estos derechos, puede acudir a la Unidad de Transparencia o bien accesar a la Plataforma Nacional de Transparencia.<\/p>\n<p>Si no autoriza, revoca o limita el tratamiento de sus datos personales es posible que Carde\u00f1a no pueda brindarle las prestaciones y beneficios a los que de otra forma tendr\u00eda acceso.<\/p>\n<p><b>V. USO DE COOKIES<\/b><\/p>\n<p>Carde\u00f1a utiliza cookies para asegurar que su navegaci\u00f3n a nuestra Tienda en L\u00ednea y redes sociales sea lo m\u00e1s agradable posible. Puede cambiar la configuraci\u00f3n de su navegador para eliminar o evitar el almacenamiento de ciertas cookies en su ordenador o dispositivo m\u00f3vil sin su consentimiento.<\/p>\n<p><b>VI. COMPROMISO CONTIGO<\/b><\/p>\n<p>Carde\u00f1a se compromete a llevar a cabo medidas de seguridad para proteger su informaci\u00f3n personal, darle uso de manera adecuada para evitar un tratamiento ilegal o no autorizado.<\/p>\n<p><b>VII. CONSERVACI\u00d3N DE SU INFORMACI\u00d3N PERSONAL<\/b><\/p>\n<p>Cuando los datos personales hayan dejado de ser necesarios para el cumplimiento de las finalidades previstas en el aviso de privacidad y que motivaron su tratamiento conforme a las disposiciones que resulten aplicables, deber\u00e1n ser suprimidos previo bloqueo en su caso, y una vez que concluya el plazo de conservaci\u00f3n de los mismos.<\/p>\n<ul>\n<li aria-level=\"1\">Los plazos de conservaci\u00f3n de los datos personales no deber\u00e1n exceder a aquellos que sean necesarios para el cumplimiento de las finalidades que justificaron su tratamiento y deber\u00e1n atender a las disposiciones aplicables en la materia de que se trate considerando los aspectos administrativos, contables, fiscales, jur\u00eddicos e hist\u00f3ricos de los datos personales.<\/li>\n<\/ul>\n<p><b>VIII. INFORMACI\u00d3N ACERCA DE MENORES DE EDAD<\/b><\/p>\n<p>CARDE\u00d1A no recopila informaci\u00f3n de ning\u00fan tipo a ni\u00f1os menores de 18 ( diez y ocho ) a\u00f1os.<\/p>\n<p><b>IX. CAMBIOS AL AVISO DE PRIVACIDAD<\/b><\/p>\n<p>En cualquier momento Carde\u00f1a tiene el derecho de realizar modificaciones o actualizaciones al presente Aviso de Privacidad. Estas modificaciones ser\u00e1n de uso p\u00fablico y estar\u00e1n disponibles en nuestra p\u00e1gina de internet <a href=\"http:\/\/www.cardenna.com\">www.cardenna.com<\/a>.<\/p>\n<p>Comercializadora Carde\u00f1a y C\u00eda. ( Carde\u00f1a m\u00e9xico ) tratar\u00e1 los datos personales se\u00f1alados con fundamento en lo dispuesto en los art\u00edculos 22, 23, 24, de la Ley General de Protecci\u00f3n de Datos Personales en Posesi\u00f3n de Sujetos Obligados, en los art\u00edculos 23 y 117 de la Ley General de Transparencia y Acceso a la Informaci\u00f3n P\u00fablica y en los art\u00edculos 30, 34, 37, 38, 39, 40, 42 de los Lineamientos Generales de Protecci\u00f3n de Datos Personales para el Sector P\u00fablico.<\/p>\n<p>Reconozco que he le\u00eddo y entiendo el alcance y significado del presente aviso a lo cual manifiesto mi consentimiento, as\u00ed como de los mecanismos que la Ley General de Datos Personales en Posesi\u00f3n de Sujetos Obligados, la Ley General de Transparencia y Acceso a la Informaci\u00f3n P\u00fablica, los Lineamientos Generales de Protecci\u00f3n de Datos Personales para el Sector P\u00fablico y el presente Aviso de Privacidad me confieren para el ejercicio de mis derechos de Acceso, Rectificaci\u00f3n, Cancelaci\u00f3n y Oposici\u00f3n, (derechos ARCO )as\u00ed como de la limitaci\u00f3n del uso, transferencia y divulgaci\u00f3n de mis datos que pueda realizar Carde\u00f1a.<\/p>\n<p>Mediante el uso de nuestra plataforma, redes sociales y p\u00e1gina web otorga su consentimiento para el uso, tratamiento y transferencias para las finalidades necesarias y no necesarias.<\/p>\n<\/div><\/div><\/div><\/div><\/div><\/p>\n","protected":false},"excerpt":{"rendered":"","protected":false},"author":1,"featured_media":0,"parent":0,"menu_order":0,"comment_status":"closed","ping_status":"closed","template":"100-width.php","meta":{"footnotes":""},"class_list":["post-45956","page","type-page","status-publish","hentry"],"yoast_head":"<!-- This site is optimized with the Yoast SEO plugin v26.0 - https:\/\/yoast.com\/wordpress\/plugins\/seo\/ -->\n<title>Pol\u00edtica de privacidad - Cardenna<\/title>\n<meta name=\"robots\" content=\"index, follow, max-snippet:-1, max-image-preview:large, max-video-preview:-1\" \/>\n<link rel=\"canonical\" href=\"https:\/\/cardenna.com\/?page_id=45956\" \/>\n<meta property=\"og:locale\" content=\"es_MX\" \/>\n<meta property=\"og:type\" content=\"article\" \/>\n<meta property=\"og:title\" content=\"Pol\u00edtica de privacidad - Cardenna\" \/>\n<meta property=\"og:url\" content=\"https:\/\/cardenna.com\/?page_id=45956\" \/>\n<meta property=\"og:site_name\" content=\"Cardenna\" \/>\n<meta property=\"article:modified_time\" content=\"2023-12-28T07:31:38+00:00\" \/>\n<meta name=\"twitter:card\" content=\"summary_large_image\" \/>\n<meta name=\"twitter:label1\" content=\"Tiempo de lectura\" \/>\n\t<meta name=\"twitter:data1\" content=\"7 minutos\" \/>\n<script type=\"application\/ld+json\" class=\"yoast-schema-graph\">{\"@context\":\"https:\/\/schema.org\",\"@graph\":[{\"@type\":\"WebPage\",\"@id\":\"https:\/\/cardenna.com\/?page_id=45956\",\"url\":\"https:\/\/cardenna.com\/?page_id=45956\",\"name\":\"Pol\u00edtica de privacidad - Cardenna\",\"isPartOf\":{\"@id\":\"https:\/\/cardenna.com\/#website\"},\"datePublished\":\"2023-10-15T00:09:16+00:00\",\"dateModified\":\"2023-12-28T07:31:38+00:00\",\"breadcrumb\":{\"@id\":\"https:\/\/cardenna.com\/?page_id=45956#breadcrumb\"},\"inLanguage\":\"es\",\"potentialAction\":[{\"@type\":\"ReadAction\",\"target\":[\"https:\/\/cardenna.com\/?page_id=45956\"]}]},{\"@type\":\"BreadcrumbList\",\"@id\":\"https:\/\/cardenna.com\/?page_id=45956#breadcrumb\",\"itemListElement\":[{\"@type\":\"ListItem\",\"position\":1,\"name\":\"Inicio\",\"item\":\"https:\/\/cardenna.com\/\"},{\"@type\":\"ListItem\",\"position\":2,\"name\":\"Pol\u00edtica de privacidad\"}]},{\"@type\":\"WebSite\",\"@id\":\"https:\/\/cardenna.com\/#website\",\"url\":\"https:\/\/cardenna.com\/\",\"name\":\"Cardenna\",\"description\":\"Arte Mexicano\",\"potentialAction\":[{\"@type\":\"SearchAction\",\"target\":{\"@type\":\"EntryPoint\",\"urlTemplate\":\"https:\/\/cardenna.com\/?s={search_term_string}\"},\"query-input\":{\"@type\":\"PropertyValueSpecification\",\"valueRequired\":true,\"valueName\":\"search_term_string\"}}],\"inLanguage\":\"es\"}]}<\/script>\n<!-- \/ Yoast SEO plugin. -->","yoast_head_json":{"title":"Pol\u00edtica de privacidad - Cardenna","robots":{"index":"index","follow":"follow","max-snippet":"max-snippet:-1","max-image-preview":"max-image-preview:large","max-video-preview":"max-video-preview:-1"},"canonical":"https:\/\/cardenna.com\/?page_id=45956","og_locale":"es_MX","og_type":"article","og_title":"Pol\u00edtica de privacidad - Cardenna","og_url":"https:\/\/cardenna.com\/?page_id=45956","og_site_name":"Cardenna","article_modified_time":"2023-12-28T07:31:38+00:00","twitter_card":"summary_large_image","twitter_misc":{"Tiempo de lectura":"7 minutos"},"schema":{"@context":"https:\/\/schema.org","@graph":[{"@type":"WebPage","@id":"https:\/\/cardenna.com\/?page_id=45956","url":"https:\/\/cardenna.com\/?page_id=45956","name":"Pol\u00edtica de privacidad - Cardenna","isPartOf":{"@id":"https:\/\/cardenna.com\/#website"},"datePublished":"2023-10-15T00:09:16+00:00","dateModified":"2023-12-28T07:31:38+00:00","breadcrumb":{"@id":"https:\/\/cardenna.com\/?page_id=45956#breadcrumb"},"inLanguage":"es","potentialAction":[{"@type":"ReadAction","target":["https:\/\/cardenna.com\/?page_id=45956"]}]},{"@type":"BreadcrumbList","@id":"https:\/\/cardenna.com\/?page_id=45956#breadcrumb","itemListElement":[{"@type":"ListItem","position":1,"name":"Inicio","item":"https:\/\/cardenna.com\/"},{"@type":"ListItem","position":2,"name":"Pol\u00edtica de privacidad"}]},{"@type":"WebSite","@id":"https:\/\/cardenna.com\/#website","url":"https:\/\/cardenna.com\/","name":"Cardenna","description":"Arte Mexicano","potentialAction":[{"@type":"SearchAction","target":{"@type":"EntryPoint","urlTemplate":"https:\/\/cardenna.com\/?s={search_term_string}"},"query-input":{"@type":"PropertyValueSpecification","valueRequired":true,"valueName":"search_term_string"}}],"inLanguage":"es"}]}},"lang":"es","translations":{"es":45956,"en":46147},"pll_sync_post":[],"_links":{"self":[{"href":"https:\/\/cardenna.com\/index.php?rest_route=\/wp\/v2\/pages\/45956","targetHints":{"allow":["GET"]}}],"collection":[{"href":"https:\/\/cardenna.com\/index.php?rest_route=\/wp\/v2\/pages"}],"about":[{"href":"https:\/\/cardenna.com\/index.php?rest_route=\/wp\/v2\/types\/page"}],"author":[{"embeddable":true,"href":"https:\/\/cardenna.com\/index.php?rest_route=\/wp\/v2\/users\/1"}],"replies":[{"embeddable":true,"href":"https:\/\/cardenna.com\/index.php?rest_route=%2Fwp%2Fv2%2Fcomments&post=45956"}],"version-history":[{"count":0,"href":"https:\/\/cardenna.com\/index.php?rest_route=\/wp\/v2\/pages\/45956\/revisions"}],"wp:attachment":[{"href":"https:\/\/cardenna.com\/index.php?rest_route=%2Fwp%2Fv2%2Fmedia&parent=45956"}],"curies":[{"name":"wp","href":"https:\/\/api.w.org\/{rel}","templated":true}]}}