{"id":45938,"date":"2023-10-14T16:24:03","date_gmt":"2023-10-14T22:24:03","guid":{"rendered":"https:\/\/cardenna.com\/?page_id=45938"},"modified":"2023-12-28T01:20:28","modified_gmt":"2023-12-28T07:20:28","slug":"politicas-de-cancelacion-devolucion-y-reembolso","status":"publish","type":"page","link":"https:\/\/cardenna.com\/?page_id=45938","title":{"rendered":"Pol\u00edticas de cancelaci\u00f3n, devoluci\u00f3n y reembolso"},"content":{"rendered":"<p><div class=\"fusion-fullwidth fullwidth-box fusion-builder-row-1 fusion-flex-container has-pattern-background has-mask-background fusion-parallax-none nonhundred-percent-fullwidth non-hundred-percent-height-scrolling lazyload\" style=\"--awb-background-repeat:repeat;--awb-border-color:var(--awb-color1);--awb-border-radius-top-left:0px;--awb-border-radius-top-right:0px;--awb-border-radius-bottom-right:0px;--awb-border-radius-bottom-left:0px;--awb-padding-top:75px;--awb-padding-right:18vw;--awb-padding-bottom:75px;--awb-padding-left:18vw;--awb-padding-top-small:10vw;--awb-padding-right-small:8vw;--awb-padding-bottom-small:10vw;--awb-padding-left-small:8vw;--awb-margin-bottom:60px;--awb-margin-bottom-small:30px;--awb-background-color:var(--awb-color8);--awb-background-image:linear-gradient(180deg, hsla(var(--awb-color3-h),var(--awb-color3-s),calc( var(--awb-color3-l) - 73% ),calc( var(--awb-color3-a) - 85% )) 0%,hsla(var(--awb-color3-h),var(--awb-color3-s),calc( var(--awb-color3-l) - 73% ),calc( var(--awb-color3-a) - 85% )) 100%);;--awb-background-size:;--awb-flex-wrap:wrap;\" data-bg=\"http:\/\/localhost:8888\/cardenna\/wp-content\/uploads\/2021\/02\/pattern-5.png\" data-bg-gradient=\"linear-gradient(180deg, hsla(var(--awb-color3-h),var(--awb-color3-s),calc( var(--awb-color3-l) - 73% ),calc( var(--awb-color3-a) - 85% )) 0%,hsla(var(--awb-color3-h),var(--awb-color3-s),calc( var(--awb-color3-l) - 73% ),calc( var(--awb-color3-a) - 85% )) 100%)\" ><div class=\"fusion-builder-row fusion-row fusion-flex-align-items-flex-start fusion-flex-content-wrap\" style=\"max-width:1248px;margin-left: calc(-4% \/ 2 );margin-right: calc(-4% \/ 2 );\"><div class=\"fusion-layout-column fusion_builder_column fusion-builder-column-0 fusion_builder_column_1_1 1_1 fusion-flex-column fusion-animated\" style=\"--awb-bg-position:center center;--awb-bg-size:cover;--awb-width-large:100%;--awb-margin-top-large:0px;--awb-spacing-right-large:1.92%;--awb-margin-bottom-large:0px;--awb-spacing-left-large:1.92%;--awb-width-medium:100%;--awb-order-medium:0;--awb-spacing-right-medium:1.92%;--awb-spacing-left-medium:1.92%;--awb-width-small:100%;--awb-order-small:0;--awb-spacing-right-small:1.92%;--awb-spacing-left-small:1.92%;\" data-animationType=\"fadeInUp\" data-animationDuration=\"1.0\" data-animationOffset=\"top-into-view\"><div class=\"fusion-column-wrapper fusion-column-has-shadow fusion-flex-justify-content-flex-start fusion-content-layout-column\"><div class=\"fusion-title title fusion-title-1 fusion-sep-none fusion-title-center fusion-title-text fusion-title-size-one\" style=\"--awb-text-color:var(--awb-color1);--awb-margin-top:0px;--awb-margin-bottom:0px;\"><h1 class=\"fusion-title-heading title-heading-center\" style=\"margin:0;\">Pol\u00edticas de cancelaci\u00f3n, devoluci\u00f3n y reembolso<\/h1><\/div><\/div><\/div><\/div><\/div><div class=\"fusion-fullwidth fullwidth-box fusion-builder-row-2 fusion-flex-container has-pattern-background has-mask-background nonhundred-percent-fullwidth non-hundred-percent-height-scrolling\" style=\"--awb-border-radius-top-left:0px;--awb-border-radius-top-right:0px;--awb-border-radius-bottom-right:0px;--awb-border-radius-bottom-left:0px;--awb-flex-wrap:wrap;\" ><div class=\"fusion-builder-row fusion-row fusion-flex-align-items-flex-start fusion-flex-content-wrap\" style=\"max-width:1248px;margin-left: calc(-4% \/ 2 );margin-right: calc(-4% \/ 2 );\"><div class=\"fusion-layout-column fusion_builder_column fusion-builder-column-1 fusion_builder_column_1_1 1_1 fusion-flex-column\" style=\"--awb-bg-size:cover;--awb-width-large:100%;--awb-margin-top-large:0px;--awb-spacing-right-large:1.92%;--awb-margin-bottom-large:20px;--awb-spacing-left-large:1.92%;--awb-width-medium:100%;--awb-order-medium:0;--awb-spacing-right-medium:1.92%;--awb-spacing-left-medium:1.92%;--awb-width-small:100%;--awb-order-small:0;--awb-spacing-right-small:1.92%;--awb-spacing-left-small:1.92%;\"><div class=\"fusion-column-wrapper fusion-column-has-shadow fusion-flex-justify-content-flex-start fusion-content-layout-column\"><div class=\"fusion-text fusion-text-1\"><h4><strong>Cancelaci\u00f3n de pedidos:<\/strong><\/h4>\n<p>El cliente tiene derecho a la cancelaci\u00f3n de su pedido cuando:<\/p>\n<p>En el trayecto se presente alguna situaci\u00f3n internacional que impida el libre tr\u00e1nsito entre pa\u00edses y sin que medie aviso de nuestra parte solicitando la ampliaci\u00f3n del plazo de entrega.<\/p>\n<p>Cuando la mercanc\u00eda no se entregue en el plazo establecido sin que medie aviso de nuestra parte si el retraso es por causas naturales o de fuerza mayor ajenas a nuestra voluntad.<\/p>\n<p>En estos supuestos, el cliente deber\u00e1 comunicarse dentro de las 48 horas posteriores a su compra en l\u00ednea al tel\u00e9fono\u00a0+52 55-2743-7204 de lunes a viernes de 9:00 a 18:00 hrs. CDMX GT, o enviar un correo electr\u00f3nico a <a href=\"mailto:contacto@cardenna.com\">contacto@cardenna.com<\/a> indicando que desea cancelar su pedido, anexando n\u00famero de solicitud y n\u00famero de pedido.<\/p>\n<p>En caso de proceder la devoluci\u00f3n nosotros recogeremos el producto en la direcci\u00f3n de entrega que se nos proporcion\u00f3 y el reembolso se realizar\u00e1 sin excepci\u00f3n mediante transferencia bancaria a la misma cuenta bancaria que proporcion\u00f3 al momento de la compra dentro de los 5 d\u00edas h\u00e1biles posteriores a la cancelaci\u00f3n del pedido, apeg\u00e1ndose en todo momento a lo que establece en la materia la Ley Federal para la Prevenci\u00f3n e Identificaci\u00f3n de Operaciones con Recursos de Procedencia Il\u00edcita.<\/p>\n<h4><b>Cancelaci\u00f3n de pedidos procesados:<\/b><\/h4>\n<p>En el caso de que el pedido ya haya sido procesado y enviado, el cliente deber\u00e1 rechazar la entrega en el momento que la compa\u00f1\u00eda de mensajer\u00eda le haga la entrega, en este caso los costos del env\u00edo de devoluci\u00f3n correr\u00e1n por parte del cliente.<\/p>\n<p>En caso de no rechazarlo al momento de la entrega el cliente deber\u00e1 realizar la devoluci\u00f3n por medio de paqueter\u00eda y el costo correr\u00e1 por cuenta del cliente, el domicilio para la devoluci\u00f3n se enviar\u00e1 al cliente al momento de notificar la cancelaci\u00f2n.<\/p>\n<h4><b>Producto err\u00f3neo o defectuoso (devoluci\u00f3n a cambio f\u00edsico)<\/b><\/h4>\n<p>Si ha recibido un producto err\u00f3neo o defectuoso, p\u00f3ngase en contacto con nosotros al tel\u00e9fono\u00a0+52 55-2743-7204 o al correo <a href=\"mailto:contacto@cardenna.com\">contacto@cardenna.com<\/a> indicando el n\u00famero del pedido, detalles del producto y la raz\u00f3n del cambio o bien devoluci\u00f3n.<\/p>\n<p>Env\u00edenos una foto del\u00a0 o los art\u00edculos, junto con su n\u00famero de pedido, factura o recibo. As\u00ed como la informaci\u00f3n de contacto: nombre, direcci\u00f3n, n\u00famero de tel\u00e9fono y correo electr\u00f3nico.<\/p>\n<p>Considere que tiene 3 d\u00edas naturales desde la recepci\u00f3n del pedido para informar y solicitar a CARDE\u00d1A la sustituci\u00f3n o devoluci\u00f3n del mismo. Tendr\u00e1 un m\u00e1ximo de 10 d\u00edas para hacer la devoluci\u00f3n del art\u00edculo, ser\u00e1 responsabilidad del cliente empacar el producto de la forma m\u00e1s adecuada para conservarlo hasta que regrese a la Ciudad de M\u00e9xico. .<\/p>\n<p>Una vez que el producto devuelto haya sido recibido, \u00e9ste ser\u00e1 evaluado y se definir\u00e1 con base en las condiciones del mismo si es procedente o no la devoluci\u00f3n, en caso negativo se le informar\u00e1 al tel\u00e9fono o mail que nos haya proporcionado, de ser procedente y querer la devoluci\u00f3n de su dinero, el personal de CARDE\u00d1A lo contactar\u00e1 y le solicitar\u00e1 sus datos bancarios para proceder con el reembolso de su dinero.<\/p>\n<p>Emitiremos un reembolso al mismo m\u00e9todo de pago utilizado, sin excepciones.<\/p>\n<p>Este proceso de reembolso puede tardar hasta 7 d\u00edas despu\u00e9s de que nos haya enviado sus datos bancarios para la transferencia. En este caso los costos del env\u00edo de devoluci\u00f3n correr\u00e1n por parte de CARDE\u00d1A<\/p>\n<\/div><\/div><\/div><\/div><\/div><\/p>\n","protected":false},"excerpt":{"rendered":"","protected":false},"author":1,"featured_media":0,"parent":0,"menu_order":0,"comment_status":"closed","ping_status":"closed","template":"100-width.php","meta":{"footnotes":""},"class_list":["post-45938","page","type-page","status-publish","hentry"],"yoast_head":"<!-- This site is optimized with the Yoast SEO plugin v26.0 - https:\/\/yoast.com\/wordpress\/plugins\/seo\/ -->\n<title>Pol\u00edticas de cancelaci\u00f3n, devoluci\u00f3n y reembolso - Cardenna<\/title>\n<meta name=\"robots\" content=\"index, follow, max-snippet:-1, max-image-preview:large, max-video-preview:-1\" \/>\n<link rel=\"canonical\" href=\"https:\/\/cardenna.com\/?page_id=45938\" \/>\n<meta property=\"og:locale\" content=\"es_MX\" \/>\n<meta property=\"og:type\" content=\"article\" \/>\n<meta property=\"og:title\" content=\"Pol\u00edticas de cancelaci\u00f3n, devoluci\u00f3n y reembolso - Cardenna\" \/>\n<meta property=\"og:url\" content=\"https:\/\/cardenna.com\/?page_id=45938\" \/>\n<meta property=\"og:site_name\" content=\"Cardenna\" \/>\n<meta property=\"article:modified_time\" content=\"2023-12-28T07:20:28+00:00\" \/>\n<meta name=\"twitter:card\" content=\"summary_large_image\" \/>\n<meta name=\"twitter:label1\" content=\"Tiempo de lectura\" \/>\n\t<meta name=\"twitter:data1\" content=\"3 minutos\" \/>\n<script type=\"application\/ld+json\" class=\"yoast-schema-graph\">{\"@context\":\"https:\/\/schema.org\",\"@graph\":[{\"@type\":\"WebPage\",\"@id\":\"https:\/\/cardenna.com\/?page_id=45938\",\"url\":\"https:\/\/cardenna.com\/?page_id=45938\",\"name\":\"Pol\u00edticas de cancelaci\u00f3n, devoluci\u00f3n y reembolso - Cardenna\",\"isPartOf\":{\"@id\":\"https:\/\/cardenna.com\/#website\"},\"datePublished\":\"2023-10-14T22:24:03+00:00\",\"dateModified\":\"2023-12-28T07:20:28+00:00\",\"breadcrumb\":{\"@id\":\"https:\/\/cardenna.com\/?page_id=45938#breadcrumb\"},\"inLanguage\":\"es\",\"potentialAction\":[{\"@type\":\"ReadAction\",\"target\":[\"https:\/\/cardenna.com\/?page_id=45938\"]}]},{\"@type\":\"BreadcrumbList\",\"@id\":\"https:\/\/cardenna.com\/?page_id=45938#breadcrumb\",\"itemListElement\":[{\"@type\":\"ListItem\",\"position\":1,\"name\":\"Inicio\",\"item\":\"https:\/\/cardenna.com\/\"},{\"@type\":\"ListItem\",\"position\":2,\"name\":\"Pol\u00edticas de cancelaci\u00f3n, devoluci\u00f3n y reembolso\"}]},{\"@type\":\"WebSite\",\"@id\":\"https:\/\/cardenna.com\/#website\",\"url\":\"https:\/\/cardenna.com\/\",\"name\":\"Cardenna\",\"description\":\"Arte Mexicano\",\"potentialAction\":[{\"@type\":\"SearchAction\",\"target\":{\"@type\":\"EntryPoint\",\"urlTemplate\":\"https:\/\/cardenna.com\/?s={search_term_string}\"},\"query-input\":{\"@type\":\"PropertyValueSpecification\",\"valueRequired\":true,\"valueName\":\"search_term_string\"}}],\"inLanguage\":\"es\"}]}<\/script>\n<!-- \/ Yoast SEO plugin. -->","yoast_head_json":{"title":"Pol\u00edticas de cancelaci\u00f3n, devoluci\u00f3n y reembolso - Cardenna","robots":{"index":"index","follow":"follow","max-snippet":"max-snippet:-1","max-image-preview":"max-image-preview:large","max-video-preview":"max-video-preview:-1"},"canonical":"https:\/\/cardenna.com\/?page_id=45938","og_locale":"es_MX","og_type":"article","og_title":"Pol\u00edticas de cancelaci\u00f3n, devoluci\u00f3n y reembolso - Cardenna","og_url":"https:\/\/cardenna.com\/?page_id=45938","og_site_name":"Cardenna","article_modified_time":"2023-12-28T07:20:28+00:00","twitter_card":"summary_large_image","twitter_misc":{"Tiempo de lectura":"3 minutos"},"schema":{"@context":"https:\/\/schema.org","@graph":[{"@type":"WebPage","@id":"https:\/\/cardenna.com\/?page_id=45938","url":"https:\/\/cardenna.com\/?page_id=45938","name":"Pol\u00edticas de cancelaci\u00f3n, devoluci\u00f3n y reembolso - Cardenna","isPartOf":{"@id":"https:\/\/cardenna.com\/#website"},"datePublished":"2023-10-14T22:24:03+00:00","dateModified":"2023-12-28T07:20:28+00:00","breadcrumb":{"@id":"https:\/\/cardenna.com\/?page_id=45938#breadcrumb"},"inLanguage":"es","potentialAction":[{"@type":"ReadAction","target":["https:\/\/cardenna.com\/?page_id=45938"]}]},{"@type":"BreadcrumbList","@id":"https:\/\/cardenna.com\/?page_id=45938#breadcrumb","itemListElement":[{"@type":"ListItem","position":1,"name":"Inicio","item":"https:\/\/cardenna.com\/"},{"@type":"ListItem","position":2,"name":"Pol\u00edticas de cancelaci\u00f3n, devoluci\u00f3n y reembolso"}]},{"@type":"WebSite","@id":"https:\/\/cardenna.com\/#website","url":"https:\/\/cardenna.com\/","name":"Cardenna","description":"Arte Mexicano","potentialAction":[{"@type":"SearchAction","target":{"@type":"EntryPoint","urlTemplate":"https:\/\/cardenna.com\/?s={search_term_string}"},"query-input":{"@type":"PropertyValueSpecification","valueRequired":true,"valueName":"search_term_string"}}],"inLanguage":"es"}]}},"lang":"es","translations":{"es":45938,"en":46148},"pll_sync_post":[],"_links":{"self":[{"href":"https:\/\/cardenna.com\/index.php?rest_route=\/wp\/v2\/pages\/45938","targetHints":{"allow":["GET"]}}],"collection":[{"href":"https:\/\/cardenna.com\/index.php?rest_route=\/wp\/v2\/pages"}],"about":[{"href":"https:\/\/cardenna.com\/index.php?rest_route=\/wp\/v2\/types\/page"}],"author":[{"embeddable":true,"href":"https:\/\/cardenna.com\/index.php?rest_route=\/wp\/v2\/users\/1"}],"replies":[{"embeddable":true,"href":"https:\/\/cardenna.com\/index.php?rest_route=%2Fwp%2Fv2%2Fcomments&post=45938"}],"version-history":[{"count":0,"href":"https:\/\/cardenna.com\/index.php?rest_route=\/wp\/v2\/pages\/45938\/revisions"}],"wp:attachment":[{"href":"https:\/\/cardenna.com\/index.php?rest_route=%2Fwp%2Fv2%2Fmedia&parent=45938"}],"curies":[{"name":"wp","href":"https:\/\/api.w.org\/{rel}","templated":true}]}}