{"id":45934,"date":"2023-10-14T16:18:44","date_gmt":"2023-10-14T22:18:44","guid":{"rendered":"https:\/\/cardenna.com\/?page_id=45934"},"modified":"2023-12-28T01:13:31","modified_gmt":"2023-12-28T07:13:31","slug":"politica-de-envio","status":"publish","type":"page","link":"https:\/\/cardenna.com\/?page_id=45934","title":{"rendered":"Pol\u00edtica de env\u00edo"},"content":{"rendered":"<p><div class=\"fusion-fullwidth fullwidth-box fusion-builder-row-1 fusion-flex-container has-pattern-background has-mask-background fusion-parallax-none nonhundred-percent-fullwidth non-hundred-percent-height-scrolling lazyload\" style=\"--awb-background-repeat:repeat;--awb-border-color:var(--awb-color1);--awb-border-radius-top-left:0px;--awb-border-radius-top-right:0px;--awb-border-radius-bottom-right:0px;--awb-border-radius-bottom-left:0px;--awb-padding-top:75px;--awb-padding-right:18vw;--awb-padding-bottom:75px;--awb-padding-left:18vw;--awb-padding-top-small:10vw;--awb-padding-right-small:8vw;--awb-padding-bottom-small:10vw;--awb-padding-left-small:8vw;--awb-margin-bottom:60px;--awb-margin-bottom-small:30px;--awb-background-color:var(--awb-color8);--awb-background-image:linear-gradient(180deg, hsla(var(--awb-color3-h),var(--awb-color3-s),calc( var(--awb-color3-l) - 73% ),calc( var(--awb-color3-a) - 85% )) 0%,hsla(var(--awb-color3-h),var(--awb-color3-s),calc( var(--awb-color3-l) - 73% ),calc( var(--awb-color3-a) - 85% )) 100%);;--awb-background-size:;--awb-flex-wrap:wrap;\" data-bg=\"http:\/\/localhost:8888\/cardenna\/wp-content\/uploads\/2021\/02\/pattern-5.png\" data-bg-gradient=\"linear-gradient(180deg, hsla(var(--awb-color3-h),var(--awb-color3-s),calc( var(--awb-color3-l) - 73% ),calc( var(--awb-color3-a) - 85% )) 0%,hsla(var(--awb-color3-h),var(--awb-color3-s),calc( var(--awb-color3-l) - 73% ),calc( var(--awb-color3-a) - 85% )) 100%)\" ><div class=\"fusion-builder-row fusion-row fusion-flex-align-items-flex-start fusion-flex-content-wrap\" style=\"max-width:1248px;margin-left: calc(-4% \/ 2 );margin-right: calc(-4% \/ 2 );\"><div class=\"fusion-layout-column fusion_builder_column fusion-builder-column-0 fusion_builder_column_1_1 1_1 fusion-flex-column fusion-animated\" style=\"--awb-bg-position:center center;--awb-bg-size:cover;--awb-width-large:100%;--awb-margin-top-large:0px;--awb-spacing-right-large:1.92%;--awb-margin-bottom-large:0px;--awb-spacing-left-large:1.92%;--awb-width-medium:100%;--awb-order-medium:0;--awb-spacing-right-medium:1.92%;--awb-spacing-left-medium:1.92%;--awb-width-small:100%;--awb-order-small:0;--awb-spacing-right-small:1.92%;--awb-spacing-left-small:1.92%;\" data-animationType=\"fadeInUp\" data-animationDuration=\"1.0\" data-animationOffset=\"top-into-view\"><div class=\"fusion-column-wrapper fusion-column-has-shadow fusion-flex-justify-content-flex-start fusion-content-layout-column\"><div class=\"fusion-title title fusion-title-1 fusion-sep-none fusion-title-center fusion-title-text fusion-title-size-one\" style=\"--awb-text-color:var(--awb-color1);--awb-margin-top:0px;--awb-margin-bottom:0px;\"><h1 class=\"fusion-title-heading title-heading-center\" style=\"margin:0;\">Pol\u00edtica de env\u00edo<\/h1><\/div><\/div><\/div><\/div><\/div><div class=\"fusion-fullwidth fullwidth-box fusion-builder-row-2 fusion-flex-container has-pattern-background has-mask-background nonhundred-percent-fullwidth non-hundred-percent-height-scrolling\" style=\"--awb-border-radius-top-left:0px;--awb-border-radius-top-right:0px;--awb-border-radius-bottom-right:0px;--awb-border-radius-bottom-left:0px;--awb-flex-wrap:wrap;\" ><div class=\"fusion-builder-row fusion-row fusion-flex-align-items-flex-start fusion-flex-content-wrap\" style=\"max-width:1248px;margin-left: calc(-4% \/ 2 );margin-right: calc(-4% \/ 2 );\"><div class=\"fusion-layout-column fusion_builder_column fusion-builder-column-1 fusion_builder_column_1_1 1_1 fusion-flex-column\" style=\"--awb-bg-size:cover;--awb-width-large:100%;--awb-margin-top-large:0px;--awb-spacing-right-large:1.92%;--awb-margin-bottom-large:20px;--awb-spacing-left-large:1.92%;--awb-width-medium:100%;--awb-order-medium:0;--awb-spacing-right-medium:1.92%;--awb-spacing-left-medium:1.92%;--awb-width-small:100%;--awb-order-small:0;--awb-spacing-right-small:1.92%;--awb-spacing-left-small:1.92%;\"><div class=\"fusion-column-wrapper fusion-column-has-shadow fusion-flex-justify-content-flex-start fusion-content-layout-column\"><div class=\"fusion-text fusion-text-1\"><p>Las artesan\u00edas compradas se enviar\u00e1n desde la Ciudad de M\u00e9xico, trat\u00e1ndose e art\u00edculos peque\u00f1os se entregar\u00e1n en un plazo de 6 d\u00edas h\u00e1biles contados a partir de la fecha de confirmaci\u00f3n la cu\u00e1l se considerar\u00e1 cuando se reciba el pago de la compra siempre y\u00a0 cuando la pieza adquirida est\u00e9 en stock y disponible, en caso contrario se le notificar\u00e1 al cliente el nuevo tiempo de entrega el cual incluir\u00e1 el tiempo de elaboraci\u00f3n del producto y el de env\u00edo.<\/p>\n<p>Entrega de productos de gran tama\u00f1o. El tiempo de entrega de dichos art\u00edculos es de 7 a 12 d\u00edas h\u00e1biles. Es importante considerar que los art\u00edculos de gran tama\u00f1o se entregan a nivel de la calle, sobre la banqueta, a la entrada de la casa o edificio se\u00f1alado para la entrega. La mensajer\u00eda no es responsable de llevar los art\u00edculos a un piso superior o inferior a menos que se indique en la ficha que establece los \u201c T\u00e9rminos de Entrega\u201d de la p\u00e1gina del producto.<\/p>\n<p>Para piezas hechas a la medida, el plazo de env\u00edo ser\u00e1 notificado al cliente una vez que se levante el pedido y se confirme el pago del anticipo solicitado\/establecido o bien, el pago total.\u00a0 Esta comunicaci\u00f3n se realizar\u00e1 \u00fanicamente con el personal autorizado para ello por medio de emails institucionales.<\/p>\n<p>Todas las artesan\u00edas son empacadas de manera profesional cuidando siempre que los productos lleguen en buen estado y a satisfacci\u00f3n de nuestros clientes ya que se tratan de artesan\u00edas delicadas y cuyo proceso de elaboraci\u00f3n es \u00fanico y esmerado.<\/p>\n<p>Por favor considere que el servicio de entrega no incluye el desempaque ni la instalaci\u00f3n, a menos que se indique en los \u201cT\u00e9rminos de Entrega\u201d del producto.<\/p>\n<p>Todos nuestros productos viajan por cuenta y riesgo del comprador raz\u00f3n por la cu\u00e1l contamos con un seguro de traslado y un seguro adicional\u00a0 que proteja la inversi\u00f3n de nuestro cliente.<\/p>\n<p>Podemos enviar nuestras piezas a cualquier pa\u00eds del mundo.<\/p>\n<p>Todos los gastos de env\u00edo nacionales e internacionales deber\u00e1n ser cubiertos por el comprador.<\/p>\n<p>Trat\u00e1ndose de los casos en los que el cliente nos comunique por escrito que solicita que el producto permanezca en aduana y la recolecci\u00f3n se lleve a cabo por cuenta propia, si se llegara a presentar el caso de que en la aduana retuvieron el producto por causas ajenas a nosotros nos deslindamos del proceso de recuperaci\u00f3n y no habr\u00e1 devoluci\u00f3n del pago realizado.<\/p>\n<p>Nuestra tienda en l\u00ednea cuenta con servicio de recolecci\u00f3n en la Ciudad de M\u00e9xico, para mayor informaci\u00f3n escriba a: <a href=\"mailto:contacto@cardenna.com\">contacto@cardenna.com<\/a><\/p>\n<\/div><\/div><\/div><\/div><\/div><\/p>\n","protected":false},"excerpt":{"rendered":"","protected":false},"author":1,"featured_media":0,"parent":0,"menu_order":0,"comment_status":"closed","ping_status":"closed","template":"100-width.php","meta":{"footnotes":""},"class_list":["post-45934","page","type-page","status-publish","hentry"],"yoast_head":"<!-- This site is optimized with the Yoast SEO plugin v26.0 - https:\/\/yoast.com\/wordpress\/plugins\/seo\/ -->\n<title>Pol\u00edtica de env\u00edo - Cardenna<\/title>\n<meta name=\"robots\" content=\"index, follow, max-snippet:-1, max-image-preview:large, max-video-preview:-1\" \/>\n<link rel=\"canonical\" href=\"https:\/\/cardenna.com\/?page_id=45934\" \/>\n<meta property=\"og:locale\" content=\"es_MX\" \/>\n<meta property=\"og:type\" content=\"article\" \/>\n<meta property=\"og:title\" content=\"Pol\u00edtica de env\u00edo - Cardenna\" \/>\n<meta property=\"og:url\" content=\"https:\/\/cardenna.com\/?page_id=45934\" \/>\n<meta property=\"og:site_name\" content=\"Cardenna\" \/>\n<meta property=\"article:modified_time\" content=\"2023-12-28T07:13:31+00:00\" \/>\n<meta name=\"twitter:card\" content=\"summary_large_image\" \/>\n<meta name=\"twitter:label1\" content=\"Tiempo de lectura\" \/>\n\t<meta name=\"twitter:data1\" content=\"1 minuto\" \/>\n<script type=\"application\/ld+json\" class=\"yoast-schema-graph\">{\"@context\":\"https:\/\/schema.org\",\"@graph\":[{\"@type\":\"WebPage\",\"@id\":\"https:\/\/cardenna.com\/?page_id=45934\",\"url\":\"https:\/\/cardenna.com\/?page_id=45934\",\"name\":\"Pol\u00edtica de env\u00edo - Cardenna\",\"isPartOf\":{\"@id\":\"https:\/\/cardenna.com\/#website\"},\"datePublished\":\"2023-10-14T22:18:44+00:00\",\"dateModified\":\"2023-12-28T07:13:31+00:00\",\"breadcrumb\":{\"@id\":\"https:\/\/cardenna.com\/?page_id=45934#breadcrumb\"},\"inLanguage\":\"es\",\"potentialAction\":[{\"@type\":\"ReadAction\",\"target\":[\"https:\/\/cardenna.com\/?page_id=45934\"]}]},{\"@type\":\"BreadcrumbList\",\"@id\":\"https:\/\/cardenna.com\/?page_id=45934#breadcrumb\",\"itemListElement\":[{\"@type\":\"ListItem\",\"position\":1,\"name\":\"Inicio\",\"item\":\"https:\/\/cardenna.com\/\"},{\"@type\":\"ListItem\",\"position\":2,\"name\":\"Pol\u00edtica de env\u00edo\"}]},{\"@type\":\"WebSite\",\"@id\":\"https:\/\/cardenna.com\/#website\",\"url\":\"https:\/\/cardenna.com\/\",\"name\":\"Cardenna\",\"description\":\"Arte Mexicano\",\"potentialAction\":[{\"@type\":\"SearchAction\",\"target\":{\"@type\":\"EntryPoint\",\"urlTemplate\":\"https:\/\/cardenna.com\/?s={search_term_string}\"},\"query-input\":{\"@type\":\"PropertyValueSpecification\",\"valueRequired\":true,\"valueName\":\"search_term_string\"}}],\"inLanguage\":\"es\"}]}<\/script>\n<!-- \/ Yoast SEO plugin. -->","yoast_head_json":{"title":"Pol\u00edtica de env\u00edo - Cardenna","robots":{"index":"index","follow":"follow","max-snippet":"max-snippet:-1","max-image-preview":"max-image-preview:large","max-video-preview":"max-video-preview:-1"},"canonical":"https:\/\/cardenna.com\/?page_id=45934","og_locale":"es_MX","og_type":"article","og_title":"Pol\u00edtica de env\u00edo - Cardenna","og_url":"https:\/\/cardenna.com\/?page_id=45934","og_site_name":"Cardenna","article_modified_time":"2023-12-28T07:13:31+00:00","twitter_card":"summary_large_image","twitter_misc":{"Tiempo de lectura":"1 minuto"},"schema":{"@context":"https:\/\/schema.org","@graph":[{"@type":"WebPage","@id":"https:\/\/cardenna.com\/?page_id=45934","url":"https:\/\/cardenna.com\/?page_id=45934","name":"Pol\u00edtica de env\u00edo - Cardenna","isPartOf":{"@id":"https:\/\/cardenna.com\/#website"},"datePublished":"2023-10-14T22:18:44+00:00","dateModified":"2023-12-28T07:13:31+00:00","breadcrumb":{"@id":"https:\/\/cardenna.com\/?page_id=45934#breadcrumb"},"inLanguage":"es","potentialAction":[{"@type":"ReadAction","target":["https:\/\/cardenna.com\/?page_id=45934"]}]},{"@type":"BreadcrumbList","@id":"https:\/\/cardenna.com\/?page_id=45934#breadcrumb","itemListElement":[{"@type":"ListItem","position":1,"name":"Inicio","item":"https:\/\/cardenna.com\/"},{"@type":"ListItem","position":2,"name":"Pol\u00edtica de env\u00edo"}]},{"@type":"WebSite","@id":"https:\/\/cardenna.com\/#website","url":"https:\/\/cardenna.com\/","name":"Cardenna","description":"Arte Mexicano","potentialAction":[{"@type":"SearchAction","target":{"@type":"EntryPoint","urlTemplate":"https:\/\/cardenna.com\/?s={search_term_string}"},"query-input":{"@type":"PropertyValueSpecification","valueRequired":true,"valueName":"search_term_string"}}],"inLanguage":"es"}]}},"lang":"es","translations":{"es":45934,"en":46142},"pll_sync_post":[],"_links":{"self":[{"href":"https:\/\/cardenna.com\/index.php?rest_route=\/wp\/v2\/pages\/45934","targetHints":{"allow":["GET"]}}],"collection":[{"href":"https:\/\/cardenna.com\/index.php?rest_route=\/wp\/v2\/pages"}],"about":[{"href":"https:\/\/cardenna.com\/index.php?rest_route=\/wp\/v2\/types\/page"}],"author":[{"embeddable":true,"href":"https:\/\/cardenna.com\/index.php?rest_route=\/wp\/v2\/users\/1"}],"replies":[{"embeddable":true,"href":"https:\/\/cardenna.com\/index.php?rest_route=%2Fwp%2Fv2%2Fcomments&post=45934"}],"version-history":[{"count":0,"href":"https:\/\/cardenna.com\/index.php?rest_route=\/wp\/v2\/pages\/45934\/revisions"}],"wp:attachment":[{"href":"https:\/\/cardenna.com\/index.php?rest_route=%2Fwp%2Fv2%2Fmedia&parent=45934"}],"curies":[{"name":"wp","href":"https:\/\/api.w.org\/{rel}","templated":true}]}}