{"id":45218,"date":"2023-08-26T11:07:57","date_gmt":"2023-08-26T17:07:57","guid":{"rendered":"https:\/\/cardenna.com\/?page_id=45218"},"modified":"2023-12-27T22:53:36","modified_gmt":"2023-12-28T04:53:36","slug":"piedra","status":"publish","type":"page","link":"https:\/\/cardenna.com\/?page_id=45218","title":{"rendered":"Piedra"},"content":{"rendered":"<p><div class=\"fusion-fullwidth fullwidth-box fusion-builder-row-1 fusion-flex-container has-pattern-background has-mask-background fusion-parallax-fixed nonhundred-percent-fullwidth non-hundred-percent-height-scrolling lazyload\" style=\"--awb-background-repeat:repeat;--awb-border-color:var(--awb-color1);--awb-border-radius-top-left:0px;--awb-border-radius-top-right:0px;--awb-border-radius-bottom-right:0px;--awb-border-radius-bottom-left:0px;--awb-padding-top:100px;--awb-padding-right:18vw;--awb-padding-bottom:100px;--awb-padding-left:18vw;--awb-padding-top-small:10vw;--awb-padding-right-small:8vw;--awb-padding-bottom-small:10vw;--awb-padding-left-small:8vw;--awb-margin-bottom:60px;--awb-margin-bottom-small:30px;--awb-background-color:var(--awb-color3);--awb-background-size:;--awb-flex-wrap:wrap;background-attachment:fixed;\" data-bg=\"https:\/\/cardenna.com\/wp-content\/uploads\/2023\/09\/fondo_barro-300x118.png\" ><div class=\"fusion-builder-row fusion-row fusion-flex-align-items-flex-start fusion-flex-content-wrap\" style=\"max-width:1248px;margin-left: calc(-4% \/ 2 );margin-right: calc(-4% \/ 2 );\"><div class=\"fusion-layout-column fusion_builder_column fusion-builder-column-0 fusion_builder_column_1_1 1_1 fusion-flex-column fusion-animated\" style=\"--awb-bg-position:center center;--awb-bg-size:cover;--awb-width-large:100%;--awb-margin-top-large:0px;--awb-spacing-right-large:1.92%;--awb-margin-bottom-large:0px;--awb-spacing-left-large:1.92%;--awb-width-medium:100%;--awb-order-medium:0;--awb-spacing-right-medium:1.92%;--awb-spacing-left-medium:1.92%;--awb-width-small:100%;--awb-order-small:0;--awb-spacing-right-small:1.92%;--awb-spacing-left-small:1.92%;\" data-animationType=\"fadeInUp\" data-animationDuration=\"1.0\" data-animationOffset=\"top-into-view\"><div class=\"fusion-column-wrapper fusion-column-has-shadow fusion-flex-justify-content-flex-start fusion-content-layout-column\"><div class=\"fusion-title title fusion-title-1 fusion-sep-none fusion-title-center fusion-title-text fusion-title-size-one\" style=\"--awb-text-color:var(--awb-color8);--awb-margin-top:0px;--awb-margin-bottom:0px;\"><h1 class=\"fusion-title-heading title-heading-center\" style=\"font-family:&quot;Montserrat&quot;;font-style:normal;font-weight:500;margin:0;text-transform:uppercase;\">Piedra<\/h1><\/div><\/div><\/div><\/div><\/div><div class=\"fusion-fullwidth fullwidth-box fusion-builder-row-2 fusion-flex-container has-pattern-background has-mask-background nonhundred-percent-fullwidth non-hundred-percent-height-scrolling\" style=\"--awb-border-radius-top-left:0px;--awb-border-radius-top-right:0px;--awb-border-radius-bottom-right:0px;--awb-border-radius-bottom-left:0px;--awb-padding-bottom:50px;--awb-flex-wrap:wrap;\" ><div class=\"fusion-builder-row fusion-row fusion-flex-align-items-flex-start fusion-flex-content-wrap\" style=\"max-width:1248px;margin-left: calc(-4% \/ 2 );margin-right: calc(-4% \/ 2 );\"><div class=\"fusion-layout-column fusion_builder_column fusion-builder-column-1 fusion_builder_column_1_1 1_1 fusion-flex-column\" style=\"--awb-bg-size:cover;--awb-width-large:100%;--awb-margin-top-large:0px;--awb-spacing-right-large:1.92%;--awb-margin-bottom-large:0px;--awb-spacing-left-large:1.92%;--awb-width-medium:100%;--awb-spacing-right-medium:1.92%;--awb-spacing-left-medium:1.92%;--awb-width-small:100%;--awb-spacing-right-small:1.92%;--awb-spacing-left-small:1.92%;\"><div class=\"fusion-column-wrapper fusion-flex-justify-content-flex-start fusion-content-layout-column\"><div class=\"fusion-text fusion-text-1\"><p>\u201cTirar la piedra y esconder la mano\u201d en Carde\u00f1a nos gusta pensar el refr\u00e1n de otra manera:<\/p>\n<p>\u201cRecoger la Piedra y lucir la mano\u201d. Convencidos de esto, Carde\u00f1a cura sus productos desde la \u00f3ptica los \u201cElementos de origen\u201d, aqu\u00ed la PIEDRA:<\/p>\n<p>Este material ha sido utilizado tanto en utensilios de uso dom\u00e9stico, en el ornamento, como en la cacer\u00eda. El trabajo de este elemento comienza desde la extracci\u00f3n, posterior selecci\u00f3n, y traslado. Luego de esa ardua labor comienza la inspiraci\u00f3n y creaci\u00f3n de una pieza \u00fanica. La fuerza de las manos debe ser precisa para darle forma y estilo. Siempre se est\u00e1 a \u201cun golpe\u201d de ser Arte o una simple piedra fisurada.<\/p>\n<p>En M\u00e9xico son varios los estados en los que se encuentra arte en diversas piedras, destacando, Guanajuato, Michoac\u00e1n, Estado de M\u00e9xico, Puebla y Jalisco.<\/p>\n<\/div><div class=\"fusion-post-cards fusion-post-cards-1 fusion-grid-archive fusion-grid-columns-4\" style=\"--awb-dots-align:center;--awb-active-filter-border-size:3px;--awb-filters-height:36px;\"><ul class=\"fusion-grid fusion-grid-4 fusion-flex-align-items-flex-start fusion-grid-posts-cards fusion-grid-container-infinite\" data-pages=\"1\"><li class=\"fusion-layout-column fusion_builder_column fusion-builder-column-2 fusion-flex-column post-card fusion-grid-column fusion-post-cards-grid-column product-grid-view product type-product\" style=\"--awb-bg-blend:overlay;--awb-bg-size:cover;\"><div class=\"fusion-column-wrapper fusion-flex-justify-content-flex-start fusion-content-layout-column\"><div class=\"fusion-clean-product-image-wrapper fusion-woo-product-image fusion-post-card-image fusion-post-card-image-1 product-images images\" data-layout=\"crossfade\" style=\"--awb-margin-bottom:15px;\"><a href=\"https:\/\/cardenna.com\/?product=molcajete-con-tapa-grabado\" title=\"Molcajete con tapa grabado\"><div class=\"featured-image woocommerce-product-gallery__image crossfade-images\">\n\t<img decoding=\"async\" width=\"500\" height=\"620\" src=\"data:image\/svg+xml,%3Csvg%20xmlns%3D%27http%3A%2F%2Fwww.w3.org%2F2000%2Fsvg%27%20width%3D%271000%27%20height%3D%271240%27%20viewBox%3D%270%200%201000%201240%27%3E%3Crect%20width%3D%271000%27%20height%3D%271240%27%20fill-opacity%3D%220%22%2F%3E%3C%2Fsvg%3E\" class=\"hover-image lazyload\" alt=\"\" data-orig-src=\"https:\/\/cardenna.com\/wp-content\/uploads\/2023\/09\/MIMTG-1-2_gradiente-500x620.jpeg\" data-caption=\"\" data-src=\"https:\/\/cardenna.com\/wp-content\/uploads\/2023\/09\/MIMTG-1-2_gradiente.jpeg\" data-large_image=\"https:\/\/cardenna.com\/wp-content\/uploads\/2023\/09\/MIMTG-1-2_gradiente.jpeg\" data-large_image_width=\"1000\" data-large_image_height=\"1240\" \/>\t<img decoding=\"async\" width=\"500\" height=\"620\" src=\"data:image\/svg+xml,%3Csvg%20xmlns%3D%27http%3A%2F%2Fwww.w3.org%2F2000%2Fsvg%27%20width%3D%271000%27%20height%3D%271240%27%20viewBox%3D%270%200%201000%201240%27%3E%3Crect%20width%3D%271000%27%20height%3D%271240%27%20fill-opacity%3D%220%22%2F%3E%3C%2Fsvg%3E\" class=\"attachment-woocommerce_thumbnail size-woocommerce_thumbnail lazyload wp-post-image\" alt=\"\" data-orig-src=\"https:\/\/cardenna.com\/wp-content\/uploads\/2023\/09\/MIMTG-1_gradiente-500x620.jpeg\" data-caption=\"\" data-src=\"https:\/\/cardenna.com\/wp-content\/uploads\/2023\/09\/MIMTG-1_gradiente.jpeg\" data-large_image=\"https:\/\/cardenna.com\/wp-content\/uploads\/2023\/09\/MIMTG-1_gradiente.jpeg\" data-large_image_width=\"1000\" data-large_image_height=\"1240\" \/>\n\t\t\t\t\t\t<div class=\"cart-loading\"><i class=\"awb-icon-spinner\" aria-hidden=\"true\"><\/i><\/div>\n\t\t\t<\/div>\n<\/a><\/div><div class=\"fusion-title title fusion-title-2 fusion-sep-none fusion-title-center fusion-title-text fusion-title-size-two\" style=\"--awb-text-color:var(--awb-color7);--awb-margin-bottom:7px;--awb-font-size:var(--awb-typography5-font-size);\"><h2 class=\"fusion-title-heading title-heading-center\" style=\"font-family:&quot;Montserrat&quot;;font-style:normal;font-weight:400;margin:0;font-size:1em;letter-spacing:var(--awb-typography5-letter-spacing);text-transform:uppercase;line-height:var(--awb-typography5-line-height);\">Molcajete con tapa grabado<\/h2><\/div><div class=\"fusion-woo-price-tb fusion-woo-price-tb-1 sale-position-right has-border floated has-badge badge-position-right\" style=\"--awb-price-font-size:17px;--awb-sale-font-size:14px;--awb-badge-font-size:11px;--awb-badge-border-size:3px;--awb-badge-text-color:var(--awb-color1);--awb-badge-bg-color:var(--awb-color5);--awb-badge-border-color:var(--awb-color5);--awb-price-text-transform:uppercase;--awb-sale-text-transform:uppercase;--awb-alignment:center;--awb-border-radius:2px 2px 2px 2px;--awb-price-font-family:&quot;Montserrat&quot;;--awb-price-font-style:normal;--awb-price-font-weight:500;--awb-sale-font-family:&quot;Montserrat&quot;;--awb-sale-font-style:normal;--awb-sale-font-weight:400;--awb-stock-font-family:inherit;--awb-stock-font-style:normal;--awb-stock-font-weight:400;--awb-badge-font-family:inherit;--awb-badge-font-style:normal;--awb-badge-font-weight:400;\"><p class=\"price\"><span class=\"woocommerce-Price-amount amount\"><bdi><span class=\"woocommerce-Price-currencySymbol\">MXN $<\/span>&nbsp;2,600.00<\/bdi><\/span><\/p>\n<\/div><\/div><\/li>\n<\/ul><\/div><\/div><\/div><\/div><\/div><\/p>\n","protected":false},"excerpt":{"rendered":"","protected":false},"author":1,"featured_media":0,"parent":0,"menu_order":0,"comment_status":"closed","ping_status":"closed","template":"100-width.php","meta":{"footnotes":""},"class_list":["post-45218","page","type-page","status-publish","hentry"],"yoast_head":"<!-- This site is optimized with the Yoast SEO plugin v26.0 - https:\/\/yoast.com\/wordpress\/plugins\/seo\/ -->\n<title>Piedra - Cardenna<\/title>\n<meta name=\"robots\" content=\"index, follow, max-snippet:-1, max-image-preview:large, max-video-preview:-1\" \/>\n<link rel=\"canonical\" href=\"https:\/\/cardenna.com\/?page_id=45218\" \/>\n<meta property=\"og:locale\" content=\"es_MX\" \/>\n<meta property=\"og:type\" content=\"article\" \/>\n<meta property=\"og:title\" content=\"Piedra - Cardenna\" \/>\n<meta property=\"og:url\" content=\"https:\/\/cardenna.com\/?page_id=45218\" \/>\n<meta property=\"og:site_name\" content=\"Cardenna\" \/>\n<meta property=\"article:modified_time\" content=\"2023-12-28T04:53:36+00:00\" \/>\n<meta name=\"twitter:card\" content=\"summary_large_image\" \/>\n<meta name=\"twitter:label1\" content=\"Tiempo de lectura\" \/>\n\t<meta name=\"twitter:data1\" content=\"2 minutos\" \/>\n<script type=\"application\/ld+json\" class=\"yoast-schema-graph\">{\"@context\":\"https:\/\/schema.org\",\"@graph\":[{\"@type\":\"WebPage\",\"@id\":\"https:\/\/cardenna.com\/?page_id=45218\",\"url\":\"https:\/\/cardenna.com\/?page_id=45218\",\"name\":\"Piedra - Cardenna\",\"isPartOf\":{\"@id\":\"https:\/\/cardenna.com\/#website\"},\"datePublished\":\"2023-08-26T17:07:57+00:00\",\"dateModified\":\"2023-12-28T04:53:36+00:00\",\"breadcrumb\":{\"@id\":\"https:\/\/cardenna.com\/?page_id=45218#breadcrumb\"},\"inLanguage\":\"es\",\"potentialAction\":[{\"@type\":\"ReadAction\",\"target\":[\"https:\/\/cardenna.com\/?page_id=45218\"]}]},{\"@type\":\"BreadcrumbList\",\"@id\":\"https:\/\/cardenna.com\/?page_id=45218#breadcrumb\",\"itemListElement\":[{\"@type\":\"ListItem\",\"position\":1,\"name\":\"Inicio\",\"item\":\"https:\/\/cardenna.com\/\"},{\"@type\":\"ListItem\",\"position\":2,\"name\":\"Piedra\"}]},{\"@type\":\"WebSite\",\"@id\":\"https:\/\/cardenna.com\/#website\",\"url\":\"https:\/\/cardenna.com\/\",\"name\":\"Cardenna\",\"description\":\"Arte Mexicano\",\"potentialAction\":[{\"@type\":\"SearchAction\",\"target\":{\"@type\":\"EntryPoint\",\"urlTemplate\":\"https:\/\/cardenna.com\/?s={search_term_string}\"},\"query-input\":{\"@type\":\"PropertyValueSpecification\",\"valueRequired\":true,\"valueName\":\"search_term_string\"}}],\"inLanguage\":\"es\"}]}<\/script>\n<!-- \/ Yoast SEO plugin. -->","yoast_head_json":{"title":"Piedra - Cardenna","robots":{"index":"index","follow":"follow","max-snippet":"max-snippet:-1","max-image-preview":"max-image-preview:large","max-video-preview":"max-video-preview:-1"},"canonical":"https:\/\/cardenna.com\/?page_id=45218","og_locale":"es_MX","og_type":"article","og_title":"Piedra - Cardenna","og_url":"https:\/\/cardenna.com\/?page_id=45218","og_site_name":"Cardenna","article_modified_time":"2023-12-28T04:53:36+00:00","twitter_card":"summary_large_image","twitter_misc":{"Tiempo de lectura":"2 minutos"},"schema":{"@context":"https:\/\/schema.org","@graph":[{"@type":"WebPage","@id":"https:\/\/cardenna.com\/?page_id=45218","url":"https:\/\/cardenna.com\/?page_id=45218","name":"Piedra - Cardenna","isPartOf":{"@id":"https:\/\/cardenna.com\/#website"},"datePublished":"2023-08-26T17:07:57+00:00","dateModified":"2023-12-28T04:53:36+00:00","breadcrumb":{"@id":"https:\/\/cardenna.com\/?page_id=45218#breadcrumb"},"inLanguage":"es","potentialAction":[{"@type":"ReadAction","target":["https:\/\/cardenna.com\/?page_id=45218"]}]},{"@type":"BreadcrumbList","@id":"https:\/\/cardenna.com\/?page_id=45218#breadcrumb","itemListElement":[{"@type":"ListItem","position":1,"name":"Inicio","item":"https:\/\/cardenna.com\/"},{"@type":"ListItem","position":2,"name":"Piedra"}]},{"@type":"WebSite","@id":"https:\/\/cardenna.com\/#website","url":"https:\/\/cardenna.com\/","name":"Cardenna","description":"Arte Mexicano","potentialAction":[{"@type":"SearchAction","target":{"@type":"EntryPoint","urlTemplate":"https:\/\/cardenna.com\/?s={search_term_string}"},"query-input":{"@type":"PropertyValueSpecification","valueRequired":true,"valueName":"search_term_string"}}],"inLanguage":"es"}]}},"lang":"es","translations":{"es":45218,"en":46141},"pll_sync_post":[],"_links":{"self":[{"href":"https:\/\/cardenna.com\/index.php?rest_route=\/wp\/v2\/pages\/45218","targetHints":{"allow":["GET"]}}],"collection":[{"href":"https:\/\/cardenna.com\/index.php?rest_route=\/wp\/v2\/pages"}],"about":[{"href":"https:\/\/cardenna.com\/index.php?rest_route=\/wp\/v2\/types\/page"}],"author":[{"embeddable":true,"href":"https:\/\/cardenna.com\/index.php?rest_route=\/wp\/v2\/users\/1"}],"replies":[{"embeddable":true,"href":"https:\/\/cardenna.com\/index.php?rest_route=%2Fwp%2Fv2%2Fcomments&post=45218"}],"version-history":[{"count":0,"href":"https:\/\/cardenna.com\/index.php?rest_route=\/wp\/v2\/pages\/45218\/revisions"}],"wp:attachment":[{"href":"https:\/\/cardenna.com\/index.php?rest_route=%2Fwp%2Fv2%2Fmedia&parent=45218"}],"curies":[{"name":"wp","href":"https:\/\/api.w.org\/{rel}","templated":true}]}}